{"id":19818,"date":"2021-08-13T20:47:48","date_gmt":"2021-08-13T18:47:48","guid":{"rendered":"https:\/\/wasayachts.com\/produkt\/bordsfaste-for-pedistal\/"},"modified":"2023-05-26T15:25:27","modified_gmt":"2023-05-26T13:25:27","slug":"bordsfaste-for-pedistal","status":"publish","type":"product","link":"https:\/\/wasayachts.com\/en\/product\/bordsfaste-for-pedistal\/","title":{"rendered":"Bordsf\u00e4ste f\u00f6r pedistal"},"content":{"rendered":"<p>Passar pedistalb\u00e5ge<\/p>\n<p>F\u00e4stet borras fast p\u00e5 b\u00e5gen.<\/p>\n<p>290x 65x 45 mm<\/p>","protected":false},"excerpt":{"rendered":"<p>Passar pedistalb\u00e5ge F\u00e4stet borras fast p\u00e5 b\u00e5gen. 290x 65x 45 mm<\/p>","protected":false},"featured_media":19819,"comment_status":"closed","ping_status":"closed","template":"","meta":[],"product_brand":[],"product_cat":[446,428,445],"product_tag":[],"class_list":{"0":"post-19818","1":"product","2":"type-product","3":"status-publish","4":"has-post-thumbnail","6":"product_cat-teakdetaljer","7":"product_cat-begagnade-batdelar","8":"product_cat-interior","10":"first","11":"instock","12":"taxable","13":"shipping-taxable","14":"purchasable","15":"product-type-simple"},"_links":{"self":[{"href":"https:\/\/wasayachts.com\/en\/wp-json\/wp\/v2\/product\/19818","targetHints":{"allow":["GET"]}}],"collection":[{"href":"https:\/\/wasayachts.com\/en\/wp-json\/wp\/v2\/product"}],"about":[{"href":"https:\/\/wasayachts.com\/en\/wp-json\/wp\/v2\/types\/product"}],"replies":[{"embeddable":true,"href":"https:\/\/wasayachts.com\/en\/wp-json\/wp\/v2\/comments?post=19818"}],"wp:featuredmedia":[{"embeddable":true,"href":"https:\/\/wasayachts.com\/en\/wp-json\/wp\/v2\/media\/19819"}],"wp:attachment":[{"href":"https:\/\/wasayachts.com\/en\/wp-json\/wp\/v2\/media?parent=19818"}],"wp:term":[{"taxonomy":"product_brand","embeddable":true,"href":"https:\/\/wasayachts.com\/en\/wp-json\/wp\/v2\/product_brand?post=19818"},{"taxonomy":"product_cat","embeddable":true,"href":"https:\/\/wasayachts.com\/en\/wp-json\/wp\/v2\/product_cat?post=19818"},{"taxonomy":"product_tag","embeddable":true,"href":"https:\/\/wasayachts.com\/en\/wp-json\/wp\/v2\/product_tag?post=19818"}],"curies":[{"name":"wp","href":"https:\/\/api.w.org\/{rel}","templated":true}]}}