{"id":20199,"date":"2021-08-15T21:00:15","date_gmt":"2021-08-15T19:00:15","guid":{"rendered":"https:\/\/wasayachts.com\/produkt\/skaplucka-9\/"},"modified":"2024-09-06T14:42:42","modified_gmt":"2024-09-06T12:42:42","slug":"skaplucka-9","status":"publish","type":"product","link":"https:\/\/wasayachts.com\/en\/product\/skaplucka-9\/","title":{"rendered":"Sk\u00e5plucka h\u00f6gerh\u00e4ngd"},"content":{"rendered":"<p>&nbsp;<\/p>\n<p>teak lackad<\/p>\n<p>bredd 280<\/p>\n<p>H\u00f6jd 275<\/p>\n<p>Dim 18<\/p>\n<p>&nbsp;<\/p>\n<p>&nbsp;<\/p>\n<p>&nbsp;<\/p>\n<p>&nbsp;<\/p>\n<p>&nbsp;<\/p>\n<p>&nbsp;<\/p>\n<p>&nbsp;<\/p>","protected":false},"excerpt":{"rendered":"<p>&nbsp; teak lackad bredd 280 H\u00f6jd 275 Dim 18 &nbsp; &nbsp; &nbsp; &nbsp; &nbsp; &nbsp; &nbsp;<\/p>","protected":false},"featured_media":20200,"comment_status":"closed","ping_status":"closed","template":"","meta":[],"product_brand":[],"product_cat":[461,428,445],"product_tag":[],"class_list":{"0":"post-20199","1":"product","2":"type-product","3":"status-publish","4":"has-post-thumbnail","6":"product_cat-dorrar-luckor-fronter","7":"product_cat-begagnade-batdelar","8":"product_cat-interior","10":"first","11":"instock","12":"taxable","13":"shipping-taxable","14":"purchasable","15":"product-type-simple"},"_links":{"self":[{"href":"https:\/\/wasayachts.com\/en\/wp-json\/wp\/v2\/product\/20199","targetHints":{"allow":["GET"]}}],"collection":[{"href":"https:\/\/wasayachts.com\/en\/wp-json\/wp\/v2\/product"}],"about":[{"href":"https:\/\/wasayachts.com\/en\/wp-json\/wp\/v2\/types\/product"}],"replies":[{"embeddable":true,"href":"https:\/\/wasayachts.com\/en\/wp-json\/wp\/v2\/comments?post=20199"}],"wp:featuredmedia":[{"embeddable":true,"href":"https:\/\/wasayachts.com\/en\/wp-json\/wp\/v2\/media\/20200"}],"wp:attachment":[{"href":"https:\/\/wasayachts.com\/en\/wp-json\/wp\/v2\/media?parent=20199"}],"wp:term":[{"taxonomy":"product_brand","embeddable":true,"href":"https:\/\/wasayachts.com\/en\/wp-json\/wp\/v2\/product_brand?post=20199"},{"taxonomy":"product_cat","embeddable":true,"href":"https:\/\/wasayachts.com\/en\/wp-json\/wp\/v2\/product_cat?post=20199"},{"taxonomy":"product_tag","embeddable":true,"href":"https:\/\/wasayachts.com\/en\/wp-json\/wp\/v2\/product_tag?post=20199"}],"curies":[{"name":"wp","href":"https:\/\/api.w.org\/{rel}","templated":true}]}}