{"id":20273,"date":"2021-10-21T13:53:38","date_gmt":"2021-10-21T11:53:38","guid":{"rendered":"https:\/\/wasayachts.com\/produkt\/genua-2\/"},"modified":"2025-03-21T12:08:57","modified_gmt":"2025-03-21T11:08:57","slug":"genua-2","status":"publish","type":"product","link":"https:\/\/wasayachts.com\/en\/product\/genua-2\/","title":{"rendered":"Genua 1 Medium ca 38 kvm f\u00f6rlik 13,6m"},"content":{"rendered":"<p>F\u00f6rsegel i Kevlar<br \/>\nI<br \/>\nJ<br \/>\nP<br \/>\nE<br \/>\nF\u00f6rlik 13,6 Meter<br \/>\nAkterlik 12,90 Meter<br \/>\nUnderlik 5,7 Meter<br \/>\nYta CA 38 Kv-meter<br \/>\nF\u00f6rlikssystem profilband passar bla furlex<br \/>\nMaterial kevlar<br \/>\nFabrikat North<br \/>\nBra Skick<br \/>\nSeglet \u00e4r utan synliga h\u00e5l<br \/>\nHar suttit p\u00e5 40 fotsb\u00e5t 7\/8 dels rigg<br \/>\nFinns en st\u00e4mpel fr\u00e5n \u00e5r 2001<\/p>","protected":false},"excerpt":{"rendered":"<p>F\u00f6rsegel i Kevlar I J P E F\u00f6rlik 13,6 Meter Akterlik 12,90 Meter Underlik 5,7 Meter Yta CA 38 Kv-meter F\u00f6rlikssystem profilband passar bla furlex Material kevlar Fabrikat North Bra Skick Seglet \u00e4r utan synliga h\u00e5l Har suttit p\u00e5 40 fotsb\u00e5t 7\/8 dels rigg Finns en st\u00e4mpel fr\u00e5n \u00e5r 2001<\/p>","protected":false},"featured_media":20274,"comment_status":"closed","ping_status":"closed","template":"","meta":[],"product_brand":[],"product_cat":[399,428,411],"product_tag":[],"class_list":{"0":"post-20273","1":"product","2":"type-product","3":"status-publish","4":"has-post-thumbnail","6":"product_cat-forsegel","7":"product_cat-begagnade-batdelar","8":"product_cat-segel","10":"first","11":"outofstock","12":"taxable","13":"shipping-taxable","14":"purchasable","15":"product-type-simple"},"_links":{"self":[{"href":"https:\/\/wasayachts.com\/en\/wp-json\/wp\/v2\/product\/20273","targetHints":{"allow":["GET"]}}],"collection":[{"href":"https:\/\/wasayachts.com\/en\/wp-json\/wp\/v2\/product"}],"about":[{"href":"https:\/\/wasayachts.com\/en\/wp-json\/wp\/v2\/types\/product"}],"replies":[{"embeddable":true,"href":"https:\/\/wasayachts.com\/en\/wp-json\/wp\/v2\/comments?post=20273"}],"wp:featuredmedia":[{"embeddable":true,"href":"https:\/\/wasayachts.com\/en\/wp-json\/wp\/v2\/media\/20274"}],"wp:attachment":[{"href":"https:\/\/wasayachts.com\/en\/wp-json\/wp\/v2\/media?parent=20273"}],"wp:term":[{"taxonomy":"product_brand","embeddable":true,"href":"https:\/\/wasayachts.com\/en\/wp-json\/wp\/v2\/product_brand?post=20273"},{"taxonomy":"product_cat","embeddable":true,"href":"https:\/\/wasayachts.com\/en\/wp-json\/wp\/v2\/product_cat?post=20273"},{"taxonomy":"product_tag","embeddable":true,"href":"https:\/\/wasayachts.com\/en\/wp-json\/wp\/v2\/product_tag?post=20273"}],"curies":[{"name":"wp","href":"https:\/\/api.w.org\/{rel}","templated":true}]}}