{"id":20737,"date":"2022-04-08T11:36:55","date_gmt":"2022-04-08T09:36:55","guid":{"rendered":"https:\/\/wasayachts.com\/produkt\/spridare\/"},"modified":"2023-05-05T11:42:18","modified_gmt":"2023-05-05T09:42:18","slug":"spridare","status":"publish","type":"product","link":"https:\/\/wasayachts.com\/en\/product\/spridare\/","title":{"rendered":"Spridare"},"content":{"rendered":"<p>Olika spridare fr\u00e5n \u00f6vriga<\/p>\n<p>Diverse spridare ta med din gamla och se om n\u00e5gon passar.<br \/>\nKom ned till varvet f\u00f6r att k\u00f6pa n\u00e5gon av dessa.<br \/>\nPriset \u00e4r per styck 1000 kr ink moms.<\/p>","protected":false},"excerpt":{"rendered":"<p>Olika spridare fr\u00e5n \u00f6vriga Diverse spridare ta med din gamla och se om n\u00e5gon passar. Kom ned till varvet f\u00f6r att k\u00f6pa n\u00e5gon av dessa. Priset \u00e4r per styck 1000 kr ink moms.<\/p>","protected":false},"featured_media":20738,"comment_status":"closed","ping_status":"open","template":"","meta":[],"product_brand":[],"product_cat":[421,428,417],"product_tag":[],"class_list":{"0":"post-20737","1":"product","2":"type-product","3":"status-publish","4":"has-post-thumbnail","6":"product_cat-master","7":"product_cat-begagnade-batdelar","8":"product_cat-mast-och-rigg","10":"first","11":"instock","12":"taxable","13":"shipping-taxable","14":"purchasable","15":"product-type-simple"},"_links":{"self":[{"href":"https:\/\/wasayachts.com\/en\/wp-json\/wp\/v2\/product\/20737","targetHints":{"allow":["GET"]}}],"collection":[{"href":"https:\/\/wasayachts.com\/en\/wp-json\/wp\/v2\/product"}],"about":[{"href":"https:\/\/wasayachts.com\/en\/wp-json\/wp\/v2\/types\/product"}],"replies":[{"embeddable":true,"href":"https:\/\/wasayachts.com\/en\/wp-json\/wp\/v2\/comments?post=20737"}],"wp:featuredmedia":[{"embeddable":true,"href":"https:\/\/wasayachts.com\/en\/wp-json\/wp\/v2\/media\/20738"}],"wp:attachment":[{"href":"https:\/\/wasayachts.com\/en\/wp-json\/wp\/v2\/media?parent=20737"}],"wp:term":[{"taxonomy":"product_brand","embeddable":true,"href":"https:\/\/wasayachts.com\/en\/wp-json\/wp\/v2\/product_brand?post=20737"},{"taxonomy":"product_cat","embeddable":true,"href":"https:\/\/wasayachts.com\/en\/wp-json\/wp\/v2\/product_cat?post=20737"},{"taxonomy":"product_tag","embeddable":true,"href":"https:\/\/wasayachts.com\/en\/wp-json\/wp\/v2\/product_tag?post=20737"}],"curies":[{"name":"wp","href":"https:\/\/api.w.org\/{rel}","templated":true}]}}