{"id":20773,"date":"2022-05-01T18:29:37","date_gmt":"2022-05-01T16:29:37","guid":{"rendered":"https:\/\/wasayachts.com\/produkt\/solcellsregulator\/"},"modified":"2023-05-05T11:42:18","modified_gmt":"2023-05-05T09:42:18","slug":"solcellsregulator","status":"publish","type":"product","link":"https:\/\/wasayachts.com\/en\/product\/solcellsregulator\/","title":{"rendered":"Solcellsregulator"},"content":{"rendered":"<p>\u00e4r testad och fungerar<\/p>\n<p>Det som s\u00e4ljs \u00e4r delarna p\u00e5 bild.<br \/>\nFri returr\u00e4tt pengarna \u00e5ter exkl frakt<\/p>","protected":false},"excerpt":{"rendered":"<p>\u00e4r testad och fungerar Det som s\u00e4ljs \u00e4r delarna p\u00e5 bild. Fri returr\u00e4tt pengarna \u00e5ter exkl frakt<\/p>","protected":false},"featured_media":20774,"comment_status":"closed","ping_status":"open","template":"","meta":[],"product_brand":[],"product_cat":[437,428,425],"product_tag":[],"class_list":{"0":"post-20773","1":"product","2":"type-product","3":"status-publish","4":"has-post-thumbnail","6":"product_cat-ventilation","7":"product_cat-begagnade-batdelar","8":"product_cat-elektronik-och-instrument","10":"first","11":"instock","12":"taxable","13":"shipping-taxable","14":"purchasable","15":"product-type-simple"},"_links":{"self":[{"href":"https:\/\/wasayachts.com\/en\/wp-json\/wp\/v2\/product\/20773","targetHints":{"allow":["GET"]}}],"collection":[{"href":"https:\/\/wasayachts.com\/en\/wp-json\/wp\/v2\/product"}],"about":[{"href":"https:\/\/wasayachts.com\/en\/wp-json\/wp\/v2\/types\/product"}],"replies":[{"embeddable":true,"href":"https:\/\/wasayachts.com\/en\/wp-json\/wp\/v2\/comments?post=20773"}],"wp:featuredmedia":[{"embeddable":true,"href":"https:\/\/wasayachts.com\/en\/wp-json\/wp\/v2\/media\/20774"}],"wp:attachment":[{"href":"https:\/\/wasayachts.com\/en\/wp-json\/wp\/v2\/media?parent=20773"}],"wp:term":[{"taxonomy":"product_brand","embeddable":true,"href":"https:\/\/wasayachts.com\/en\/wp-json\/wp\/v2\/product_brand?post=20773"},{"taxonomy":"product_cat","embeddable":true,"href":"https:\/\/wasayachts.com\/en\/wp-json\/wp\/v2\/product_cat?post=20773"},{"taxonomy":"product_tag","embeddable":true,"href":"https:\/\/wasayachts.com\/en\/wp-json\/wp\/v2\/product_tag?post=20773"}],"curies":[{"name":"wp","href":"https:\/\/api.w.org\/{rel}","templated":true}]}}