{"id":20777,"date":"2022-05-01T18:37:38","date_gmt":"2022-05-01T16:37:38","guid":{"rendered":"https:\/\/wasayachts.com\/produkt\/solcellsregulator-2\/"},"modified":"2024-08-12T21:06:52","modified_gmt":"2024-08-12T19:06:52","slug":"solcellsregulator-2","status":"publish","type":"product","link":"https:\/\/wasayachts.com\/en\/product\/solcellsregulator-2\/","title":{"rendered":"Solcellsregulator"},"content":{"rendered":"<p>\u00e4r testad och fungerar<\/p>\n<p>Det som s\u00e4ljs \u00e4r delarna p\u00e5 bild.<br \/>\nFri returr\u00e4tt pengarna \u00e5ter exkl frakt<\/p>","protected":false},"excerpt":{"rendered":"<p>\u00e4r testad och fungerar Det som s\u00e4ljs \u00e4r delarna p\u00e5 bild. Fri returr\u00e4tt pengarna \u00e5ter exkl frakt<\/p>","protected":false},"featured_media":20778,"comment_status":"closed","ping_status":"closed","template":"","meta":[],"product_brand":[],"product_cat":[437,428,425],"product_tag":[],"class_list":{"0":"post-20777","1":"product","2":"type-product","3":"status-publish","4":"has-post-thumbnail","6":"product_cat-ventilation","7":"product_cat-begagnade-batdelar","8":"product_cat-elektronik-och-instrument","10":"first","11":"instock","12":"taxable","13":"shipping-taxable","14":"purchasable","15":"product-type-simple"},"_links":{"self":[{"href":"https:\/\/wasayachts.com\/en\/wp-json\/wp\/v2\/product\/20777","targetHints":{"allow":["GET"]}}],"collection":[{"href":"https:\/\/wasayachts.com\/en\/wp-json\/wp\/v2\/product"}],"about":[{"href":"https:\/\/wasayachts.com\/en\/wp-json\/wp\/v2\/types\/product"}],"replies":[{"embeddable":true,"href":"https:\/\/wasayachts.com\/en\/wp-json\/wp\/v2\/comments?post=20777"}],"wp:featuredmedia":[{"embeddable":true,"href":"https:\/\/wasayachts.com\/en\/wp-json\/wp\/v2\/media\/20778"}],"wp:attachment":[{"href":"https:\/\/wasayachts.com\/en\/wp-json\/wp\/v2\/media?parent=20777"}],"wp:term":[{"taxonomy":"product_brand","embeddable":true,"href":"https:\/\/wasayachts.com\/en\/wp-json\/wp\/v2\/product_brand?post=20777"},{"taxonomy":"product_cat","embeddable":true,"href":"https:\/\/wasayachts.com\/en\/wp-json\/wp\/v2\/product_cat?post=20777"},{"taxonomy":"product_tag","embeddable":true,"href":"https:\/\/wasayachts.com\/en\/wp-json\/wp\/v2\/product_tag?post=20777"}],"curies":[{"name":"wp","href":"https:\/\/api.w.org\/{rel}","templated":true}]}}