{"id":20833,"date":"2022-05-03T19:22:33","date_gmt":"2022-05-03T17:22:33","guid":{"rendered":"https:\/\/wasayachts.com\/produkt\/suzuki-8-hkr\/"},"modified":"2025-03-04T13:14:12","modified_gmt":"2025-03-04T12:14:12","slug":"suzuki-8-hk","status":"publish","type":"product","link":"https:\/\/wasayachts.com\/en\/product\/suzuki-8-hk\/","title":{"rendered":"Suzuki 8 hk"},"content":{"rendered":"<p>h\u00f6jd akterspelsupph\u00e4ngning kaviationsplatta 43 cm (standardrigg)<\/p>\n<p>Begagnad utombordare Suzuki 8 hk<\/p>\n<p>Provk\u00f6rd och fungerar, startas upp p\u00e5 Pall vid k\u00f6p.<\/p>\n<p>S\u00e4ljes som reservdelsmotor\/reparationsobjekt utan garanti .<\/p>\n<p>\u00d6ppet k\u00f6p i tre m\u00e5nader.<\/p>\n<p>Motorn k\u00f6pes och h\u00e4mtas hos oss och vid retur \u00e5terl\u00e4mnas hit.<\/p>\n<p>Suz 01<\/p>","protected":false},"excerpt":{"rendered":"<p>h\u00f6jd akterspelsupph\u00e4ngning kaviationsplatta 43 cm (standardrigg) Begagnad utombordare Suzuki 8 hk Provk\u00f6rd och fungerar, startas upp p\u00e5 Pall vid k\u00f6p. S\u00e4ljes som reservdelsmotor\/reparationsobjekt utan garanti . \u00d6ppet k\u00f6p i tre m\u00e5nader. Motorn k\u00f6pes och h\u00e4mtas hos oss och vid retur \u00e5terl\u00e4mnas hit. Suz 01<\/p>","protected":false},"featured_media":20834,"comment_status":"closed","ping_status":"closed","template":"","meta":[],"product_brand":[],"product_cat":[456,428,426,431],"product_tag":[],"class_list":{"0":"post-20833","1":"product","2":"type-product","3":"status-publish","4":"has-post-thumbnail","6":"product_cat-utombordare-2","7":"product_cat-begagnade-batdelar","8":"product_cat-motorer-2","9":"product_cat-motordelar","10":"product_shipping_class-hamtning","12":"first","13":"instock","14":"taxable","15":"shipping-taxable","16":"purchasable","17":"product-type-simple"},"_links":{"self":[{"href":"https:\/\/wasayachts.com\/en\/wp-json\/wp\/v2\/product\/20833","targetHints":{"allow":["GET"]}}],"collection":[{"href":"https:\/\/wasayachts.com\/en\/wp-json\/wp\/v2\/product"}],"about":[{"href":"https:\/\/wasayachts.com\/en\/wp-json\/wp\/v2\/types\/product"}],"replies":[{"embeddable":true,"href":"https:\/\/wasayachts.com\/en\/wp-json\/wp\/v2\/comments?post=20833"}],"wp:featuredmedia":[{"embeddable":true,"href":"https:\/\/wasayachts.com\/en\/wp-json\/wp\/v2\/media\/20834"}],"wp:attachment":[{"href":"https:\/\/wasayachts.com\/en\/wp-json\/wp\/v2\/media?parent=20833"}],"wp:term":[{"taxonomy":"product_brand","embeddable":true,"href":"https:\/\/wasayachts.com\/en\/wp-json\/wp\/v2\/product_brand?post=20833"},{"taxonomy":"product_cat","embeddable":true,"href":"https:\/\/wasayachts.com\/en\/wp-json\/wp\/v2\/product_cat?post=20833"},{"taxonomy":"product_tag","embeddable":true,"href":"https:\/\/wasayachts.com\/en\/wp-json\/wp\/v2\/product_tag?post=20833"}],"curies":[{"name":"wp","href":"https:\/\/api.w.org\/{rel}","templated":true}]}}