{"id":21128,"date":"2022-06-07T15:10:04","date_gmt":"2022-06-07T13:10:04","guid":{"rendered":"https:\/\/wasayachts.com\/produkt\/mob-knapp-man-over-bord\/"},"modified":"2024-10-28T12:50:23","modified_gmt":"2024-10-28T11:50:23","slug":"mob-knapp-man-over-bord","status":"publish","type":"product","link":"https:\/\/wasayachts.com\/en\/product\/mob-knapp-man-over-bord\/","title":{"rendered":"Raytheon\/Raymarine Mob knapp man \u00f6ver bord"},"content":{"rendered":"<p>Kontrollerad och fungerar<\/p>\n<p>Fri returr\u00e4tt i tv\u00e5 m\u00e5nader,<br \/>\npengar \u00e5ter exklusive frakt<\/p>","protected":false},"excerpt":{"rendered":"<p>Kontrollerad och fungerar Fri returr\u00e4tt i tv\u00e5 m\u00e5nader, pengar \u00e5ter exklusive frakt<\/p>","protected":false},"featured_media":21129,"comment_status":"closed","ping_status":"closed","template":"","meta":[],"product_brand":[],"product_cat":[460,428,425],"product_tag":[],"class_list":{"0":"post-21128","1":"product","2":"type-product","3":"status-publish","4":"has-post-thumbnail","6":"product_cat-givare-displayer","7":"product_cat-begagnade-batdelar","8":"product_cat-elektronik-och-instrument","10":"first","11":"instock","12":"taxable","13":"shipping-taxable","14":"purchasable","15":"product-type-simple"},"_links":{"self":[{"href":"https:\/\/wasayachts.com\/en\/wp-json\/wp\/v2\/product\/21128","targetHints":{"allow":["GET"]}}],"collection":[{"href":"https:\/\/wasayachts.com\/en\/wp-json\/wp\/v2\/product"}],"about":[{"href":"https:\/\/wasayachts.com\/en\/wp-json\/wp\/v2\/types\/product"}],"replies":[{"embeddable":true,"href":"https:\/\/wasayachts.com\/en\/wp-json\/wp\/v2\/comments?post=21128"}],"wp:featuredmedia":[{"embeddable":true,"href":"https:\/\/wasayachts.com\/en\/wp-json\/wp\/v2\/media\/21129"}],"wp:attachment":[{"href":"https:\/\/wasayachts.com\/en\/wp-json\/wp\/v2\/media?parent=21128"}],"wp:term":[{"taxonomy":"product_brand","embeddable":true,"href":"https:\/\/wasayachts.com\/en\/wp-json\/wp\/v2\/product_brand?post=21128"},{"taxonomy":"product_cat","embeddable":true,"href":"https:\/\/wasayachts.com\/en\/wp-json\/wp\/v2\/product_cat?post=21128"},{"taxonomy":"product_tag","embeddable":true,"href":"https:\/\/wasayachts.com\/en\/wp-json\/wp\/v2\/product_tag?post=21128"}],"curies":[{"name":"wp","href":"https:\/\/api.w.org\/{rel}","templated":true}]}}