{"id":21180,"date":"2022-07-04T15:34:33","date_gmt":"2022-07-04T13:34:33","guid":{"rendered":"https:\/\/wasayachts.com\/produkt\/spinnacker-ca-140-kvm\/"},"modified":"2024-01-29T12:57:48","modified_gmt":"2024-01-29T11:57:48","slug":"spinnacker-ca-140-kvm","status":"publish","type":"product","link":"https:\/\/wasayachts.com\/en\/product\/spinnacker-ca-140-kvm\/","title":{"rendered":"Spinnacker ca 140 kvm"},"content":{"rendered":"<p>Spinnacker fr\u00e5n Wasa 410<br \/>\nPassar till 40 fots b\u00e5t<\/p>\n<p>sidolik 16 m<br \/>\nBottenlik 8,80 meter<br \/>\nSpinnackern \u00e4r hel och ren men det \u00e4r inget racingsegel. Finns sm\u00e5 lagningar.<br \/>\nKan med f\u00f6rdel anv\u00e4ndas f\u00f6r cruisingsegling \/ reservspinnacker<br \/>\nFri returr\u00e4tt inom en m\u00e5nad om du inte \u00e4r n\u00f6jd<\/p>","protected":false},"excerpt":{"rendered":"<p>Spinnacker fr\u00e5n Wasa 410 Passar till 40 fots b\u00e5t sidolik 16 m Bottenlik 8,80 meter Spinnackern \u00e4r hel och ren men det \u00e4r inget racingsegel. Finns sm\u00e5 lagningar. Kan med f\u00f6rdel anv\u00e4ndas f\u00f6r cruisingsegling \/ reservspinnacker Fri returr\u00e4tt inom en m\u00e5nad om du inte \u00e4r n\u00f6jd<\/p>","protected":false},"featured_media":21181,"comment_status":"closed","ping_status":"closed","template":"","meta":[],"product_brand":[],"product_cat":[401,428,411],"product_tag":[],"class_list":{"0":"post-21180","1":"product","2":"type-product","3":"status-publish","4":"has-post-thumbnail","6":"product_cat-spinnaker","7":"product_cat-begagnade-batdelar","8":"product_cat-segel","10":"first","11":"outofstock","12":"taxable","13":"shipping-taxable","14":"purchasable","15":"product-type-simple"},"_links":{"self":[{"href":"https:\/\/wasayachts.com\/en\/wp-json\/wp\/v2\/product\/21180","targetHints":{"allow":["GET"]}}],"collection":[{"href":"https:\/\/wasayachts.com\/en\/wp-json\/wp\/v2\/product"}],"about":[{"href":"https:\/\/wasayachts.com\/en\/wp-json\/wp\/v2\/types\/product"}],"replies":[{"embeddable":true,"href":"https:\/\/wasayachts.com\/en\/wp-json\/wp\/v2\/comments?post=21180"}],"wp:featuredmedia":[{"embeddable":true,"href":"https:\/\/wasayachts.com\/en\/wp-json\/wp\/v2\/media\/21181"}],"wp:attachment":[{"href":"https:\/\/wasayachts.com\/en\/wp-json\/wp\/v2\/media?parent=21180"}],"wp:term":[{"taxonomy":"product_brand","embeddable":true,"href":"https:\/\/wasayachts.com\/en\/wp-json\/wp\/v2\/product_brand?post=21180"},{"taxonomy":"product_cat","embeddable":true,"href":"https:\/\/wasayachts.com\/en\/wp-json\/wp\/v2\/product_cat?post=21180"},{"taxonomy":"product_tag","embeddable":true,"href":"https:\/\/wasayachts.com\/en\/wp-json\/wp\/v2\/product_tag?post=21180"}],"curies":[{"name":"wp","href":"https:\/\/api.w.org\/{rel}","templated":true}]}}