{"id":21252,"date":"2022-07-04T18:05:22","date_gmt":"2022-07-04T16:05:22","guid":{"rendered":"https:\/\/wasayachts.com\/produkt\/mercruiser-vaxelhus\/"},"modified":"2025-11-11T16:03:21","modified_gmt":"2025-11-11T15:03:21","slug":"mercruiser-vaxelhus","status":"publish","type":"product","link":"https:\/\/wasayachts.com\/en\/product\/mercruiser-vaxelhus\/","title":{"rendered":"Underv\u00e4xel Mercruiser v\u00e4xelhus SEI Artikelnummer: 90-205-B20M"},"content":{"rendered":"<p>Mecruiser \/ Mercury<\/p>\n<p>Drevet \u00e4r oanv\u00e4nt<\/p>\n<p>Artikelnummer: 90-205-B20M<\/p>\n<p>70-125 hk 2-takt L-rigg (20&#8243;)<br \/>\nUtv\u00e4xling: 2.31:1\/ 2.33:1<br \/>\nAntal splines drivaxel: 13<br \/>\nL\u00e4ngd drivaxel: 22 3\/8&#8243;<br \/>\nAntal kuggar p\u00e5 drev: 13-30 \/ 12-28<br \/>\nPropellerhus\/ propellerkona: 4 1\/4&#8243;<br \/>\nStandard rotation (RH)<\/p>","protected":false},"excerpt":{"rendered":"<p>Mecruiser \/ Mercury Drevet \u00e4r oanv\u00e4nt Artikelnummer: 90-205-B20M 70-125 hk 2-takt L-rigg (20&#8243;) Utv\u00e4xling: 2.31:1\/ 2.33:1 Antal splines drivaxel: 13 L\u00e4ngd drivaxel: 22 3\/8&#8243; Antal kuggar p\u00e5 drev: 13-30 \/ 12-28 Propellerhus\/ propellerkona: 4 1\/4&#8243; Standard rotation (RH)<\/p>","protected":false},"featured_media":21253,"comment_status":"closed","ping_status":"closed","template":"","meta":[],"product_brand":[],"product_cat":[402,428,412],"product_tag":[],"class_list":{"0":"post-21252","1":"product","2":"type-product","3":"status-publish","4":"has-post-thumbnail","6":"product_cat-drev-backslag","7":"product_cat-begagnade-batdelar","8":"product_cat-drev-och-drivlina","9":"product_shipping_class-hamtning","11":"first","12":"instock","13":"taxable","14":"shipping-taxable","15":"purchasable","16":"product-type-simple"},"_links":{"self":[{"href":"https:\/\/wasayachts.com\/en\/wp-json\/wp\/v2\/product\/21252","targetHints":{"allow":["GET"]}}],"collection":[{"href":"https:\/\/wasayachts.com\/en\/wp-json\/wp\/v2\/product"}],"about":[{"href":"https:\/\/wasayachts.com\/en\/wp-json\/wp\/v2\/types\/product"}],"replies":[{"embeddable":true,"href":"https:\/\/wasayachts.com\/en\/wp-json\/wp\/v2\/comments?post=21252"}],"wp:featuredmedia":[{"embeddable":true,"href":"https:\/\/wasayachts.com\/en\/wp-json\/wp\/v2\/media\/21253"}],"wp:attachment":[{"href":"https:\/\/wasayachts.com\/en\/wp-json\/wp\/v2\/media?parent=21252"}],"wp:term":[{"taxonomy":"product_brand","embeddable":true,"href":"https:\/\/wasayachts.com\/en\/wp-json\/wp\/v2\/product_brand?post=21252"},{"taxonomy":"product_cat","embeddable":true,"href":"https:\/\/wasayachts.com\/en\/wp-json\/wp\/v2\/product_cat?post=21252"},{"taxonomy":"product_tag","embeddable":true,"href":"https:\/\/wasayachts.com\/en\/wp-json\/wp\/v2\/product_tag?post=21252"}],"curies":[{"name":"wp","href":"https:\/\/api.w.org\/{rel}","templated":true}]}}