{"id":21257,"date":"2022-07-04T18:36:27","date_gmt":"2022-07-04T16:36:27","guid":{"rendered":"https:\/\/wasayachts.com\/produkt\/genua-111-fock-3\/"},"modified":"2025-10-02T13:17:11","modified_gmt":"2025-10-02T11:17:11","slug":"genua-111-fock-3","status":"publish","type":"product","link":"https:\/\/wasayachts.com\/en\/product\/genua-111-fock-3\/","title":{"rendered":"Genua 111 Fock ca 13 kvm f\u00f6rlik 9,75 m"},"content":{"rendered":"<p>F\u00f6rsegel med hakar<\/p>\n<p>Akterlik 8.95 mtr<br \/>\nF\u00f6rlik 9.75 mtr<br \/>\nUnderlik 2.85 mtr<br \/>\nett m\u00e4rke i toppen<\/p>\n<p>kommer fr\u00e5n X-95<\/p>\n<p>Fl\u00e4ck i seglets topp se bild<br \/>\nYta CA 13 kvm<br \/>\nhakar<br \/>\nMaterial Dacron<\/p>\n<p>Seglet \u00e4r utan synliga h\u00e5l<\/p>","protected":false},"excerpt":{"rendered":"<p>F\u00f6rsegel med hakar Akterlik 8.95 mtr F\u00f6rlik 9.75 mtr Underlik 2.85 mtr ett m\u00e4rke i toppen kommer fr\u00e5n X-95 Fl\u00e4ck i seglets topp se bild Yta CA 13 kvm hakar Material Dacron Seglet \u00e4r utan synliga h\u00e5l<\/p>","protected":false},"featured_media":21258,"comment_status":"closed","ping_status":"closed","template":"","meta":[],"product_brand":[],"product_cat":[399,428,411],"product_tag":[],"class_list":{"0":"post-21257","1":"product","2":"type-product","3":"status-publish","4":"has-post-thumbnail","6":"product_cat-forsegel","7":"product_cat-begagnade-batdelar","8":"product_cat-segel","10":"first","11":"outofstock","12":"taxable","13":"shipping-taxable","14":"purchasable","15":"product-type-simple"},"_links":{"self":[{"href":"https:\/\/wasayachts.com\/en\/wp-json\/wp\/v2\/product\/21257","targetHints":{"allow":["GET"]}}],"collection":[{"href":"https:\/\/wasayachts.com\/en\/wp-json\/wp\/v2\/product"}],"about":[{"href":"https:\/\/wasayachts.com\/en\/wp-json\/wp\/v2\/types\/product"}],"replies":[{"embeddable":true,"href":"https:\/\/wasayachts.com\/en\/wp-json\/wp\/v2\/comments?post=21257"}],"wp:featuredmedia":[{"embeddable":true,"href":"https:\/\/wasayachts.com\/en\/wp-json\/wp\/v2\/media\/21258"}],"wp:attachment":[{"href":"https:\/\/wasayachts.com\/en\/wp-json\/wp\/v2\/media?parent=21257"}],"wp:term":[{"taxonomy":"product_brand","embeddable":true,"href":"https:\/\/wasayachts.com\/en\/wp-json\/wp\/v2\/product_brand?post=21257"},{"taxonomy":"product_cat","embeddable":true,"href":"https:\/\/wasayachts.com\/en\/wp-json\/wp\/v2\/product_cat?post=21257"},{"taxonomy":"product_tag","embeddable":true,"href":"https:\/\/wasayachts.com\/en\/wp-json\/wp\/v2\/product_tag?post=21257"}],"curies":[{"name":"wp","href":"https:\/\/api.w.org\/{rel}","templated":true}]}}