{"id":21272,"date":"2022-07-04T19:00:02","date_gmt":"2022-07-04T17:00:02","guid":{"rendered":"https:\/\/wasayachts.com\/produkt\/storsegel-kopia\/"},"modified":"2025-09-05T14:38:47","modified_gmt":"2025-09-05T12:38:47","slug":"storsegel-kopia","status":"publish","type":"product","link":"https:\/\/wasayachts.com\/en\/product\/storsegel-kopia\/","title":{"rendered":"Storsegel ca 33 kvm f\u00f6rlik 14.0m"},"content":{"rendered":"<p>Storsegel<\/p>\n<p>AL 15.05 mtr<br \/>\nFL 14.0 mtr<br \/>\nUL 4.80 mtr<\/p>\n<p>Yta CA 33 Kv-meter<br \/>\nMaterial Dacron<\/p>\n<p>Seglet \u00e4r utan synliga h\u00e5l<br \/>\nHar suttit p\u00e5 36 fotsb\u00e5t 7\/8 dels rigg<br \/>\nPassar bland annat W38<\/p>","protected":false},"excerpt":{"rendered":"<p>Storsegel AL 15.05 mtr FL 14.0 mtr UL 4.80 mtr Yta CA 33 Kv-meter Material Dacron Seglet \u00e4r utan synliga h\u00e5l Har suttit p\u00e5 36 fotsb\u00e5t 7\/8 dels rigg Passar bland annat W38<\/p>","protected":false},"featured_media":21273,"comment_status":"closed","ping_status":"closed","template":"","meta":[],"product_brand":[],"product_cat":[400,428,411],"product_tag":[],"class_list":{"0":"post-21272","1":"product","2":"type-product","3":"status-publish","4":"has-post-thumbnail","6":"product_cat-storsegel","7":"product_cat-begagnade-batdelar","8":"product_cat-segel","10":"first","11":"outofstock","12":"taxable","13":"shipping-taxable","14":"purchasable","15":"product-type-simple"},"_links":{"self":[{"href":"https:\/\/wasayachts.com\/en\/wp-json\/wp\/v2\/product\/21272","targetHints":{"allow":["GET"]}}],"collection":[{"href":"https:\/\/wasayachts.com\/en\/wp-json\/wp\/v2\/product"}],"about":[{"href":"https:\/\/wasayachts.com\/en\/wp-json\/wp\/v2\/types\/product"}],"replies":[{"embeddable":true,"href":"https:\/\/wasayachts.com\/en\/wp-json\/wp\/v2\/comments?post=21272"}],"wp:featuredmedia":[{"embeddable":true,"href":"https:\/\/wasayachts.com\/en\/wp-json\/wp\/v2\/media\/21273"}],"wp:attachment":[{"href":"https:\/\/wasayachts.com\/en\/wp-json\/wp\/v2\/media?parent=21272"}],"wp:term":[{"taxonomy":"product_brand","embeddable":true,"href":"https:\/\/wasayachts.com\/en\/wp-json\/wp\/v2\/product_brand?post=21272"},{"taxonomy":"product_cat","embeddable":true,"href":"https:\/\/wasayachts.com\/en\/wp-json\/wp\/v2\/product_cat?post=21272"},{"taxonomy":"product_tag","embeddable":true,"href":"https:\/\/wasayachts.com\/en\/wp-json\/wp\/v2\/product_tag?post=21272"}],"curies":[{"name":"wp","href":"https:\/\/api.w.org\/{rel}","templated":true}]}}