{"id":21292,"date":"2022-07-04T19:40:25","date_gmt":"2022-07-04T17:40:25","guid":{"rendered":"https:\/\/wasayachts.com\/produkt\/genua-1\/"},"modified":"2026-03-27T10:29:55","modified_gmt":"2026-03-27T09:29:55","slug":"genua-1","status":"publish","type":"product","link":"https:\/\/wasayachts.com\/en\/product\/genua-1\/","title":{"rendered":"Genua 1 ca 55 kvm f\u00f6rlik 15,85 m"},"content":{"rendered":"<p>AkterLik 15.30 mtr<br \/>\nF\u00f6rlik 15.85 mtr<br \/>\nUnderlik 7.25 mtr<\/p>\n<p>Pistolhakar i f\u00f6rliket<\/p>\n<p>Yta CA 55 Kv-meter<br \/>\nMaterial Dacron<\/p>\n<p>Seglet \u00e4r utan synliga h\u00e5l<br \/>\nHar suttit p\u00e5 Wasa 410 &#8211; 420 masthead rigg.<\/p>\n<p>&nbsp;<\/p>\n<p data-start=\"141\" data-end=\"165\">Varan h\u00e4mtas p\u00e5 plats.<\/p>\n<p data-start=\"167\" data-end=\"252\">Specialfrakt kan ordnas enligt \u00f6verenskommelse. Kostnadsf\u00f6rslag l\u00e4mnas vid f\u00f6rfr\u00e5gan.<\/p>","protected":false},"excerpt":{"rendered":"<p>AkterLik 15.30 mtr F\u00f6rlik 15.85 mtr Underlik 7.25 mtr Pistolhakar i f\u00f6rliket Yta CA 55 Kv-meter Material Dacron Seglet \u00e4r utan synliga h\u00e5l Har suttit p\u00e5 Wasa 410 &#8211; 420 masthead rigg. &nbsp; Varan h\u00e4mtas p\u00e5 plats. Specialfrakt kan ordnas enligt \u00f6verenskommelse. Kostnadsf\u00f6rslag l\u00e4mnas vid f\u00f6rfr\u00e5gan.<\/p>","protected":false},"featured_media":21293,"comment_status":"closed","ping_status":"closed","template":"","meta":[],"product_brand":[],"product_cat":[399,428,411],"product_tag":[],"class_list":{"0":"post-21292","1":"product","2":"type-product","3":"status-publish","4":"has-post-thumbnail","6":"product_cat-forsegel","7":"product_cat-begagnade-batdelar","8":"product_cat-segel","9":"product_shipping_class-hamtning","11":"first","12":"instock","13":"taxable","14":"shipping-taxable","15":"purchasable","16":"product-type-simple"},"_links":{"self":[{"href":"https:\/\/wasayachts.com\/en\/wp-json\/wp\/v2\/product\/21292","targetHints":{"allow":["GET"]}}],"collection":[{"href":"https:\/\/wasayachts.com\/en\/wp-json\/wp\/v2\/product"}],"about":[{"href":"https:\/\/wasayachts.com\/en\/wp-json\/wp\/v2\/types\/product"}],"replies":[{"embeddable":true,"href":"https:\/\/wasayachts.com\/en\/wp-json\/wp\/v2\/comments?post=21292"}],"wp:featuredmedia":[{"embeddable":true,"href":"https:\/\/wasayachts.com\/en\/wp-json\/wp\/v2\/media\/21293"}],"wp:attachment":[{"href":"https:\/\/wasayachts.com\/en\/wp-json\/wp\/v2\/media?parent=21292"}],"wp:term":[{"taxonomy":"product_brand","embeddable":true,"href":"https:\/\/wasayachts.com\/en\/wp-json\/wp\/v2\/product_brand?post=21292"},{"taxonomy":"product_cat","embeddable":true,"href":"https:\/\/wasayachts.com\/en\/wp-json\/wp\/v2\/product_cat?post=21292"},{"taxonomy":"product_tag","embeddable":true,"href":"https:\/\/wasayachts.com\/en\/wp-json\/wp\/v2\/product_tag?post=21292"}],"curies":[{"name":"wp","href":"https:\/\/api.w.org\/{rel}","templated":true}]}}