{"id":21512,"date":"2022-09-06T18:40:18","date_gmt":"2022-09-06T16:40:18","guid":{"rendered":"https:\/\/wasayachts.com\/produkt\/motorpanel-volvo-penta-3\/"},"modified":"2025-03-28T13:46:26","modified_gmt":"2025-03-28T12:46:26","slug":"motorpanel-volvo-penta-3","status":"publish","type":"product","link":"https:\/\/wasayachts.com\/en\/product\/motorpanel-volvo-penta-3\/","title":{"rendered":"Motorpanel Volvo penta n,r 858040, 858646"},"content":{"rendered":"<p>Startl\u00e5s saknas, Plockas delar fr\u00e5n<\/p>\n<p>Kommer fr\u00e5n MD11 eller MD 17<\/p>\n<p>Passar<\/p>\n<div class=\"MuiGrid-root MuiGrid-item MuiGrid-grid-xs-12 css-15j76c0\"><a class=\"MuiTypography-root MuiTypography-inherit MuiLink-root MuiLink-underlineNone css-196gs84\" href=\"https:\/\/www.volvopenta.com\/shop\/0?ft=858040&amp;product=2003\" target=\"_blank\" rel=\"noopener\">2003<\/a><\/div>\n<div class=\"MuiGrid-root MuiGrid-item MuiGrid-grid-xs-12 css-15j76c0\"><a class=\"MuiTypography-root MuiTypography-inherit MuiLink-root MuiLink-underlineNone css-196gs84\" href=\"https:\/\/www.volvopenta.com\/shop\/0?ft=858040&amp;product=2003R\" target=\"_blank\" rel=\"noopener\">2003R<\/a><\/div>\n<div class=\"MuiGrid-root MuiGrid-item MuiGrid-grid-xs-12 css-15j76c0\"><a class=\"MuiTypography-root MuiTypography-inherit MuiLink-root MuiLink-underlineNone css-196gs84\" href=\"https:\/\/www.volvopenta.com\/shop\/0?ft=858040&amp;product=2001B\" target=\"_blank\" rel=\"noopener\">2001B<\/a><\/div>\n<div class=\"MuiGrid-root MuiGrid-item MuiGrid-grid-xs-12 css-15j76c0\"><a class=\"MuiTypography-root MuiTypography-inherit MuiLink-root MuiLink-underlineNone css-196gs84\" href=\"https:\/\/www.volvopenta.com\/shop\/0?ft=858040&amp;product=2001D\" target=\"_blank\" rel=\"noopener\">2001D<\/a><\/div>\n<div class=\"MuiGrid-root MuiGrid-item MuiGrid-grid-xs-12 css-15j76c0\"><a class=\"MuiTypography-root MuiTypography-inherit MuiLink-root MuiLink-underlineNone css-196gs84\" href=\"https:\/\/www.volvopenta.com\/shop\/0?ft=858040&amp;product=2003D\" target=\"_blank\" rel=\"noopener\">2003D<\/a><\/div>\n<div class=\"MuiGrid-root MuiGrid-item MuiGrid-grid-xs-12 css-15j76c0\"><a class=\"MuiTypography-root MuiTypography-inherit MuiLink-root MuiLink-underlineNone css-196gs84\" href=\"https:\/\/www.volvopenta.com\/shop\/0?ft=858040&amp;product=2002B\" target=\"_blank\" rel=\"noopener\">2002B<\/a><\/div>\n<div class=\"MuiGrid-root MuiGrid-item MuiGrid-grid-xs-12 css-15j76c0\"><a class=\"MuiTypography-root MuiTypography-inherit MuiLink-root MuiLink-underlineNone css-196gs84\" href=\"https:\/\/www.volvopenta.com\/shop\/0?ft=858040&amp;product=2002D\" target=\"_blank\" rel=\"noopener\">2002D<\/a><\/div>\n<div class=\"MuiGrid-root MuiGrid-item MuiGrid-grid-xs-12 css-15j76c0\"><a class=\"MuiTypography-root MuiTypography-inherit MuiLink-root MuiLink-underlineNone css-196gs84\" href=\"https:\/\/www.volvopenta.com\/shop\/0?ft=858040&amp;product=2003B\" target=\"_blank\" rel=\"noopener\">2003B<\/a><\/div>\n<div class=\"MuiGrid-root MuiGrid-item MuiGrid-grid-xs-12 css-15j76c0\"><a class=\"MuiTypography-root MuiTypography-inherit MuiLink-root MuiLink-underlineNone css-196gs84\" href=\"https:\/\/www.volvopenta.com\/shop\/0?ft=858040&amp;product=2001\" target=\"_blank\" rel=\"noopener\">2001<\/a><\/div>\n<div class=\"MuiGrid-root MuiGrid-item MuiGrid-grid-xs-12 css-15j76c0\"><a class=\"MuiTypography-root MuiTypography-inherit MuiLink-root MuiLink-underlineNone css-196gs84\" href=\"https:\/\/www.volvopenta.com\/shop\/0?ft=858040&amp;product=2002\" target=\"_blank\" rel=\"noopener\">2002<\/a><\/div>\n<div class=\"MuiGrid-root MuiGrid-item MuiGrid-grid-xs-12 css-15j76c0\"><a class=\"MuiTypography-root MuiTypography-inherit MuiLink-root MuiLink-underlineNone css-196gs84\" href=\"https:\/\/www.volvopenta.com\/shop\/0?ft=858040&amp;product=2001R\" target=\"_blank\" rel=\"noopener\">2001R<\/a><\/div>\n<p>&nbsp;<\/p>","protected":false},"excerpt":{"rendered":"<p>Startl\u00e5s saknas, Plockas delar fr\u00e5n Kommer fr\u00e5n MD11 eller MD 17 Passar 2003 2003R 2001B 2001D 2003D 2002B 2002D 2003B 2001 2002 2001R &nbsp;<\/p>","protected":false},"featured_media":21513,"comment_status":"closed","ping_status":"closed","template":"","meta":[],"product_brand":[],"product_cat":[415,428,431],"product_tag":[],"class_list":{"0":"post-21512","1":"product","2":"type-product","3":"status-publish","4":"has-post-thumbnail","6":"product_cat-motorpaneler-och-kabelharvor","7":"product_cat-begagnade-batdelar","8":"product_cat-motordelar","10":"first","11":"outofstock","12":"taxable","13":"shipping-taxable","14":"purchasable","15":"product-type-simple"},"_links":{"self":[{"href":"https:\/\/wasayachts.com\/en\/wp-json\/wp\/v2\/product\/21512","targetHints":{"allow":["GET"]}}],"collection":[{"href":"https:\/\/wasayachts.com\/en\/wp-json\/wp\/v2\/product"}],"about":[{"href":"https:\/\/wasayachts.com\/en\/wp-json\/wp\/v2\/types\/product"}],"replies":[{"embeddable":true,"href":"https:\/\/wasayachts.com\/en\/wp-json\/wp\/v2\/comments?post=21512"}],"wp:featuredmedia":[{"embeddable":true,"href":"https:\/\/wasayachts.com\/en\/wp-json\/wp\/v2\/media\/21513"}],"wp:attachment":[{"href":"https:\/\/wasayachts.com\/en\/wp-json\/wp\/v2\/media?parent=21512"}],"wp:term":[{"taxonomy":"product_brand","embeddable":true,"href":"https:\/\/wasayachts.com\/en\/wp-json\/wp\/v2\/product_brand?post=21512"},{"taxonomy":"product_cat","embeddable":true,"href":"https:\/\/wasayachts.com\/en\/wp-json\/wp\/v2\/product_cat?post=21512"},{"taxonomy":"product_tag","embeddable":true,"href":"https:\/\/wasayachts.com\/en\/wp-json\/wp\/v2\/product_tag?post=21512"}],"curies":[{"name":"wp","href":"https:\/\/api.w.org\/{rel}","templated":true}]}}