{"id":21537,"date":"2022-09-06T19:26:15","date_gmt":"2022-09-06T17:26:15","guid":{"rendered":"https:\/\/wasayachts.com\/produkt\/panel-isotherm-kylskap-2\/"},"modified":"2023-05-05T11:42:39","modified_gmt":"2023-05-05T09:42:39","slug":"panel-isotherm-kylskap-2","status":"publish","type":"product","link":"https:\/\/wasayachts.com\/en\/product\/panel-isotherm-kylskap-2\/","title":{"rendered":"Panel Isotherm kylsk\u00e5p"},"content":{"rendered":"<p>Kontrollerad och fungerar<\/p>\n<p>Fri returr\u00e4tt i tv\u00e5 m\u00e5nader,<br \/>\npengar \u00e5ter exklusive frakt<\/p>\n<p>Saknas h\u00e4rva<\/p>","protected":false},"excerpt":{"rendered":"<p>Kontrollerad och fungerar Fri returr\u00e4tt i tv\u00e5 m\u00e5nader, pengar \u00e5ter exklusive frakt Saknas h\u00e4rva<\/p>","protected":false},"featured_media":21538,"comment_status":"closed","ping_status":"open","template":"","meta":[],"product_brand":[],"product_cat":[460,428,425],"product_tag":[],"class_list":{"0":"post-21537","1":"product","2":"type-product","3":"status-publish","4":"has-post-thumbnail","6":"product_cat-givare-displayer","7":"product_cat-begagnade-batdelar","8":"product_cat-elektronik-och-instrument","10":"first","11":"instock","12":"taxable","13":"shipping-taxable","14":"purchasable","15":"product-type-simple"},"_links":{"self":[{"href":"https:\/\/wasayachts.com\/en\/wp-json\/wp\/v2\/product\/21537","targetHints":{"allow":["GET"]}}],"collection":[{"href":"https:\/\/wasayachts.com\/en\/wp-json\/wp\/v2\/product"}],"about":[{"href":"https:\/\/wasayachts.com\/en\/wp-json\/wp\/v2\/types\/product"}],"replies":[{"embeddable":true,"href":"https:\/\/wasayachts.com\/en\/wp-json\/wp\/v2\/comments?post=21537"}],"wp:featuredmedia":[{"embeddable":true,"href":"https:\/\/wasayachts.com\/en\/wp-json\/wp\/v2\/media\/21538"}],"wp:attachment":[{"href":"https:\/\/wasayachts.com\/en\/wp-json\/wp\/v2\/media?parent=21537"}],"wp:term":[{"taxonomy":"product_brand","embeddable":true,"href":"https:\/\/wasayachts.com\/en\/wp-json\/wp\/v2\/product_brand?post=21537"},{"taxonomy":"product_cat","embeddable":true,"href":"https:\/\/wasayachts.com\/en\/wp-json\/wp\/v2\/product_cat?post=21537"},{"taxonomy":"product_tag","embeddable":true,"href":"https:\/\/wasayachts.com\/en\/wp-json\/wp\/v2\/product_tag?post=21537"}],"curies":[{"name":"wp","href":"https:\/\/api.w.org\/{rel}","templated":true}]}}