{"id":21659,"date":"2022-09-18T12:54:08","date_gmt":"2022-09-18T10:54:08","guid":{"rendered":"https:\/\/wasayachts.com\/produkt\/mastfots-forstarkning\/"},"modified":"2024-08-12T21:23:37","modified_gmt":"2024-08-12T19:23:37","slug":"mastfots-forstarkning","status":"publish","type":"product","link":"https:\/\/wasayachts.com\/en\/product\/mastfots-forstarkning\/","title":{"rendered":"Mastfots f\u00f6rst\u00e4rkning"},"content":{"rendered":"<p>Passar att l\u00e4gga under u-balk till mast som f\u00f6rst\u00e4rkning mot underlag.<\/p>","protected":false},"excerpt":{"rendered":"<p>Passar att l\u00e4gga under u-balk till mast som f\u00f6rst\u00e4rkning mot underlag.<\/p>","protected":false},"featured_media":21660,"comment_status":"closed","ping_status":"closed","template":"","meta":[],"product_brand":[],"product_cat":[421,428,417],"product_tag":[],"class_list":{"0":"post-21659","1":"product","2":"type-product","3":"status-publish","4":"has-post-thumbnail","6":"product_cat-master","7":"product_cat-begagnade-batdelar","8":"product_cat-mast-och-rigg","10":"first","11":"instock","12":"taxable","13":"shipping-taxable","14":"purchasable","15":"product-type-simple"},"_links":{"self":[{"href":"https:\/\/wasayachts.com\/en\/wp-json\/wp\/v2\/product\/21659","targetHints":{"allow":["GET"]}}],"collection":[{"href":"https:\/\/wasayachts.com\/en\/wp-json\/wp\/v2\/product"}],"about":[{"href":"https:\/\/wasayachts.com\/en\/wp-json\/wp\/v2\/types\/product"}],"replies":[{"embeddable":true,"href":"https:\/\/wasayachts.com\/en\/wp-json\/wp\/v2\/comments?post=21659"}],"wp:featuredmedia":[{"embeddable":true,"href":"https:\/\/wasayachts.com\/en\/wp-json\/wp\/v2\/media\/21660"}],"wp:attachment":[{"href":"https:\/\/wasayachts.com\/en\/wp-json\/wp\/v2\/media?parent=21659"}],"wp:term":[{"taxonomy":"product_brand","embeddable":true,"href":"https:\/\/wasayachts.com\/en\/wp-json\/wp\/v2\/product_brand?post=21659"},{"taxonomy":"product_cat","embeddable":true,"href":"https:\/\/wasayachts.com\/en\/wp-json\/wp\/v2\/product_cat?post=21659"},{"taxonomy":"product_tag","embeddable":true,"href":"https:\/\/wasayachts.com\/en\/wp-json\/wp\/v2\/product_tag?post=21659"}],"curies":[{"name":"wp","href":"https:\/\/api.w.org\/{rel}","templated":true}]}}