{"id":21684,"date":"2022-09-18T13:54:20","date_gmt":"2022-09-18T11:54:20","guid":{"rendered":"https:\/\/wasayachts.com\/produkt\/fastbeslag-till-spinnaker-gajblock-2\/"},"modified":"2025-01-03T16:51:47","modified_gmt":"2025-01-03T15:51:47","slug":"fastbeslag-till-spinnaker-gajblock-2","status":"publish","type":"product","link":"https:\/\/wasayachts.com\/en\/product\/fastbeslag-till-spinnaker-gajblock-2\/","title":{"rendered":"F\u00e4stbeslag till spinnaker-gajblock"},"content":{"rendered":"<p>F\u00e4ste till spinnaker gajblock<\/p>\n<p>Kan \u00e4ven anv\u00e4ndas till andra f\u00e4sten med drag l\u00e4ngsd\u00e4ck<\/p>\n<p>Monteras med 8mm vagnsbult<\/p>\n<p>Blankpolerat rostfritt syrafast<\/p>","protected":false},"excerpt":{"rendered":"<p>F\u00e4ste till spinnaker gajblock Kan \u00e4ven anv\u00e4ndas till andra f\u00e4sten med drag l\u00e4ngsd\u00e4ck Monteras med 8mm vagnsbult Blankpolerat rostfritt syrafast<\/p>","protected":false},"featured_media":21685,"comment_status":"closed","ping_status":"closed","template":"","meta":[],"product_brand":[],"product_cat":[403,428,416,417,433],"product_tag":[],"class_list":{"0":"post-21684","1":"product","2":"type-product","3":"status-publish","4":"has-post-thumbnail","6":"product_cat-spinnakerbom-och-tillbehor","7":"product_cat-begagnade-batdelar","8":"product_cat-dacksutrustning","9":"product_cat-mast-och-rigg","10":"product_cat-dackutrustning-olika","12":"first","13":"instock","14":"taxable","15":"shipping-taxable","16":"purchasable","17":"product-type-simple"},"_links":{"self":[{"href":"https:\/\/wasayachts.com\/en\/wp-json\/wp\/v2\/product\/21684","targetHints":{"allow":["GET"]}}],"collection":[{"href":"https:\/\/wasayachts.com\/en\/wp-json\/wp\/v2\/product"}],"about":[{"href":"https:\/\/wasayachts.com\/en\/wp-json\/wp\/v2\/types\/product"}],"replies":[{"embeddable":true,"href":"https:\/\/wasayachts.com\/en\/wp-json\/wp\/v2\/comments?post=21684"}],"wp:featuredmedia":[{"embeddable":true,"href":"https:\/\/wasayachts.com\/en\/wp-json\/wp\/v2\/media\/21685"}],"wp:attachment":[{"href":"https:\/\/wasayachts.com\/en\/wp-json\/wp\/v2\/media?parent=21684"}],"wp:term":[{"taxonomy":"product_brand","embeddable":true,"href":"https:\/\/wasayachts.com\/en\/wp-json\/wp\/v2\/product_brand?post=21684"},{"taxonomy":"product_cat","embeddable":true,"href":"https:\/\/wasayachts.com\/en\/wp-json\/wp\/v2\/product_cat?post=21684"},{"taxonomy":"product_tag","embeddable":true,"href":"https:\/\/wasayachts.com\/en\/wp-json\/wp\/v2\/product_tag?post=21684"}],"curies":[{"name":"wp","href":"https:\/\/api.w.org\/{rel}","templated":true}]}}