{"id":21746,"date":"2022-09-18T16:10:00","date_gmt":"2022-09-18T14:10:00","guid":{"rendered":"https:\/\/wasayachts.com\/produkt\/fall-rail-3\/"},"modified":"2023-05-05T11:42:47","modified_gmt":"2023-05-05T09:42:47","slug":"fall-rail-3","status":"publish","type":"product","link":"https:\/\/wasayachts.com\/en\/product\/fall-rail-3\/","title":{"rendered":"Fall-rail"},"content":{"rendered":"<p>Rail f\u00f6r att f\u00e4sta block p\u00e5 d\u00e4ck f\u00f6r fallen<\/p>\n<p>Priset \u00e4r per styck<\/p>\n<p>&nbsp;<\/p>","protected":false},"excerpt":{"rendered":"<p>Rail f\u00f6r att f\u00e4sta block p\u00e5 d\u00e4ck f\u00f6r fallen Priset \u00e4r per styck &nbsp;<\/p>","protected":false},"featured_media":21747,"comment_status":"closed","ping_status":"open","template":"","meta":[],"product_brand":[],"product_cat":[421,428,417],"product_tag":[],"class_list":{"0":"post-21746","1":"product","2":"type-product","3":"status-publish","4":"has-post-thumbnail","6":"product_cat-master","7":"product_cat-begagnade-batdelar","8":"product_cat-mast-och-rigg","10":"first","11":"instock","12":"taxable","13":"shipping-taxable","14":"purchasable","15":"product-type-simple"},"_links":{"self":[{"href":"https:\/\/wasayachts.com\/en\/wp-json\/wp\/v2\/product\/21746","targetHints":{"allow":["GET"]}}],"collection":[{"href":"https:\/\/wasayachts.com\/en\/wp-json\/wp\/v2\/product"}],"about":[{"href":"https:\/\/wasayachts.com\/en\/wp-json\/wp\/v2\/types\/product"}],"replies":[{"embeddable":true,"href":"https:\/\/wasayachts.com\/en\/wp-json\/wp\/v2\/comments?post=21746"}],"wp:featuredmedia":[{"embeddable":true,"href":"https:\/\/wasayachts.com\/en\/wp-json\/wp\/v2\/media\/21747"}],"wp:attachment":[{"href":"https:\/\/wasayachts.com\/en\/wp-json\/wp\/v2\/media?parent=21746"}],"wp:term":[{"taxonomy":"product_brand","embeddable":true,"href":"https:\/\/wasayachts.com\/en\/wp-json\/wp\/v2\/product_brand?post=21746"},{"taxonomy":"product_cat","embeddable":true,"href":"https:\/\/wasayachts.com\/en\/wp-json\/wp\/v2\/product_cat?post=21746"},{"taxonomy":"product_tag","embeddable":true,"href":"https:\/\/wasayachts.com\/en\/wp-json\/wp\/v2\/product_tag?post=21746"}],"curies":[{"name":"wp","href":"https:\/\/api.w.org\/{rel}","templated":true}]}}