{"id":21831,"date":"2022-09-25T16:38:47","date_gmt":"2022-09-25T14:38:47","guid":{"rendered":"https:\/\/wasayachts.com\/produkt\/spridarbalk\/"},"modified":"2025-10-01T16:27:37","modified_gmt":"2025-10-01T14:27:37","slug":"spridarbalk","status":"publish","type":"product","link":"https:\/\/wasayachts.com\/en\/product\/spridarbalk\/","title":{"rendered":"Spridarf\u00e4ste\/spridarbalk"},"content":{"rendered":"<p>Monteras rakt genom mast f\u00f6r att f\u00e4sta spridarna.<\/p>\n<p>Minskar trycket fr\u00e5n spridaren p\u00e5 mastv\u00e4ggen.<\/p>","protected":false},"excerpt":{"rendered":"<p>Monteras rakt genom mast f\u00f6r att f\u00e4sta spridarna. Minskar trycket fr\u00e5n spridaren p\u00e5 mastv\u00e4ggen.<\/p>","protected":false},"featured_media":21832,"comment_status":"closed","ping_status":"closed","template":"","meta":[],"product_brand":[],"product_cat":[421,428,417],"product_tag":[],"class_list":{"0":"post-21831","1":"product","2":"type-product","3":"status-publish","4":"has-post-thumbnail","6":"product_cat-master","7":"product_cat-begagnade-batdelar","8":"product_cat-mast-och-rigg","10":"first","11":"instock","12":"taxable","13":"shipping-taxable","14":"purchasable","15":"product-type-simple"},"_links":{"self":[{"href":"https:\/\/wasayachts.com\/en\/wp-json\/wp\/v2\/product\/21831","targetHints":{"allow":["GET"]}}],"collection":[{"href":"https:\/\/wasayachts.com\/en\/wp-json\/wp\/v2\/product"}],"about":[{"href":"https:\/\/wasayachts.com\/en\/wp-json\/wp\/v2\/types\/product"}],"replies":[{"embeddable":true,"href":"https:\/\/wasayachts.com\/en\/wp-json\/wp\/v2\/comments?post=21831"}],"wp:featuredmedia":[{"embeddable":true,"href":"https:\/\/wasayachts.com\/en\/wp-json\/wp\/v2\/media\/21832"}],"wp:attachment":[{"href":"https:\/\/wasayachts.com\/en\/wp-json\/wp\/v2\/media?parent=21831"}],"wp:term":[{"taxonomy":"product_brand","embeddable":true,"href":"https:\/\/wasayachts.com\/en\/wp-json\/wp\/v2\/product_brand?post=21831"},{"taxonomy":"product_cat","embeddable":true,"href":"https:\/\/wasayachts.com\/en\/wp-json\/wp\/v2\/product_cat?post=21831"},{"taxonomy":"product_tag","embeddable":true,"href":"https:\/\/wasayachts.com\/en\/wp-json\/wp\/v2\/product_tag?post=21831"}],"curies":[{"name":"wp","href":"https:\/\/api.w.org\/{rel}","templated":true}]}}