{"id":22047,"date":"2022-10-08T12:06:39","date_gmt":"2022-10-08T10:06:39","guid":{"rendered":"https:\/\/wasayachts.com\/produkt\/skenor-med-flyttbara-fasten\/"},"modified":"2024-08-12T21:51:02","modified_gmt":"2024-08-12T19:51:02","slug":"skenor-med-flyttbara-fasten","status":"publish","type":"product","link":"https:\/\/wasayachts.com\/en\/product\/skenor-med-flyttbara-fasten\/","title":{"rendered":"Skenor med flyttbara f\u00e4sten"},"content":{"rendered":"<p>Blankpolerat rostfritt syrafast<\/p>\n<p>Priset \u00e4r f\u00f6r tv\u00e5 st<\/p>","protected":false},"excerpt":{"rendered":"<p>Blankpolerat rostfritt syrafast Priset \u00e4r f\u00f6r tv\u00e5 st<\/p>","protected":false},"featured_media":22048,"comment_status":"closed","ping_status":"closed","template":"","meta":[],"product_brand":[],"product_cat":[428,416,417,433],"product_tag":[],"class_list":{"0":"post-22047","1":"product","2":"type-product","3":"status-publish","4":"has-post-thumbnail","6":"product_cat-begagnade-batdelar","7":"product_cat-dacksutrustning","8":"product_cat-mast-och-rigg","9":"product_cat-dackutrustning-olika","11":"first","12":"instock","13":"taxable","14":"shipping-taxable","15":"purchasable","16":"product-type-simple"},"_links":{"self":[{"href":"https:\/\/wasayachts.com\/en\/wp-json\/wp\/v2\/product\/22047","targetHints":{"allow":["GET"]}}],"collection":[{"href":"https:\/\/wasayachts.com\/en\/wp-json\/wp\/v2\/product"}],"about":[{"href":"https:\/\/wasayachts.com\/en\/wp-json\/wp\/v2\/types\/product"}],"replies":[{"embeddable":true,"href":"https:\/\/wasayachts.com\/en\/wp-json\/wp\/v2\/comments?post=22047"}],"wp:featuredmedia":[{"embeddable":true,"href":"https:\/\/wasayachts.com\/en\/wp-json\/wp\/v2\/media\/22048"}],"wp:attachment":[{"href":"https:\/\/wasayachts.com\/en\/wp-json\/wp\/v2\/media?parent=22047"}],"wp:term":[{"taxonomy":"product_brand","embeddable":true,"href":"https:\/\/wasayachts.com\/en\/wp-json\/wp\/v2\/product_brand?post=22047"},{"taxonomy":"product_cat","embeddable":true,"href":"https:\/\/wasayachts.com\/en\/wp-json\/wp\/v2\/product_cat?post=22047"},{"taxonomy":"product_tag","embeddable":true,"href":"https:\/\/wasayachts.com\/en\/wp-json\/wp\/v2\/product_tag?post=22047"}],"curies":[{"name":"wp","href":"https:\/\/api.w.org\/{rel}","templated":true}]}}