{"id":22294,"date":"2022-10-31T19:12:57","date_gmt":"2022-10-31T18:12:57","guid":{"rendered":"https:\/\/wasayachts.com\/produkt\/vinsch-lewmar-8-kromad-brons\/"},"modified":"2023-05-05T11:43:07","modified_gmt":"2023-05-05T09:43:07","slug":"vinsch-lewmar-8-kromad-brons","status":"publish","type":"product","link":"https:\/\/wasayachts.com\/en\/product\/vinsch-lewmar-8-kromad-brons\/","title":{"rendered":"Vinsch Lewmar 8 kromad brons"},"content":{"rendered":"<p>Vinsch<br \/>\nFabrikat Lewmar<br \/>\nStorlek L 8<\/p>\n<p>Beh\u00f6ver reng\u00f6ras och sm\u00f6rjas<\/p>","protected":false},"excerpt":{"rendered":"<p>Vinsch Fabrikat Lewmar Storlek L 8 Beh\u00f6ver reng\u00f6ras och sm\u00f6rjas<\/p>","protected":false},"featured_media":22295,"comment_status":"closed","ping_status":"open","template":"","meta":[],"product_brand":[],"product_cat":[404,428,416],"product_tag":[],"class_list":{"0":"post-22294","1":"product","2":"type-product","3":"status-publish","4":"has-post-thumbnail","6":"product_cat-vinschar-och-handtag","7":"product_cat-begagnade-batdelar","8":"product_cat-dacksutrustning","10":"first","11":"instock","12":"taxable","13":"shipping-taxable","14":"purchasable","15":"product-type-simple"},"_links":{"self":[{"href":"https:\/\/wasayachts.com\/en\/wp-json\/wp\/v2\/product\/22294","targetHints":{"allow":["GET"]}}],"collection":[{"href":"https:\/\/wasayachts.com\/en\/wp-json\/wp\/v2\/product"}],"about":[{"href":"https:\/\/wasayachts.com\/en\/wp-json\/wp\/v2\/types\/product"}],"replies":[{"embeddable":true,"href":"https:\/\/wasayachts.com\/en\/wp-json\/wp\/v2\/comments?post=22294"}],"wp:featuredmedia":[{"embeddable":true,"href":"https:\/\/wasayachts.com\/en\/wp-json\/wp\/v2\/media\/22295"}],"wp:attachment":[{"href":"https:\/\/wasayachts.com\/en\/wp-json\/wp\/v2\/media?parent=22294"}],"wp:term":[{"taxonomy":"product_brand","embeddable":true,"href":"https:\/\/wasayachts.com\/en\/wp-json\/wp\/v2\/product_brand?post=22294"},{"taxonomy":"product_cat","embeddable":true,"href":"https:\/\/wasayachts.com\/en\/wp-json\/wp\/v2\/product_cat?post=22294"},{"taxonomy":"product_tag","embeddable":true,"href":"https:\/\/wasayachts.com\/en\/wp-json\/wp\/v2\/product_tag?post=22294"}],"curies":[{"name":"wp","href":"https:\/\/api.w.org\/{rel}","templated":true}]}}