{"id":22523,"date":"2022-11-20T17:44:36","date_gmt":"2022-11-20T16:44:36","guid":{"rendered":"https:\/\/wasayachts.com\/produkt\/fallkrok\/"},"modified":"2024-09-10T15:09:14","modified_gmt":"2024-09-10T13:09:14","slug":"fallkrok","status":"publish","type":"product","link":"https:\/\/wasayachts.com\/en\/product\/fallkrok\/","title":{"rendered":"Fallkrok"},"content":{"rendered":"<p>Grov fallkrok 100 mm l\u00e5ng<\/p>\n<p>Anv\u00e4ndbar upp till 40 fots b\u00e5t eller 10 ton<\/p>","protected":false},"excerpt":{"rendered":"<p>Grov fallkrok 100 mm l\u00e5ng Anv\u00e4ndbar upp till 40 fots b\u00e5t eller 10 ton<\/p>","protected":false},"featured_media":22524,"comment_status":"closed","ping_status":"closed","template":"","meta":[],"product_brand":[],"product_cat":[420,428,417],"product_tag":[],"class_list":{"0":"post-22523","1":"product","2":"type-product","3":"status-publish","4":"has-post-thumbnail","6":"product_cat-staende-rigg-och-vantskruv","7":"product_cat-begagnade-batdelar","8":"product_cat-mast-och-rigg","10":"first","11":"instock","12":"taxable","13":"shipping-taxable","14":"purchasable","15":"product-type-simple"},"_links":{"self":[{"href":"https:\/\/wasayachts.com\/en\/wp-json\/wp\/v2\/product\/22523","targetHints":{"allow":["GET"]}}],"collection":[{"href":"https:\/\/wasayachts.com\/en\/wp-json\/wp\/v2\/product"}],"about":[{"href":"https:\/\/wasayachts.com\/en\/wp-json\/wp\/v2\/types\/product"}],"replies":[{"embeddable":true,"href":"https:\/\/wasayachts.com\/en\/wp-json\/wp\/v2\/comments?post=22523"}],"wp:featuredmedia":[{"embeddable":true,"href":"https:\/\/wasayachts.com\/en\/wp-json\/wp\/v2\/media\/22524"}],"wp:attachment":[{"href":"https:\/\/wasayachts.com\/en\/wp-json\/wp\/v2\/media?parent=22523"}],"wp:term":[{"taxonomy":"product_brand","embeddable":true,"href":"https:\/\/wasayachts.com\/en\/wp-json\/wp\/v2\/product_brand?post=22523"},{"taxonomy":"product_cat","embeddable":true,"href":"https:\/\/wasayachts.com\/en\/wp-json\/wp\/v2\/product_cat?post=22523"},{"taxonomy":"product_tag","embeddable":true,"href":"https:\/\/wasayachts.com\/en\/wp-json\/wp\/v2\/product_tag?post=22523"}],"curies":[{"name":"wp","href":"https:\/\/api.w.org\/{rel}","templated":true}]}}