{"id":22526,"date":"2022-11-20T18:04:57","date_gmt":"2022-11-20T17:04:57","guid":{"rendered":"https:\/\/wasayachts.com\/produkt\/fallkrok-2\/"},"modified":"2023-05-05T11:43:12","modified_gmt":"2023-05-05T09:43:12","slug":"fallkrok-2","status":"publish","type":"product","link":"https:\/\/wasayachts.com\/en\/product\/fallkrok-2\/","title":{"rendered":"Fallkrok"},"content":{"rendered":"<p>Grov fallkrok 130 mm l\u00e5ng<\/p>\n<p>Anv\u00e4ndbar upp till 40 fots b\u00e5t eller 10 ton<\/p>","protected":false},"excerpt":{"rendered":"<p>Grov fallkrok 130 mm l\u00e5ng Anv\u00e4ndbar upp till 40 fots b\u00e5t eller 10 ton<\/p>","protected":false},"featured_media":22527,"comment_status":"closed","ping_status":"open","template":"","meta":[],"product_brand":[],"product_cat":[420,428,417],"product_tag":[],"class_list":{"0":"post-22526","1":"product","2":"type-product","3":"status-publish","4":"has-post-thumbnail","6":"product_cat-staende-rigg-och-vantskruv","7":"product_cat-begagnade-batdelar","8":"product_cat-mast-och-rigg","10":"first","11":"instock","12":"taxable","13":"shipping-taxable","14":"purchasable","15":"product-type-simple"},"_links":{"self":[{"href":"https:\/\/wasayachts.com\/en\/wp-json\/wp\/v2\/product\/22526","targetHints":{"allow":["GET"]}}],"collection":[{"href":"https:\/\/wasayachts.com\/en\/wp-json\/wp\/v2\/product"}],"about":[{"href":"https:\/\/wasayachts.com\/en\/wp-json\/wp\/v2\/types\/product"}],"replies":[{"embeddable":true,"href":"https:\/\/wasayachts.com\/en\/wp-json\/wp\/v2\/comments?post=22526"}],"wp:featuredmedia":[{"embeddable":true,"href":"https:\/\/wasayachts.com\/en\/wp-json\/wp\/v2\/media\/22527"}],"wp:attachment":[{"href":"https:\/\/wasayachts.com\/en\/wp-json\/wp\/v2\/media?parent=22526"}],"wp:term":[{"taxonomy":"product_brand","embeddable":true,"href":"https:\/\/wasayachts.com\/en\/wp-json\/wp\/v2\/product_brand?post=22526"},{"taxonomy":"product_cat","embeddable":true,"href":"https:\/\/wasayachts.com\/en\/wp-json\/wp\/v2\/product_cat?post=22526"},{"taxonomy":"product_tag","embeddable":true,"href":"https:\/\/wasayachts.com\/en\/wp-json\/wp\/v2\/product_tag?post=22526"}],"curies":[{"name":"wp","href":"https:\/\/api.w.org\/{rel}","templated":true}]}}