{"id":22596,"date":"2022-11-20T20:32:27","date_gmt":"2022-11-20T19:32:27","guid":{"rendered":"https:\/\/wasayachts.com\/produkt\/stropp-riggforlangning-800-mm\/"},"modified":"2023-05-05T11:43:14","modified_gmt":"2023-05-05T09:43:14","slug":"stropp-riggforlangning-800-mm","status":"publish","type":"product","link":"https:\/\/wasayachts.com\/en\/product\/stropp-riggforlangning-800-mm\/","title":{"rendered":"Stropp riggf\u00f6rl\u00e4ngning 800 mm"},"content":{"rendered":"<p>9 mm rod motsvarar 10 mm 19 tr\u00e5dig<\/p>","protected":false},"excerpt":{"rendered":"<p>9 mm rod motsvarar 10 mm 19 tr\u00e5dig<\/p>","protected":false},"featured_media":22597,"comment_status":"closed","ping_status":"open","template":"","meta":[],"product_brand":[],"product_cat":[420,428,417],"product_tag":[],"class_list":{"0":"post-22596","1":"product","2":"type-product","3":"status-publish","4":"has-post-thumbnail","6":"product_cat-staende-rigg-och-vantskruv","7":"product_cat-begagnade-batdelar","8":"product_cat-mast-och-rigg","10":"first","11":"instock","12":"taxable","13":"shipping-taxable","14":"purchasable","15":"product-type-simple"},"_links":{"self":[{"href":"https:\/\/wasayachts.com\/en\/wp-json\/wp\/v2\/product\/22596","targetHints":{"allow":["GET"]}}],"collection":[{"href":"https:\/\/wasayachts.com\/en\/wp-json\/wp\/v2\/product"}],"about":[{"href":"https:\/\/wasayachts.com\/en\/wp-json\/wp\/v2\/types\/product"}],"replies":[{"embeddable":true,"href":"https:\/\/wasayachts.com\/en\/wp-json\/wp\/v2\/comments?post=22596"}],"wp:featuredmedia":[{"embeddable":true,"href":"https:\/\/wasayachts.com\/en\/wp-json\/wp\/v2\/media\/22597"}],"wp:attachment":[{"href":"https:\/\/wasayachts.com\/en\/wp-json\/wp\/v2\/media?parent=22596"}],"wp:term":[{"taxonomy":"product_brand","embeddable":true,"href":"https:\/\/wasayachts.com\/en\/wp-json\/wp\/v2\/product_brand?post=22596"},{"taxonomy":"product_cat","embeddable":true,"href":"https:\/\/wasayachts.com\/en\/wp-json\/wp\/v2\/product_cat?post=22596"},{"taxonomy":"product_tag","embeddable":true,"href":"https:\/\/wasayachts.com\/en\/wp-json\/wp\/v2\/product_tag?post=22596"}],"curies":[{"name":"wp","href":"https:\/\/api.w.org\/{rel}","templated":true}]}}