{"id":23640,"date":"2023-05-05T10:22:01","date_gmt":"2023-05-05T08:22:01","guid":{"rendered":"https:\/\/wasayachts.com\/?post_type=product&#038;p=23640"},"modified":"2024-07-02T09:15:20","modified_gmt":"2024-07-02T07:15:20","slug":"raymarine-element-9hv-ink-sjokort-och-ekolodsgivare-hv100","status":"publish","type":"product","link":"https:\/\/wasayachts.com\/en\/product\/raymarine-element-9hv-ink-sjokort-och-ekolodsgivare-hv100\/","title":{"rendered":"Raymarine Element 9HV ink sj\u00f6kort och ekolodsgivare HV100"},"content":{"rendered":"<p>Nu s\u00e4ljer vi v\u00e5ra demoex, denna har vart monterad p\u00e5 b\u00e5t. Givarf\u00e4stet har en del sikaflex rester p\u00e5 sig.<\/p>\n<p><strong>Raymarine Element 9HV ink sj\u00f6kort och ekolodsgivare HV100 <\/strong><\/p>\n<p>Pris p\u00e5 SeaSea 9990:- V\u00e5rt pris 8995:-<\/p>\n<p>F\u00f6rst till kvarn g\u00e4ller, endast ett ex av varje produkt till dessa priser finns<\/p>","protected":false},"excerpt":{"rendered":"<p>Nu s\u00e4ljer vi v\u00e5ra demoex, denna har vart monterad p\u00e5 b\u00e5t. Givarf\u00e4stet har en del sikaflex rester p\u00e5 sig. Raymarine Element 9HV ink sj\u00f6kort och ekolodsgivare HV100 Pris p\u00e5 SeaSea 9990:- V\u00e5rt pris 8995:- F\u00f6rst till kvarn g\u00e4ller, endast ett ex av varje produkt till dessa priser finns<\/p>","protected":false},"featured_media":23641,"comment_status":"open","ping_status":"closed","template":"","meta":[],"product_brand":[],"product_cat":[432,471],"product_tag":[],"class_list":{"0":"post-23640","1":"product","2":"type-product","3":"status-publish","4":"has-post-thumbnail","6":"product_cat-okategoriserad-2","7":"product_cat-reavaror-okategoriserad-2","8":"product_shipping_class-hamtning","10":"first","11":"outofstock","12":"sale","13":"taxable","14":"shipping-taxable","15":"purchasable","16":"product-type-simple"},"_links":{"self":[{"href":"https:\/\/wasayachts.com\/en\/wp-json\/wp\/v2\/product\/23640","targetHints":{"allow":["GET"]}}],"collection":[{"href":"https:\/\/wasayachts.com\/en\/wp-json\/wp\/v2\/product"}],"about":[{"href":"https:\/\/wasayachts.com\/en\/wp-json\/wp\/v2\/types\/product"}],"replies":[{"embeddable":true,"href":"https:\/\/wasayachts.com\/en\/wp-json\/wp\/v2\/comments?post=23640"}],"wp:featuredmedia":[{"embeddable":true,"href":"https:\/\/wasayachts.com\/en\/wp-json\/wp\/v2\/media\/23641"}],"wp:attachment":[{"href":"https:\/\/wasayachts.com\/en\/wp-json\/wp\/v2\/media?parent=23640"}],"wp:term":[{"taxonomy":"product_brand","embeddable":true,"href":"https:\/\/wasayachts.com\/en\/wp-json\/wp\/v2\/product_brand?post=23640"},{"taxonomy":"product_cat","embeddable":true,"href":"https:\/\/wasayachts.com\/en\/wp-json\/wp\/v2\/product_cat?post=23640"},{"taxonomy":"product_tag","embeddable":true,"href":"https:\/\/wasayachts.com\/en\/wp-json\/wp\/v2\/product_tag?post=23640"}],"curies":[{"name":"wp","href":"https:\/\/api.w.org\/{rel}","templated":true}]}}