{"id":23656,"date":"2023-05-05T10:39:40","date_gmt":"2023-05-05T08:39:40","guid":{"rendered":"https:\/\/wasayachts.com\/?post_type=product&#038;p=23656"},"modified":"2025-10-02T13:20:10","modified_gmt":"2025-10-02T11:20:10","slug":"rostfri-badplattform","status":"publish","type":"product","link":"https:\/\/wasayachts.com\/en\/product\/rostfri-badplattform\/","title":{"rendered":"Rostfri Badplattform ny i kartong"},"content":{"rendered":"<p>badplattform 1300 x 600 ny aldrig monterad<\/p>\n<p>M\u00e5tt se bild<\/p>\n<p>Ramen 32 mm<\/p>\n<p>St\u00f6det 25 mm<\/p>\n<p>Komplett med F\u00e4sten<\/p>\n<p>&nbsp;<\/p>","protected":false},"excerpt":{"rendered":"<p>badplattform 1300 x 600 ny aldrig monterad M\u00e5tt se bild Ramen 32 mm St\u00f6det 25 mm Komplett med F\u00e4sten &nbsp;<\/p>","protected":false},"featured_media":23657,"comment_status":"open","ping_status":"closed","template":"","meta":[],"product_brand":[],"product_cat":[457,428,416],"product_tag":[],"class_list":{"0":"post-23656","1":"product","2":"type-product","3":"status-publish","4":"has-post-thumbnail","6":"product_cat-pullpit-puschpit-racken-handtag","7":"product_cat-begagnade-batdelar","8":"product_cat-dacksutrustning","9":"product_shipping_class-hamtning","11":"first","12":"outofstock","13":"taxable","14":"shipping-taxable","15":"purchasable","16":"product-type-simple"},"_links":{"self":[{"href":"https:\/\/wasayachts.com\/en\/wp-json\/wp\/v2\/product\/23656","targetHints":{"allow":["GET"]}}],"collection":[{"href":"https:\/\/wasayachts.com\/en\/wp-json\/wp\/v2\/product"}],"about":[{"href":"https:\/\/wasayachts.com\/en\/wp-json\/wp\/v2\/types\/product"}],"replies":[{"embeddable":true,"href":"https:\/\/wasayachts.com\/en\/wp-json\/wp\/v2\/comments?post=23656"}],"wp:featuredmedia":[{"embeddable":true,"href":"https:\/\/wasayachts.com\/en\/wp-json\/wp\/v2\/media\/23657"}],"wp:attachment":[{"href":"https:\/\/wasayachts.com\/en\/wp-json\/wp\/v2\/media?parent=23656"}],"wp:term":[{"taxonomy":"product_brand","embeddable":true,"href":"https:\/\/wasayachts.com\/en\/wp-json\/wp\/v2\/product_brand?post=23656"},{"taxonomy":"product_cat","embeddable":true,"href":"https:\/\/wasayachts.com\/en\/wp-json\/wp\/v2\/product_cat?post=23656"},{"taxonomy":"product_tag","embeddable":true,"href":"https:\/\/wasayachts.com\/en\/wp-json\/wp\/v2\/product_tag?post=23656"}],"curies":[{"name":"wp","href":"https:\/\/api.w.org\/{rel}","templated":true}]}}