{"id":24188,"date":"2023-08-08T15:45:33","date_gmt":"2023-08-08T13:45:33","guid":{"rendered":"https:\/\/wasayachts.com\/?post_type=product&#038;p=24188"},"modified":"2023-08-10T14:05:07","modified_gmt":"2023-08-10T12:05:07","slug":"relingslist-stansade-hal-l-071-m","status":"publish","type":"product","link":"https:\/\/wasayachts.com\/en\/product\/relingslist-stansade-hal-l-071-m\/","title":{"rendered":"Relingslist stansade h\u00e5l L= 0,71 m"},"content":{"rendered":"<p>7 mm fl\u00e4ns<\/p>\n<p>Relingslist med fl\u00e4ns 7 Stansade h\u00e5l<\/p>\n<p>Fabrikat Selden beslagen borras och bultas genom d\u00e4ck och relingslist<\/p>\n<p>M8 bult KFS eller FS genom d\u00e4ck<\/p>","protected":false},"excerpt":{"rendered":"<p>7 mm fl\u00e4ns Relingslist med fl\u00e4ns 7 Stansade h\u00e5l Fabrikat Selden beslagen borras och bultas genom d\u00e4ck och relingslist M8 bult KFS eller FS genom d\u00e4ck<\/p>","protected":false},"featured_media":24195,"comment_status":"closed","ping_status":"closed","template":"","meta":[],"product_brand":[],"product_cat":[440,428,416],"product_tag":[],"class_list":{"0":"post-24188","1":"product","2":"type-product","3":"status-publish","4":"has-post-thumbnail","6":"product_cat-fortojning","7":"product_cat-begagnade-batdelar","8":"product_cat-dacksutrustning","10":"first","11":"instock","12":"taxable","13":"shipping-taxable","14":"purchasable","15":"product-type-simple"},"_links":{"self":[{"href":"https:\/\/wasayachts.com\/en\/wp-json\/wp\/v2\/product\/24188","targetHints":{"allow":["GET"]}}],"collection":[{"href":"https:\/\/wasayachts.com\/en\/wp-json\/wp\/v2\/product"}],"about":[{"href":"https:\/\/wasayachts.com\/en\/wp-json\/wp\/v2\/types\/product"}],"replies":[{"embeddable":true,"href":"https:\/\/wasayachts.com\/en\/wp-json\/wp\/v2\/comments?post=24188"}],"wp:featuredmedia":[{"embeddable":true,"href":"https:\/\/wasayachts.com\/en\/wp-json\/wp\/v2\/media\/24195"}],"wp:attachment":[{"href":"https:\/\/wasayachts.com\/en\/wp-json\/wp\/v2\/media?parent=24188"}],"wp:term":[{"taxonomy":"product_brand","embeddable":true,"href":"https:\/\/wasayachts.com\/en\/wp-json\/wp\/v2\/product_brand?post=24188"},{"taxonomy":"product_cat","embeddable":true,"href":"https:\/\/wasayachts.com\/en\/wp-json\/wp\/v2\/product_cat?post=24188"},{"taxonomy":"product_tag","embeddable":true,"href":"https:\/\/wasayachts.com\/en\/wp-json\/wp\/v2\/product_tag?post=24188"}],"curies":[{"name":"wp","href":"https:\/\/api.w.org\/{rel}","templated":true}]}}