{"id":25126,"date":"2024-10-07T15:31:59","date_gmt":"2024-10-07T13:31:59","guid":{"rendered":"https:\/\/wasayachts.com\/?post_type=product&#038;p=25126"},"modified":"2024-10-07T15:37:41","modified_gmt":"2024-10-07T13:37:41","slug":"vantfaste-selden-518-031","status":"publish","type":"product","link":"https:\/\/wasayachts.com\/en\/product\/vantfaste-selden-518-031\/","title":{"rendered":"vantf\u00e4ste Selden 518-031"},"content":{"rendered":"<p>vantf\u00e4ste<\/p>\n<p>M\u00e4rke: Seld\u00e9n<\/p>\n<p>Typ:<\/p>\n<table width=\"505\">\n<tbody>\n<tr>\n<td width=\"115\">518-031<\/td>\n<td width=\"275\">SHR.TANG SING. HOLE 14+16\u00a0\u00a0 ST<\/td>\n<td width=\"115\"><\/td>\n<\/tr>\n<\/tbody>\n<\/table>\n<p>&nbsp;<\/p>","protected":false},"excerpt":{"rendered":"<p>vantf\u00e4ste M\u00e4rke: Seld\u00e9n Typ: 518-031 SHR.TANG SING. HOLE 14+16\u00a0\u00a0 ST &nbsp;<\/p>","protected":false},"featured_media":25118,"comment_status":"closed","ping_status":"closed","template":"","meta":[],"product_brand":[],"product_cat":[421,428,417],"product_tag":[],"class_list":{"0":"post-25126","1":"product","2":"type-product","3":"status-publish","4":"has-post-thumbnail","6":"product_cat-master","7":"product_cat-begagnade-batdelar","8":"product_cat-mast-och-rigg","10":"first","11":"instock","12":"taxable","13":"shipping-taxable","14":"purchasable","15":"product-type-simple"},"_links":{"self":[{"href":"https:\/\/wasayachts.com\/en\/wp-json\/wp\/v2\/product\/25126","targetHints":{"allow":["GET"]}}],"collection":[{"href":"https:\/\/wasayachts.com\/en\/wp-json\/wp\/v2\/product"}],"about":[{"href":"https:\/\/wasayachts.com\/en\/wp-json\/wp\/v2\/types\/product"}],"replies":[{"embeddable":true,"href":"https:\/\/wasayachts.com\/en\/wp-json\/wp\/v2\/comments?post=25126"}],"wp:featuredmedia":[{"embeddable":true,"href":"https:\/\/wasayachts.com\/en\/wp-json\/wp\/v2\/media\/25118"}],"wp:attachment":[{"href":"https:\/\/wasayachts.com\/en\/wp-json\/wp\/v2\/media?parent=25126"}],"wp:term":[{"taxonomy":"product_brand","embeddable":true,"href":"https:\/\/wasayachts.com\/en\/wp-json\/wp\/v2\/product_brand?post=25126"},{"taxonomy":"product_cat","embeddable":true,"href":"https:\/\/wasayachts.com\/en\/wp-json\/wp\/v2\/product_cat?post=25126"},{"taxonomy":"product_tag","embeddable":true,"href":"https:\/\/wasayachts.com\/en\/wp-json\/wp\/v2\/product_tag?post=25126"}],"curies":[{"name":"wp","href":"https:\/\/api.w.org\/{rel}","templated":true}]}}