{"id":25138,"date":"2024-10-07T16:17:44","date_gmt":"2024-10-07T14:17:44","guid":{"rendered":"https:\/\/wasayachts.com\/?post_type=product&#038;p=25138"},"modified":"2024-12-02T10:52:47","modified_gmt":"2024-12-02T09:52:47","slug":"hallare-till-mont-display-over-nedgang","status":"publish","type":"product","link":"https:\/\/wasayachts.com\/en\/product\/hallare-till-mont-display-over-nedgang\/","title":{"rendered":"H\u00e5llare till mont display \u00f6ver nedg\u00e5ng"},"content":{"rendered":"<p>Rostfria r\u00f6r 25 mm<\/p>\n<p>Bredd 92cm<\/p>\n<p>djup 49 cm<\/p>\n<p>H\u00f6jd 27 cm<\/p>","protected":false},"excerpt":{"rendered":"<p>Rostfria r\u00f6r 25 mm Bredd 92cm djup 49 cm H\u00f6jd 27 cm<\/p>","protected":false},"featured_media":25132,"comment_status":"closed","ping_status":"closed","template":"","meta":[],"product_brand":[],"product_cat":[460,428,425],"product_tag":[],"class_list":{"0":"post-25138","1":"product","2":"type-product","3":"status-publish","4":"has-post-thumbnail","6":"product_cat-givare-displayer","7":"product_cat-begagnade-batdelar","8":"product_cat-elektronik-och-instrument","10":"first","11":"instock","12":"taxable","13":"shipping-taxable","14":"purchasable","15":"product-type-simple"},"_links":{"self":[{"href":"https:\/\/wasayachts.com\/en\/wp-json\/wp\/v2\/product\/25138","targetHints":{"allow":["GET"]}}],"collection":[{"href":"https:\/\/wasayachts.com\/en\/wp-json\/wp\/v2\/product"}],"about":[{"href":"https:\/\/wasayachts.com\/en\/wp-json\/wp\/v2\/types\/product"}],"replies":[{"embeddable":true,"href":"https:\/\/wasayachts.com\/en\/wp-json\/wp\/v2\/comments?post=25138"}],"wp:featuredmedia":[{"embeddable":true,"href":"https:\/\/wasayachts.com\/en\/wp-json\/wp\/v2\/media\/25132"}],"wp:attachment":[{"href":"https:\/\/wasayachts.com\/en\/wp-json\/wp\/v2\/media?parent=25138"}],"wp:term":[{"taxonomy":"product_brand","embeddable":true,"href":"https:\/\/wasayachts.com\/en\/wp-json\/wp\/v2\/product_brand?post=25138"},{"taxonomy":"product_cat","embeddable":true,"href":"https:\/\/wasayachts.com\/en\/wp-json\/wp\/v2\/product_cat?post=25138"},{"taxonomy":"product_tag","embeddable":true,"href":"https:\/\/wasayachts.com\/en\/wp-json\/wp\/v2\/product_tag?post=25138"}],"curies":[{"name":"wp","href":"https:\/\/api.w.org\/{rel}","templated":true}]}}