{"id":25175,"date":"2024-10-18T14:37:29","date_gmt":"2024-10-18T12:37:29","guid":{"rendered":"https:\/\/wasayachts.com\/?post_type=product&#038;p=25175"},"modified":"2025-02-04T15:28:41","modified_gmt":"2025-02-04T14:28:41","slug":"rullsystem-furlex-204-s","status":"publish","type":"product","link":"https:\/\/wasayachts.com\/en\/product\/rullsystem-furlex-204-s\/","title":{"rendered":"Rullsystem Furlex 204 S"},"content":{"rendered":"<p>Begagnad<\/p>\n<p>Rullsystem kommer fr\u00e5n Wasa 55<\/p>\n<p>b\u00e5tvikt 6 ton<\/p>\n<p>Totall\u00e4ngd 13,27 meter<\/p>\n<p>7 mm vajer<\/p>\n<p>nypris 26,750 kr<\/p>","protected":false},"excerpt":{"rendered":"<p>Begagnad Rullsystem kommer fr\u00e5n Wasa 55 b\u00e5tvikt 6 ton Totall\u00e4ngd 13,27 meter 7 mm vajer nypris 26,750 kr<\/p>","protected":false},"featured_media":25181,"comment_status":"closed","ping_status":"closed","template":"","meta":[],"product_brand":[],"product_cat":[467,428,417],"product_tag":[],"class_list":{"0":"post-25175","1":"product","2":"type-product","3":"status-publish","4":"has-post-thumbnail","6":"product_cat-rullbeslag","7":"product_cat-begagnade-batdelar","8":"product_cat-mast-och-rigg","10":"first","11":"outofstock","12":"taxable","13":"shipping-taxable","14":"purchasable","15":"product-type-simple"},"_links":{"self":[{"href":"https:\/\/wasayachts.com\/en\/wp-json\/wp\/v2\/product\/25175","targetHints":{"allow":["GET"]}}],"collection":[{"href":"https:\/\/wasayachts.com\/en\/wp-json\/wp\/v2\/product"}],"about":[{"href":"https:\/\/wasayachts.com\/en\/wp-json\/wp\/v2\/types\/product"}],"replies":[{"embeddable":true,"href":"https:\/\/wasayachts.com\/en\/wp-json\/wp\/v2\/comments?post=25175"}],"wp:featuredmedia":[{"embeddable":true,"href":"https:\/\/wasayachts.com\/en\/wp-json\/wp\/v2\/media\/25181"}],"wp:attachment":[{"href":"https:\/\/wasayachts.com\/en\/wp-json\/wp\/v2\/media?parent=25175"}],"wp:term":[{"taxonomy":"product_brand","embeddable":true,"href":"https:\/\/wasayachts.com\/en\/wp-json\/wp\/v2\/product_brand?post=25175"},{"taxonomy":"product_cat","embeddable":true,"href":"https:\/\/wasayachts.com\/en\/wp-json\/wp\/v2\/product_cat?post=25175"},{"taxonomy":"product_tag","embeddable":true,"href":"https:\/\/wasayachts.com\/en\/wp-json\/wp\/v2\/product_tag?post=25175"}],"curies":[{"name":"wp","href":"https:\/\/api.w.org\/{rel}","templated":true}]}}