{"id":25277,"date":"2024-10-28T15:52:13","date_gmt":"2024-10-28T14:52:13","guid":{"rendered":"https:\/\/wasayachts.com\/?post_type=product&#038;p=25277"},"modified":"2025-06-15T07:50:39","modified_gmt":"2025-06-15T05:50:39","slug":"mahogny-innerrram-till-skylight","status":"publish","type":"product","link":"https:\/\/wasayachts.com\/en\/product\/mahogny-innerrram-till-skylight\/","title":{"rendered":"Mahogny innerrram till skylight"},"content":{"rendered":"<p>M\u00e5tt se bilder<\/p>\n<p>Figurs\u00e5gad efter d\u00e4ckskurvan f\u00f6r att f\u00e5 en plan yta f\u00f6r skylighten<\/p>\n<p>Passar till Lewmar lucka<\/p>","protected":false},"excerpt":{"rendered":"<p>M\u00e5tt se bilder Figurs\u00e5gad efter d\u00e4ckskurvan f\u00f6r att f\u00e5 en plan yta f\u00f6r skylighten Passar till Lewmar lucka<\/p>","protected":false},"featured_media":25279,"comment_status":"closed","ping_status":"closed","template":"","meta":[],"product_brand":[],"product_cat":[461,428,445],"product_tag":[],"class_list":{"0":"post-25277","1":"product","2":"type-product","3":"status-publish","4":"has-post-thumbnail","6":"product_cat-dorrar-luckor-fronter","7":"product_cat-begagnade-batdelar","8":"product_cat-interior","10":"first","11":"outofstock","12":"taxable","13":"shipping-taxable","14":"purchasable","15":"product-type-simple"},"_links":{"self":[{"href":"https:\/\/wasayachts.com\/en\/wp-json\/wp\/v2\/product\/25277","targetHints":{"allow":["GET"]}}],"collection":[{"href":"https:\/\/wasayachts.com\/en\/wp-json\/wp\/v2\/product"}],"about":[{"href":"https:\/\/wasayachts.com\/en\/wp-json\/wp\/v2\/types\/product"}],"replies":[{"embeddable":true,"href":"https:\/\/wasayachts.com\/en\/wp-json\/wp\/v2\/comments?post=25277"}],"wp:featuredmedia":[{"embeddable":true,"href":"https:\/\/wasayachts.com\/en\/wp-json\/wp\/v2\/media\/25279"}],"wp:attachment":[{"href":"https:\/\/wasayachts.com\/en\/wp-json\/wp\/v2\/media?parent=25277"}],"wp:term":[{"taxonomy":"product_brand","embeddable":true,"href":"https:\/\/wasayachts.com\/en\/wp-json\/wp\/v2\/product_brand?post=25277"},{"taxonomy":"product_cat","embeddable":true,"href":"https:\/\/wasayachts.com\/en\/wp-json\/wp\/v2\/product_cat?post=25277"},{"taxonomy":"product_tag","embeddable":true,"href":"https:\/\/wasayachts.com\/en\/wp-json\/wp\/v2\/product_tag?post=25277"}],"curies":[{"name":"wp","href":"https:\/\/api.w.org\/{rel}","templated":true}]}}