{"id":25394,"date":"2024-10-31T16:12:08","date_gmt":"2024-10-31T15:12:08","guid":{"rendered":"https:\/\/wasayachts.com\/?post_type=product&#038;p=25394"},"modified":"2025-09-21T11:49:25","modified_gmt":"2025-09-21T09:49:25","slug":"vinschhandtag","status":"publish","type":"product","link":"https:\/\/wasayachts.com\/en\/product\/vinschhandtag\/","title":{"rendered":"Vinschhandtag"},"content":{"rendered":"<p>Vinschhandtag<\/p>\n<p>M\u00e4rke:<\/p>\n<p>Typ:<\/p>\n<p>Material: aluminium<\/p>\n<p>L\u00e4ngd: 240 mm<\/p>\n<p>Med l\u00e5s.<\/p>\n<p>&nbsp;<\/p>\n<p>&nbsp;<\/p>","protected":false},"excerpt":{"rendered":"<p>Vinschhandtag M\u00e4rke: Typ: Material: aluminium L\u00e4ngd: 240 mm Med l\u00e5s. &nbsp; &nbsp;<\/p>","protected":false},"featured_media":25395,"comment_status":"closed","ping_status":"closed","template":"","meta":[],"product_brand":[],"product_cat":[404,428,416],"product_tag":[],"class_list":{"0":"post-25394","1":"product","2":"type-product","3":"status-publish","4":"has-post-thumbnail","6":"product_cat-vinschar-och-handtag","7":"product_cat-begagnade-batdelar","8":"product_cat-dacksutrustning","10":"first","11":"instock","12":"sale","13":"taxable","14":"shipping-taxable","15":"purchasable","16":"product-type-simple"},"_links":{"self":[{"href":"https:\/\/wasayachts.com\/en\/wp-json\/wp\/v2\/product\/25394","targetHints":{"allow":["GET"]}}],"collection":[{"href":"https:\/\/wasayachts.com\/en\/wp-json\/wp\/v2\/product"}],"about":[{"href":"https:\/\/wasayachts.com\/en\/wp-json\/wp\/v2\/types\/product"}],"replies":[{"embeddable":true,"href":"https:\/\/wasayachts.com\/en\/wp-json\/wp\/v2\/comments?post=25394"}],"wp:featuredmedia":[{"embeddable":true,"href":"https:\/\/wasayachts.com\/en\/wp-json\/wp\/v2\/media\/25395"}],"wp:attachment":[{"href":"https:\/\/wasayachts.com\/en\/wp-json\/wp\/v2\/media?parent=25394"}],"wp:term":[{"taxonomy":"product_brand","embeddable":true,"href":"https:\/\/wasayachts.com\/en\/wp-json\/wp\/v2\/product_brand?post=25394"},{"taxonomy":"product_cat","embeddable":true,"href":"https:\/\/wasayachts.com\/en\/wp-json\/wp\/v2\/product_cat?post=25394"},{"taxonomy":"product_tag","embeddable":true,"href":"https:\/\/wasayachts.com\/en\/wp-json\/wp\/v2\/product_tag?post=25394"}],"curies":[{"name":"wp","href":"https:\/\/api.w.org\/{rel}","templated":true}]}}