{"id":25529,"date":"2024-11-07T13:46:25","date_gmt":"2024-11-07T12:46:25","guid":{"rendered":"https:\/\/wasayachts.com\/?post_type=product&#038;p=25529"},"modified":"2025-09-25T10:27:54","modified_gmt":"2025-09-25T08:27:54","slug":"startvev-volvo","status":"publish","type":"product","link":"https:\/\/wasayachts.com\/en\/product\/startvev-volvo\/","title":{"rendered":"Startvev"},"content":{"rendered":"<p>G\u00e5r ej till volvo penta har 18 mm axel<\/p>\n<p>Innerdiameter p\u00e5 h\u00e5let i veven \u00e4r 16 mm<\/p>\n<p>Troligen till Yanmar<\/p>\n<p>&nbsp;<\/p>","protected":false},"excerpt":{"rendered":"<p>G\u00e5r ej till volvo penta har 18 mm axel Innerdiameter p\u00e5 h\u00e5let i veven \u00e4r 16 mm Troligen till Yanmar &nbsp;<\/p>","protected":false},"featured_media":25530,"comment_status":"closed","ping_status":"closed","template":"","meta":[],"product_brand":[],"product_cat":[415,428,431],"product_tag":[],"class_list":{"0":"post-25529","1":"product","2":"type-product","3":"status-publish","4":"has-post-thumbnail","6":"product_cat-motorpaneler-och-kabelharvor","7":"product_cat-begagnade-batdelar","8":"product_cat-motordelar","10":"first","11":"outofstock","12":"taxable","13":"shipping-taxable","14":"purchasable","15":"product-type-simple"},"_links":{"self":[{"href":"https:\/\/wasayachts.com\/en\/wp-json\/wp\/v2\/product\/25529","targetHints":{"allow":["GET"]}}],"collection":[{"href":"https:\/\/wasayachts.com\/en\/wp-json\/wp\/v2\/product"}],"about":[{"href":"https:\/\/wasayachts.com\/en\/wp-json\/wp\/v2\/types\/product"}],"replies":[{"embeddable":true,"href":"https:\/\/wasayachts.com\/en\/wp-json\/wp\/v2\/comments?post=25529"}],"wp:featuredmedia":[{"embeddable":true,"href":"https:\/\/wasayachts.com\/en\/wp-json\/wp\/v2\/media\/25530"}],"wp:attachment":[{"href":"https:\/\/wasayachts.com\/en\/wp-json\/wp\/v2\/media?parent=25529"}],"wp:term":[{"taxonomy":"product_brand","embeddable":true,"href":"https:\/\/wasayachts.com\/en\/wp-json\/wp\/v2\/product_brand?post=25529"},{"taxonomy":"product_cat","embeddable":true,"href":"https:\/\/wasayachts.com\/en\/wp-json\/wp\/v2\/product_cat?post=25529"},{"taxonomy":"product_tag","embeddable":true,"href":"https:\/\/wasayachts.com\/en\/wp-json\/wp\/v2\/product_tag?post=25529"}],"curies":[{"name":"wp","href":"https:\/\/api.w.org\/{rel}","templated":true}]}}