{"id":25539,"date":"2024-11-07T14:09:09","date_gmt":"2024-11-07T13:09:09","guid":{"rendered":"https:\/\/wasayachts.com\/?post_type=product&#038;p=25539"},"modified":"2025-09-22T20:26:27","modified_gmt":"2025-09-22T18:26:27","slug":"varmevaxlare-gummituta","status":"publish","type":"product","link":"https:\/\/wasayachts.com\/en\/product\/varmevaxlare-gummituta\/","title":{"rendered":"V\u00e4rmev\u00e4xlare gummituta MD2030 3580326"},"content":{"rendered":"<p>\u00c4ndstycke i gummi till v\u00e4rmevxl<\/p>\n<p>Vp pris 495 kr<\/p>\n<p>Ny oanv\u00e4nd<\/p>","protected":false},"excerpt":{"rendered":"<p>\u00c4ndstycke i gummi till v\u00e4rmevxl Vp pris 495 kr Ny oanv\u00e4nd<\/p>","protected":false},"featured_media":25541,"comment_status":"closed","ping_status":"closed","template":"","meta":[],"product_brand":[],"product_cat":[423,428,431],"product_tag":[],"class_list":{"0":"post-25539","1":"product","2":"type-product","3":"status-publish","4":"has-post-thumbnail","6":"product_cat-sotvattenkylning-och-delar","7":"product_cat-begagnade-batdelar","8":"product_cat-motordelar","10":"first","11":"outofstock","12":"taxable","13":"shipping-taxable","14":"purchasable","15":"product-type-simple"},"_links":{"self":[{"href":"https:\/\/wasayachts.com\/en\/wp-json\/wp\/v2\/product\/25539","targetHints":{"allow":["GET"]}}],"collection":[{"href":"https:\/\/wasayachts.com\/en\/wp-json\/wp\/v2\/product"}],"about":[{"href":"https:\/\/wasayachts.com\/en\/wp-json\/wp\/v2\/types\/product"}],"replies":[{"embeddable":true,"href":"https:\/\/wasayachts.com\/en\/wp-json\/wp\/v2\/comments?post=25539"}],"wp:featuredmedia":[{"embeddable":true,"href":"https:\/\/wasayachts.com\/en\/wp-json\/wp\/v2\/media\/25541"}],"wp:attachment":[{"href":"https:\/\/wasayachts.com\/en\/wp-json\/wp\/v2\/media?parent=25539"}],"wp:term":[{"taxonomy":"product_brand","embeddable":true,"href":"https:\/\/wasayachts.com\/en\/wp-json\/wp\/v2\/product_brand?post=25539"},{"taxonomy":"product_cat","embeddable":true,"href":"https:\/\/wasayachts.com\/en\/wp-json\/wp\/v2\/product_cat?post=25539"},{"taxonomy":"product_tag","embeddable":true,"href":"https:\/\/wasayachts.com\/en\/wp-json\/wp\/v2\/product_tag?post=25539"}],"curies":[{"name":"wp","href":"https:\/\/api.w.org\/{rel}","templated":true}]}}