{"id":25542,"date":"2024-11-07T14:11:49","date_gmt":"2024-11-07T13:11:49","guid":{"rendered":"https:\/\/wasayachts.com\/?post_type=product&#038;p=25542"},"modified":"2024-12-24T13:51:51","modified_gmt":"2024-12-24T12:51:51","slug":"varmevaxlare-gummituta-2010-2030-vp","status":"publish","type":"product","link":"https:\/\/wasayachts.com\/en\/product\/varmevaxlare-gummituta-2010-2030-vp\/","title":{"rendered":"V\u00e4rmev\u00e4xlare gummituta 2030 vp 3580326"},"content":{"rendered":"<p>\u00c4ndstycke i gummi till v\u00e4rmevxl<\/p>","protected":false},"excerpt":{"rendered":"<p>\u00c4ndstycke i gummi till v\u00e4rmevxl<\/p>","protected":false},"featured_media":25541,"comment_status":"closed","ping_status":"closed","template":"","meta":[],"product_brand":[],"product_cat":[423,428,431],"product_tag":[],"class_list":{"0":"post-25542","1":"product","2":"type-product","3":"status-publish","4":"has-post-thumbnail","6":"product_cat-sotvattenkylning-och-delar","7":"product_cat-begagnade-batdelar","8":"product_cat-motordelar","10":"first","11":"instock","12":"taxable","13":"shipping-taxable","14":"purchasable","15":"product-type-simple"},"_links":{"self":[{"href":"https:\/\/wasayachts.com\/en\/wp-json\/wp\/v2\/product\/25542","targetHints":{"allow":["GET"]}}],"collection":[{"href":"https:\/\/wasayachts.com\/en\/wp-json\/wp\/v2\/product"}],"about":[{"href":"https:\/\/wasayachts.com\/en\/wp-json\/wp\/v2\/types\/product"}],"replies":[{"embeddable":true,"href":"https:\/\/wasayachts.com\/en\/wp-json\/wp\/v2\/comments?post=25542"}],"wp:featuredmedia":[{"embeddable":true,"href":"https:\/\/wasayachts.com\/en\/wp-json\/wp\/v2\/media\/25541"}],"wp:attachment":[{"href":"https:\/\/wasayachts.com\/en\/wp-json\/wp\/v2\/media?parent=25542"}],"wp:term":[{"taxonomy":"product_brand","embeddable":true,"href":"https:\/\/wasayachts.com\/en\/wp-json\/wp\/v2\/product_brand?post=25542"},{"taxonomy":"product_cat","embeddable":true,"href":"https:\/\/wasayachts.com\/en\/wp-json\/wp\/v2\/product_cat?post=25542"},{"taxonomy":"product_tag","embeddable":true,"href":"https:\/\/wasayachts.com\/en\/wp-json\/wp\/v2\/product_tag?post=25542"}],"curies":[{"name":"wp","href":"https:\/\/api.w.org\/{rel}","templated":true}]}}