{"id":25668,"date":"2024-12-04T13:12:36","date_gmt":"2024-12-04T12:12:36","guid":{"rendered":"https:\/\/wasayachts.com\/?post_type=product&#038;p=25668"},"modified":"2026-03-02T10:53:30","modified_gmt":"2026-03-02T09:53:30","slug":"varmvattenberedare","status":"publish","type":"product","link":"https:\/\/wasayachts.com\/en\/product\/varmvattenberedare\/","title":{"rendered":"Varmvattenberedare"},"content":{"rendered":"<p>Varmvattenberedaren \u00e4r begagnad<\/p>\n<p>\u00d6ppet k\u00f6p i 15 dagar<\/p>\n<p>&nbsp;<\/p>","protected":false},"excerpt":{"rendered":"<p>Varmvattenberedaren \u00e4r begagnad \u00d6ppet k\u00f6p i 15 dagar &nbsp;<\/p>","protected":false},"featured_media":25670,"comment_status":"closed","ping_status":"closed","template":"","meta":[],"product_brand":[],"product_cat":[428,485],"product_tag":[],"class_list":{"0":"post-25668","1":"product","2":"type-product","3":"status-publish","4":"has-post-thumbnail","6":"product_cat-begagnade-batdelar","7":"product_cat-begagnade-varvsmaskiner","8":"product_shipping_class-hamtning","10":"first","11":"instock","12":"sale","13":"taxable","14":"shipping-taxable","15":"purchasable","16":"product-type-simple"},"_links":{"self":[{"href":"https:\/\/wasayachts.com\/en\/wp-json\/wp\/v2\/product\/25668","targetHints":{"allow":["GET"]}}],"collection":[{"href":"https:\/\/wasayachts.com\/en\/wp-json\/wp\/v2\/product"}],"about":[{"href":"https:\/\/wasayachts.com\/en\/wp-json\/wp\/v2\/types\/product"}],"replies":[{"embeddable":true,"href":"https:\/\/wasayachts.com\/en\/wp-json\/wp\/v2\/comments?post=25668"}],"wp:featuredmedia":[{"embeddable":true,"href":"https:\/\/wasayachts.com\/en\/wp-json\/wp\/v2\/media\/25670"}],"wp:attachment":[{"href":"https:\/\/wasayachts.com\/en\/wp-json\/wp\/v2\/media?parent=25668"}],"wp:term":[{"taxonomy":"product_brand","embeddable":true,"href":"https:\/\/wasayachts.com\/en\/wp-json\/wp\/v2\/product_brand?post=25668"},{"taxonomy":"product_cat","embeddable":true,"href":"https:\/\/wasayachts.com\/en\/wp-json\/wp\/v2\/product_cat?post=25668"},{"taxonomy":"product_tag","embeddable":true,"href":"https:\/\/wasayachts.com\/en\/wp-json\/wp\/v2\/product_tag?post=25668"}],"curies":[{"name":"wp","href":"https:\/\/api.w.org\/{rel}","templated":true}]}}