{"id":25702,"date":"2024-12-09T15:08:46","date_gmt":"2024-12-09T14:08:46","guid":{"rendered":"https:\/\/wasayachts.com\/?post_type=product&#038;p=25702"},"modified":"2026-03-25T13:13:28","modified_gmt":"2026-03-25T12:13:28","slug":"undervaxel-yamha-40-hkr","status":"publish","type":"product","link":"https:\/\/wasayachts.com\/en\/product\/undervaxel-yamha-40-hkr\/","title":{"rendered":"Underv\u00e4xel Yamha 40 HK"},"content":{"rendered":"<p>&nbsp;<\/p>\n<p>St\u00e5ngens l\u00e4ngd = 51 cm<\/p>\n<p>Hall 3 drevst\u00e4ll<\/p>","protected":false},"excerpt":{"rendered":"<p>&nbsp; St\u00e5ngens l\u00e4ngd = 51 cm Hall 3 drevst\u00e4ll<\/p>","protected":false},"featured_media":25704,"comment_status":"closed","ping_status":"closed","template":"","meta":[],"product_brand":[],"product_cat":[402,428,412],"product_tag":[],"class_list":{"0":"post-25702","1":"product","2":"type-product","3":"status-publish","4":"has-post-thumbnail","6":"product_cat-drev-backslag","7":"product_cat-begagnade-batdelar","8":"product_cat-drev-och-drivlina","9":"product_shipping_class-hamtning","11":"first","12":"instock","13":"taxable","14":"shipping-taxable","15":"purchasable","16":"product-type-simple"},"_links":{"self":[{"href":"https:\/\/wasayachts.com\/en\/wp-json\/wp\/v2\/product\/25702","targetHints":{"allow":["GET"]}}],"collection":[{"href":"https:\/\/wasayachts.com\/en\/wp-json\/wp\/v2\/product"}],"about":[{"href":"https:\/\/wasayachts.com\/en\/wp-json\/wp\/v2\/types\/product"}],"replies":[{"embeddable":true,"href":"https:\/\/wasayachts.com\/en\/wp-json\/wp\/v2\/comments?post=25702"}],"wp:featuredmedia":[{"embeddable":true,"href":"https:\/\/wasayachts.com\/en\/wp-json\/wp\/v2\/media\/25704"}],"wp:attachment":[{"href":"https:\/\/wasayachts.com\/en\/wp-json\/wp\/v2\/media?parent=25702"}],"wp:term":[{"taxonomy":"product_brand","embeddable":true,"href":"https:\/\/wasayachts.com\/en\/wp-json\/wp\/v2\/product_brand?post=25702"},{"taxonomy":"product_cat","embeddable":true,"href":"https:\/\/wasayachts.com\/en\/wp-json\/wp\/v2\/product_cat?post=25702"},{"taxonomy":"product_tag","embeddable":true,"href":"https:\/\/wasayachts.com\/en\/wp-json\/wp\/v2\/product_tag?post=25702"}],"curies":[{"name":"wp","href":"https:\/\/api.w.org\/{rel}","templated":true}]}}