{"id":25721,"date":"2024-12-19T13:46:30","date_gmt":"2024-12-19T12:46:30","guid":{"rendered":"https:\/\/wasayachts.com\/?post_type=product&#038;p=25721"},"modified":"2024-12-19T13:49:51","modified_gmt":"2024-12-19T12:49:51","slug":"powerhead-yamaha-40-hkr","status":"publish","type":"product","link":"https:\/\/wasayachts.com\/en\/product\/powerhead-yamaha-40-hkr\/","title":{"rendered":"Powerhead Yamaha 40 hkr"},"content":{"rendered":"<p>Inte funktionstestad d\u00e4rf\u00f6r inte s\u00e4kert om den fungerar eller ej.<\/p>\n<p>H\u00e4mtas i S\u00f6dert\u00e4lje eller skickas med p\u00e5 halvpall. OBS fraktpris vid best\u00e4llning g\u00e4ller inte. Den ber\u00e4knas vid order.<\/p>\n<p>Hall 3 pall<\/p>\n<p>&nbsp;<\/p>\n<p>&nbsp;<\/p>","protected":false},"excerpt":{"rendered":"<p>Inte funktionstestad d\u00e4rf\u00f6r inte s\u00e4kert om den fungerar eller ej. H\u00e4mtas i S\u00f6dert\u00e4lje eller skickas med p\u00e5 halvpall. OBS fraktpris vid best\u00e4llning g\u00e4ller inte. Den ber\u00e4knas vid order. Hall 3 pall &nbsp; &nbsp;<\/p>","protected":false},"featured_media":25724,"comment_status":"closed","ping_status":"closed","template":"","meta":[],"product_brand":[],"product_cat":[408,428,431],"product_tag":[],"class_list":{"0":"post-25721","1":"product","2":"type-product","3":"status-publish","4":"has-post-thumbnail","6":"product_cat-utombordare","7":"product_cat-begagnade-batdelar","8":"product_cat-motordelar","10":"first","11":"instock","12":"taxable","13":"shipping-taxable","14":"purchasable","15":"product-type-simple"},"_links":{"self":[{"href":"https:\/\/wasayachts.com\/en\/wp-json\/wp\/v2\/product\/25721","targetHints":{"allow":["GET"]}}],"collection":[{"href":"https:\/\/wasayachts.com\/en\/wp-json\/wp\/v2\/product"}],"about":[{"href":"https:\/\/wasayachts.com\/en\/wp-json\/wp\/v2\/types\/product"}],"replies":[{"embeddable":true,"href":"https:\/\/wasayachts.com\/en\/wp-json\/wp\/v2\/comments?post=25721"}],"wp:featuredmedia":[{"embeddable":true,"href":"https:\/\/wasayachts.com\/en\/wp-json\/wp\/v2\/media\/25724"}],"wp:attachment":[{"href":"https:\/\/wasayachts.com\/en\/wp-json\/wp\/v2\/media?parent=25721"}],"wp:term":[{"taxonomy":"product_brand","embeddable":true,"href":"https:\/\/wasayachts.com\/en\/wp-json\/wp\/v2\/product_brand?post=25721"},{"taxonomy":"product_cat","embeddable":true,"href":"https:\/\/wasayachts.com\/en\/wp-json\/wp\/v2\/product_cat?post=25721"},{"taxonomy":"product_tag","embeddable":true,"href":"https:\/\/wasayachts.com\/en\/wp-json\/wp\/v2\/product_tag?post=25721"}],"curies":[{"name":"wp","href":"https:\/\/api.w.org\/{rel}","templated":true}]}}