{"id":25803,"date":"2025-01-15T21:29:19","date_gmt":"2025-01-15T20:29:19","guid":{"rendered":"https:\/\/wasayachts.com\/?post_type=product&#038;p=25803"},"modified":"2026-04-11T13:49:21","modified_gmt":"2026-04-11T11:49:21","slug":"klamring-volvo-penta-nr-8500796-3586701","status":"publish","type":"product","link":"https:\/\/wasayachts.com\/en\/product\/klamring-volvo-penta-nr-8500796-3586701\/","title":{"rendered":"Kl\u00e4mring Saildrive &#8211; Volvo Penta 8500796 \/ 3586701"},"content":{"rendered":"<p data-start=\"240\" data-end=\"314\"><strong data-start=\"240\" data-end=\"258\">Artikelnummer:<\/strong> 850079 \/ 3586701<br data-start=\"275\" data-end=\"278\" \/><strong data-start=\"278\" data-end=\"289\">Nypris:<\/strong> ca 5 790,00 kr inkl. moms<\/p>\n<p data-start=\"316\" data-end=\"478\">Kl\u00e4mring f\u00f6r montering av t\u00e4tningsring\/gummit\u00e4tning mellan saildrive och motorb\u00e4dd.<br data-start=\"399\" data-end=\"402\" \/>Ringen \u00e4r <strong data-start=\"412\" data-end=\"442\">bl\u00e4strad och varmf\u00f6rzinkad<\/strong> f\u00f6r god best\u00e4ndighet i marin milj\u00f6.<\/p>\n<p data-start=\"480\" data-end=\"502\"><strong data-start=\"485\" data-end=\"502\">Inbytessystem<\/strong><\/p>\n<ul data-start=\"503\" data-end=\"636\">\n<li data-start=\"503\" data-end=\"560\">\n<p data-start=\"505\" data-end=\"560\"><strong data-start=\"505\" data-end=\"528\">2 000 kr inkl. moms<\/strong> vid inbyte av gammal kl\u00e4mring<\/p>\n<\/li>\n<li data-start=\"561\" data-end=\"636\">\n<p data-start=\"563\" data-end=\"636\">Saknas ring i retur tillkommer <strong data-start=\"594\" data-end=\"604\">500 kr<\/strong>, totalt <strong data-start=\"613\" data-end=\"636\">2 500 kr inkl. moms<\/strong><\/p>\n<\/li>\n<\/ul>\n<p data-start=\"638\" data-end=\"656\"><strong data-start=\"643\" data-end=\"656\">Utf\u00f6rande<\/strong><\/p>\n<ul data-start=\"657\" data-end=\"717\">\n<li data-start=\"657\" data-end=\"677\">\n<p data-start=\"659\" data-end=\"677\">Variant: <strong data-start=\"668\" data-end=\"677\">6 h\u00e5l<\/strong><\/p>\n<\/li>\n<li data-start=\"678\" data-end=\"717\">\n<p data-start=\"680\" data-end=\"717\">Avsedd f\u00f6r \u00e4ldre montage (bl.a. 110S)<\/p>\n<\/li>\n<\/ul>\n<blockquote data-start=\"719\" data-end=\"816\">\n<p data-start=\"721\" data-end=\"816\">Det finns kl\u00e4mringar med b\u00e5de <strong data-start=\"751\" data-end=\"767\">6 och 10 h\u00e5l<\/strong>.<br data-start=\"768\" data-end=\"771\" \/>Denna annons avser <strong data-start=\"792\" data-end=\"815\">varianten med 6 h\u00e5l<\/strong>.<\/p>\n<\/blockquote>\n<p data-start=\"818\" data-end=\"839\"><strong data-start=\"823\" data-end=\"839\">Passar bl.a.<\/strong><\/p>\n<ul data-start=\"840\" data-end=\"995\">\n<li data-start=\"840\" data-end=\"850\">110S<\/li>\n<li data-start=\"840\" data-end=\"850\">\n<p data-start=\"842\" data-end=\"850\">120S-E<\/p>\n<\/li>\n<li data-start=\"851\" data-end=\"868\">\n<p data-start=\"853\" data-end=\"868\">130S \/ 130S-B<\/p>\n<\/li>\n<li data-start=\"869\" data-end=\"898\">\n<p data-start=\"871\" data-end=\"898\">130SR \/ 130SR-A \/ 130SR-B<\/p>\n<\/li>\n<li data-start=\"899\" data-end=\"916\">\n<p data-start=\"901\" data-end=\"916\">150S \/ 150S-B<\/p>\n<\/li>\n<li data-start=\"917\" data-end=\"936\">\n<p data-start=\"919\" data-end=\"936\">150SR \/ 150SR-B<\/p>\n<\/li>\n<li data-start=\"937\" data-end=\"959\">\n<p data-start=\"939\" data-end=\"959\">MS25S-A \/ MS25SR-A<\/p>\n<\/li>\n<li data-start=\"960\" data-end=\"977\">\n<p data-start=\"962\" data-end=\"977\">MD11C \/ MD11D<\/p>\n<\/li>\n<li data-start=\"978\" data-end=\"995\">\n<p data-start=\"980\" data-end=\"995\">MD17C \/ MD17D<\/p>\n<\/li>\n<\/ul>","protected":false},"excerpt":{"rendered":"<p>Artikelnummer: 850079 \/ 3586701Nypris: ca 5 790,00 kr inkl. moms Kl\u00e4mring f\u00f6r montering av t\u00e4tningsring\/gummit\u00e4tning mellan saildrive och motorb\u00e4dd.Ringen \u00e4r bl\u00e4strad och varmf\u00f6rzinkad f\u00f6r god best\u00e4ndighet i marin milj\u00f6. Inbytessystem 2 000 kr inkl. moms vid inbyte av gammal kl\u00e4mring Saknas ring i retur tillkommer 500 kr, totalt 2 500 kr inkl. moms Utf\u00f6rande Variant: [&hellip;]<\/p>\n","protected":false},"featured_media":25805,"comment_status":"closed","ping_status":"closed","template":"","meta":[],"product_brand":[],"product_cat":[413,428,412,431,444],"product_tag":[],"class_list":{"0":"post-25803","1":"product","2":"type-product","3":"status-publish","4":"has-post-thumbnail","6":"product_cat-anslutningsdetaljer-drev-och-backslag-motortassar","7":"product_cat-begagnade-batdelar","8":"product_cat-drev-och-drivlina","9":"product_cat-motordelar","10":"product_cat-filter","12":"first","13":"instock","14":"taxable","15":"shipping-taxable","16":"purchasable","17":"product-type-simple"},"_links":{"self":[{"href":"https:\/\/wasayachts.com\/en\/wp-json\/wp\/v2\/product\/25803","targetHints":{"allow":["GET"]}}],"collection":[{"href":"https:\/\/wasayachts.com\/en\/wp-json\/wp\/v2\/product"}],"about":[{"href":"https:\/\/wasayachts.com\/en\/wp-json\/wp\/v2\/types\/product"}],"replies":[{"embeddable":true,"href":"https:\/\/wasayachts.com\/en\/wp-json\/wp\/v2\/comments?post=25803"}],"wp:featuredmedia":[{"embeddable":true,"href":"https:\/\/wasayachts.com\/en\/wp-json\/wp\/v2\/media\/25805"}],"wp:attachment":[{"href":"https:\/\/wasayachts.com\/en\/wp-json\/wp\/v2\/media?parent=25803"}],"wp:term":[{"taxonomy":"product_brand","embeddable":true,"href":"https:\/\/wasayachts.com\/en\/wp-json\/wp\/v2\/product_brand?post=25803"},{"taxonomy":"product_cat","embeddable":true,"href":"https:\/\/wasayachts.com\/en\/wp-json\/wp\/v2\/product_cat?post=25803"},{"taxonomy":"product_tag","embeddable":true,"href":"https:\/\/wasayachts.com\/en\/wp-json\/wp\/v2\/product_tag?post=25803"}],"curies":[{"name":"wp","href":"https:\/\/api.w.org\/{rel}","templated":true}]}}