{"id":25807,"date":"2025-01-15T22:40:15","date_gmt":"2025-01-15T21:40:15","guid":{"rendered":"https:\/\/wasayachts.com\/?post_type=product&#038;p=25807"},"modified":"2026-04-13T22:47:50","modified_gmt":"2026-04-13T20:47:50","slug":"klamring-volvo-penta-nr-22222853","status":"publish","type":"product","link":"https:\/\/wasayachts.com\/en\/product\/klamring-volvo-penta-nr-22222853\/","title":{"rendered":"Kl\u00e4mring Saildrive &#8211; Volvo Penta 22222853"},"content":{"rendered":"<p data-start=\"177\" data-end=\"243\"><strong data-start=\"177\" data-end=\"195\">Artikelnummer:<\/strong> 22222853<br data-start=\"204\" data-end=\"207\" \/><strong data-start=\"207\" data-end=\"218\">Nypris:<\/strong> ca 5 790,00 kr inkl. moms<\/p>\n<p data-start=\"245\" data-end=\"407\">Kl\u00e4mring f\u00f6r montering av t\u00e4tningsring\/gummit\u00e4tning mellan saildrive och motorb\u00e4dd.<br data-start=\"328\" data-end=\"331\" \/>Ringen \u00e4r <strong data-start=\"341\" data-end=\"371\">bl\u00e4strad och varmf\u00f6rzinkad<\/strong> f\u00f6r god best\u00e4ndighet i marin milj\u00f6.<\/p>\n<p data-start=\"480\" data-end=\"502\"><strong data-start=\"485\" data-end=\"502\">Inbytessystem<\/strong><\/p>\n<ul data-start=\"503\" data-end=\"636\">\n<li data-start=\"503\" data-end=\"560\">\n<p data-start=\"505\" data-end=\"560\"><strong data-start=\"505\" data-end=\"528\">2 000 kr inkl. moms<\/strong> vid inbyte av gammal kl\u00e4mring<\/p>\n<\/li>\n<li data-start=\"561\" data-end=\"636\">\n<p data-start=\"563\" data-end=\"636\">Saknas ring i retur tillkommer <strong data-start=\"594\" data-end=\"604\">500 kr<\/strong>, totalt <strong data-start=\"613\" data-end=\"636\">2 500 kr inkl. moms<\/strong><\/p>\n<\/li>\n<\/ul>\n<p data-start=\"409\" data-end=\"427\"><strong data-start=\"414\" data-end=\"427\">Utf\u00f6rande<\/strong><\/p>\n<ul data-start=\"428\" data-end=\"449\">\n<li data-start=\"428\" data-end=\"449\">\n<p data-start=\"430\" data-end=\"449\">Variant: <strong data-start=\"439\" data-end=\"449\">10 h\u00e5l<\/strong><\/p>\n<\/li>\n<\/ul>\n<blockquote data-start=\"451\" data-end=\"549\">\n<p data-start=\"453\" data-end=\"549\">Det finns kl\u00e4mringar med b\u00e5de <strong data-start=\"483\" data-end=\"499\">6 och 10 h\u00e5l<\/strong>.<br data-start=\"500\" data-end=\"503\" \/>Denna annons avser <strong data-start=\"524\" data-end=\"548\">varianten med 10 h\u00e5l<\/strong>.<\/p>\n<\/blockquote>\n<p data-start=\"551\" data-end=\"572\"><strong data-start=\"556\" data-end=\"572\">Passar bl.a.<\/strong><\/p>\n<ul data-start=\"573\" data-end=\"692\">\n<li data-start=\"573\" data-end=\"583\">\n<p data-start=\"575\" data-end=\"583\">120S-E<\/p>\n<\/li>\n<li data-start=\"584\" data-end=\"601\">\n<p data-start=\"586\" data-end=\"601\">130S \/ 130S-B<\/p>\n<\/li>\n<li data-start=\"602\" data-end=\"631\">\n<p data-start=\"604\" data-end=\"631\">130SR \/ 130SR-A \/ 130SR-B<\/p>\n<\/li>\n<li data-start=\"632\" data-end=\"649\">\n<p data-start=\"634\" data-end=\"649\">150S \/ 150S-B<\/p>\n<\/li>\n<li data-start=\"650\" data-end=\"669\">\n<p data-start=\"652\" data-end=\"669\">150SR \/ 150SR-B<\/p>\n<\/li>\n<li data-start=\"670\" data-end=\"692\">\n<p data-start=\"672\" data-end=\"692\">MS25S-A \/ MS25SR-A<\/p>\n<\/li>\n<\/ul>","protected":false},"excerpt":{"rendered":"<p>Artikelnummer: 22222853Nypris: ca 5 790,00 kr inkl. moms Kl\u00e4mring f\u00f6r montering av t\u00e4tningsring\/gummit\u00e4tning mellan saildrive och motorb\u00e4dd.Ringen \u00e4r bl\u00e4strad och varmf\u00f6rzinkad f\u00f6r god best\u00e4ndighet i marin milj\u00f6. Inbytessystem 2 000 kr inkl. moms vid inbyte av gammal kl\u00e4mring Saknas ring i retur tillkommer 500 kr, totalt 2 500 kr inkl. moms Utf\u00f6rande Variant: 10 h\u00e5l [&hellip;]<\/p>\n","protected":false},"featured_media":25804,"comment_status":"closed","ping_status":"closed","template":"","meta":[],"product_brand":[],"product_cat":[413,428,412,431,444],"product_tag":[],"class_list":{"0":"post-25807","1":"product","2":"type-product","3":"status-publish","4":"has-post-thumbnail","6":"product_cat-anslutningsdetaljer-drev-och-backslag-motortassar","7":"product_cat-begagnade-batdelar","8":"product_cat-drev-och-drivlina","9":"product_cat-motordelar","10":"product_cat-filter","12":"first","13":"instock","14":"taxable","15":"shipping-taxable","16":"purchasable","17":"product-type-simple"},"_links":{"self":[{"href":"https:\/\/wasayachts.com\/en\/wp-json\/wp\/v2\/product\/25807","targetHints":{"allow":["GET"]}}],"collection":[{"href":"https:\/\/wasayachts.com\/en\/wp-json\/wp\/v2\/product"}],"about":[{"href":"https:\/\/wasayachts.com\/en\/wp-json\/wp\/v2\/types\/product"}],"replies":[{"embeddable":true,"href":"https:\/\/wasayachts.com\/en\/wp-json\/wp\/v2\/comments?post=25807"}],"wp:featuredmedia":[{"embeddable":true,"href":"https:\/\/wasayachts.com\/en\/wp-json\/wp\/v2\/media\/25804"}],"wp:attachment":[{"href":"https:\/\/wasayachts.com\/en\/wp-json\/wp\/v2\/media?parent=25807"}],"wp:term":[{"taxonomy":"product_brand","embeddable":true,"href":"https:\/\/wasayachts.com\/en\/wp-json\/wp\/v2\/product_brand?post=25807"},{"taxonomy":"product_cat","embeddable":true,"href":"https:\/\/wasayachts.com\/en\/wp-json\/wp\/v2\/product_cat?post=25807"},{"taxonomy":"product_tag","embeddable":true,"href":"https:\/\/wasayachts.com\/en\/wp-json\/wp\/v2\/product_tag?post=25807"}],"curies":[{"name":"wp","href":"https:\/\/api.w.org\/{rel}","templated":true}]}}