{"id":25827,"date":"2025-01-24T14:22:47","date_gmt":"2025-01-24T13:22:47","guid":{"rendered":"https:\/\/wasayachts.com\/?post_type=product&#038;p=25827"},"modified":"2025-08-07T22:56:03","modified_gmt":"2025-08-07T20:56:03","slug":"elektriskt-utombordare","status":"publish","type":"product","link":"https:\/\/wasayachts.com\/en\/product\/elektriskt-utombordare\/","title":{"rendered":"Elektriskt utombordare Epropulsion 1,0 +"},"content":{"rendered":"<p>Elutombordare E-propulsion l\u00e5ng rigg inklusive laddare och<\/p>\n<p>Ny-pris ca 26,400 kr inkl moms inkl laddare<\/p>\n<p>Motorn \u00e4r helt ny har varit demomotor hos oss.<\/p>\n<p>F\u00f6r mer information se agentens hemsida<\/p>\n<blockquote class=\"wp-embedded-content\" data-secret=\"gMLEFs0Zi8\"><p><a href=\"https:\/\/epropulsionsverige.se\/produkt\/spirit-1-0-plus\/\" target=\"_blank\" rel=\"noopener\">Spirit 1.0 Plus<\/a><\/p><\/blockquote>\n<p><iframe class=\"wp-embedded-content\" sandbox=\"allow-scripts\" security=\"restricted\" style=\"position: absolute; visibility: hidden;\" title=\"\u201dSpirit 1.0 Plus\u201d &ndash; Epropulsion\" src=\"https:\/\/epropulsionsverige.se\/produkt\/spirit-1-0-plus\/embed\/#?secret=TWWsI3Yfsi#?secret=gMLEFs0Zi8\" data-secret=\"gMLEFs0Zi8\" width=\"600\" height=\"338\" frameborder=\"0\" marginwidth=\"0\" marginheight=\"0\" scrolling=\"no\"><\/iframe><\/p>\n<p>\u00d6ppet k\u00f6p i tre m\u00e5nader.<\/p>\n<p>Motorn k\u00f6pes och h\u00e4mtas hos oss och vid retur \u00e5terl\u00e4mnas hit.<\/p>\n<p>En kompakt, l\u00e4tt och smidig liten motor f\u00f6r jollen eller den lilla segelb\u00e5ten. Perfekt \u00e4ven f\u00f6r kortare fisketurer, eftersom den \u00e4r extra tyst. Styrkan motsvarar en 3-h\u00e4stars bensinmotor.<\/p>\n<p>Komplett paket \u2013 utombordare 1kW med f\u00e4llbar rorkult,<br \/>\nett 1276 Wh batteri och 230V laddare<\/p>\n<p><strong>L\u00e4tt att transportera<\/strong><\/p>\n<p>En Spirit v\u00e4ger bara 20 kg med batteri s\u00e5 den \u00e4r l\u00e4tt att b\u00e4ra med sig.<\/p>\n<p><strong>Enkel att anv\u00e4nda<\/strong><\/p>\n<p>En Spirit kopplar du bara in och k\u00f6r iv\u00e4g med. Allt \u00e4r v\u00e4l genomt\u00e4nkt och dimensionerat.<\/p>\n<p><strong>Smidiga v\u00e4skor<\/strong><\/p>\n<p>V\u00e4skorna f\u00f6r motor och batteri g\u00f6r transporterna enkla och s\u00e4kra.<\/p>\n<p><strong>F\u00e4llbar rorkult<\/strong><\/p>\n<p>G\u00f6r motorn enklare att packa ner och upp.<\/p>\n<p><strong>Flytande batteri<\/strong><\/p>\n<p>Skulle du tappa i ditt batteriet s\u00e5 \u00e4r det bara att plocka upp det, montera det och k\u00f6ra iv\u00e4g<\/p>","protected":false},"excerpt":{"rendered":"<p>Elutombordare E-propulsion l\u00e5ng rigg inklusive laddare och Ny-pris ca 26,400 kr inkl moms inkl laddare Motorn \u00e4r helt ny har varit demomotor hos oss. F\u00f6r mer information se agentens hemsida Spirit 1.0 Plus \u00d6ppet k\u00f6p i tre m\u00e5nader. Motorn k\u00f6pes och h\u00e4mtas hos oss och vid retur \u00e5terl\u00e4mnas hit. En kompakt, l\u00e4tt och smidig liten [&hellip;]<\/p>\n","protected":false},"featured_media":25828,"comment_status":"closed","ping_status":"closed","template":"","meta":[],"product_brand":[],"product_cat":[456,428,426,431],"product_tag":[],"class_list":{"0":"post-25827","1":"product","2":"type-product","3":"status-publish","4":"has-post-thumbnail","6":"product_cat-utombordare-2","7":"product_cat-begagnade-batdelar","8":"product_cat-motorer-2","9":"product_cat-motordelar","10":"product_shipping_class-hamtning","12":"first","13":"outofstock","14":"sale","15":"taxable","16":"shipping-taxable","17":"purchasable","18":"product-type-simple"},"_links":{"self":[{"href":"https:\/\/wasayachts.com\/en\/wp-json\/wp\/v2\/product\/25827","targetHints":{"allow":["GET"]}}],"collection":[{"href":"https:\/\/wasayachts.com\/en\/wp-json\/wp\/v2\/product"}],"about":[{"href":"https:\/\/wasayachts.com\/en\/wp-json\/wp\/v2\/types\/product"}],"replies":[{"embeddable":true,"href":"https:\/\/wasayachts.com\/en\/wp-json\/wp\/v2\/comments?post=25827"}],"wp:featuredmedia":[{"embeddable":true,"href":"https:\/\/wasayachts.com\/en\/wp-json\/wp\/v2\/media\/25828"}],"wp:attachment":[{"href":"https:\/\/wasayachts.com\/en\/wp-json\/wp\/v2\/media?parent=25827"}],"wp:term":[{"taxonomy":"product_brand","embeddable":true,"href":"https:\/\/wasayachts.com\/en\/wp-json\/wp\/v2\/product_brand?post=25827"},{"taxonomy":"product_cat","embeddable":true,"href":"https:\/\/wasayachts.com\/en\/wp-json\/wp\/v2\/product_cat?post=25827"},{"taxonomy":"product_tag","embeddable":true,"href":"https:\/\/wasayachts.com\/en\/wp-json\/wp\/v2\/product_tag?post=25827"}],"curies":[{"name":"wp","href":"https:\/\/api.w.org\/{rel}","templated":true}]}}