{"id":25866,"date":"2025-02-03T22:05:53","date_gmt":"2025-02-03T21:05:53","guid":{"rendered":"https:\/\/wasayachts.com\/?post_type=product&#038;p=25866"},"modified":"2026-03-02T11:01:46","modified_gmt":"2026-03-02T10:01:46","slug":"storsegel-dacron-travare","status":"publish","type":"product","link":"https:\/\/wasayachts.com\/en\/product\/storsegel-dacron-travare\/","title":{"rendered":"Storsegel dacron travare ca 22kvm f\u00f6rlik 12,24 m"},"content":{"rendered":"<p>Storsegel i dacron kommer fr\u00e5n Scanmar 33<\/p>\n<p>M\u00e4t dina egna m\u00e5tt innan k\u00f6p, kapa toppen p\u00e5 seglet om det \u00e4r f\u00f6r l\u00e5ngt \u00e4r sv\u00e5rt (dyrt) alternativ \u00e4r att s\u00e4nka bommen om m\u00f6jligt. (flytta bombeslag)<\/p>\n<p>\u00c4r seglet f\u00f6r kort s\u00e5 under 20-25 cm b\u00f6rjar det se konstigt ut.<\/p>\n<p>Diskutera med varvet vad som kan vara m\u00f6jligt.<\/p>\n<p>Storsegel<br \/>\nAL 12.98 m<br \/>\nFL 12,24 m<br \/>\nUL 3,44 m<\/p>\n<p>Yta CA 22 Kv-meter<\/p>\n<p>Material dacron<\/p>\n<p>Har suttit p\u00e5 5 tons b\u00e5t 7\/8 dels rigg<\/p>\n<p>&nbsp;<\/p>\n<p data-start=\"141\" data-end=\"165\">Varan h\u00e4mtas p\u00e5 plats.<\/p>\n<p data-start=\"167\" data-end=\"252\">Specialfrakt kan ordnas enligt \u00f6verenskommelse. Kostnadsf\u00f6rslag l\u00e4mnas vid f\u00f6rfr\u00e5gan.<\/p>","protected":false},"excerpt":{"rendered":"<p>Storsegel i dacron kommer fr\u00e5n Scanmar 33 M\u00e4t dina egna m\u00e5tt innan k\u00f6p, kapa toppen p\u00e5 seglet om det \u00e4r f\u00f6r l\u00e5ngt \u00e4r sv\u00e5rt (dyrt) alternativ \u00e4r att s\u00e4nka bommen om m\u00f6jligt. (flytta bombeslag) \u00c4r seglet f\u00f6r kort s\u00e5 under 20-25 cm b\u00f6rjar det se konstigt ut. Diskutera med varvet vad som kan vara m\u00f6jligt. [&hellip;]<\/p>\n","protected":false},"featured_media":25874,"comment_status":"closed","ping_status":"closed","template":"","meta":[],"product_brand":[],"product_cat":[400,428,411],"product_tag":[],"class_list":{"0":"post-25866","1":"product","2":"type-product","3":"status-publish","4":"has-post-thumbnail","6":"product_cat-storsegel","7":"product_cat-begagnade-batdelar","8":"product_cat-segel","9":"product_shipping_class-hamtning","11":"first","12":"instock","13":"taxable","14":"shipping-taxable","15":"purchasable","16":"product-type-simple"},"_links":{"self":[{"href":"https:\/\/wasayachts.com\/en\/wp-json\/wp\/v2\/product\/25866","targetHints":{"allow":["GET"]}}],"collection":[{"href":"https:\/\/wasayachts.com\/en\/wp-json\/wp\/v2\/product"}],"about":[{"href":"https:\/\/wasayachts.com\/en\/wp-json\/wp\/v2\/types\/product"}],"replies":[{"embeddable":true,"href":"https:\/\/wasayachts.com\/en\/wp-json\/wp\/v2\/comments?post=25866"}],"wp:featuredmedia":[{"embeddable":true,"href":"https:\/\/wasayachts.com\/en\/wp-json\/wp\/v2\/media\/25874"}],"wp:attachment":[{"href":"https:\/\/wasayachts.com\/en\/wp-json\/wp\/v2\/media?parent=25866"}],"wp:term":[{"taxonomy":"product_brand","embeddable":true,"href":"https:\/\/wasayachts.com\/en\/wp-json\/wp\/v2\/product_brand?post=25866"},{"taxonomy":"product_cat","embeddable":true,"href":"https:\/\/wasayachts.com\/en\/wp-json\/wp\/v2\/product_cat?post=25866"},{"taxonomy":"product_tag","embeddable":true,"href":"https:\/\/wasayachts.com\/en\/wp-json\/wp\/v2\/product_tag?post=25866"}],"curies":[{"name":"wp","href":"https:\/\/api.w.org\/{rel}","templated":true}]}}