{"id":25875,"date":"2025-02-04T09:15:18","date_gmt":"2025-02-04T08:15:18","guid":{"rendered":"https:\/\/wasayachts.com\/?post_type=product&#038;p=25875"},"modified":"2025-03-25T13:20:05","modified_gmt":"2025-03-25T12:20:05","slug":"genua-1-fock-wasa-55-wasa-360-wasa-38","status":"publish","type":"product","link":"https:\/\/wasayachts.com\/en\/product\/genua-1-fock-wasa-55-wasa-360-wasa-38\/","title":{"rendered":"Genua 1  33 kvm f\u00f6rlik 11,9 mWasa 55, Wasa 360, Wasa 38"},"content":{"rendered":"<p>Kommer fr\u00e5n Wasa 55 Utan Rullsystem<\/p>\n<p>Passar \u00e4ven Wasa 360, Wasa 38, M\u00e4t ditt eget f\u00f6rstagslik innan k\u00f6p f\u00f6r att vara s\u00e4ker p\u00e5 att seglet inte \u00e4r f\u00f6r l\u00e5ngt, Seglet kan enkelt kortas 20 cm alternativt vara ca 30 cm f\u00f6r kort utan att det ser onaturligt,<\/p>\n<p>R\u00e5dg\u00f6r med Wasa varvet om du \u00e4r os\u00e4ker.<\/p>\n<p>Akterlik 11,48 m<br \/>\nF\u00f6rlik 11,90 m<br \/>\nUnderlik 5,55 m<br \/>\nkommer fr\u00e5n Wasa 55<\/p>\n<p>Yta CA 33 kvm<br \/>\nF\u00f6rstagsprofil<br \/>\nMaterial Dacron<\/p>\n<p>Seglet \u00e4r utan synliga h\u00e5l<br \/>\nHar suttit p\u00e5 5-6\u00a0 tons-b\u00e5t 7\/8 dels rigg<\/p>\n<p>&nbsp;<\/p>\n<p>&nbsp;<\/p>","protected":false},"excerpt":{"rendered":"<p>Kommer fr\u00e5n Wasa 55 Utan Rullsystem Passar \u00e4ven Wasa 360, Wasa 38, M\u00e4t ditt eget f\u00f6rstagslik innan k\u00f6p f\u00f6r att vara s\u00e4ker p\u00e5 att seglet inte \u00e4r f\u00f6r l\u00e5ngt, Seglet kan enkelt kortas 20 cm alternativt vara ca 30 cm f\u00f6r kort utan att det ser onaturligt, R\u00e5dg\u00f6r med Wasa varvet om du \u00e4r os\u00e4ker. [&hellip;]<\/p>\n","protected":false},"featured_media":25882,"comment_status":"closed","ping_status":"closed","template":"","meta":[],"product_brand":[],"product_cat":[399,428,411],"product_tag":[],"class_list":{"0":"post-25875","1":"product","2":"type-product","3":"status-publish","4":"has-post-thumbnail","6":"product_cat-forsegel","7":"product_cat-begagnade-batdelar","8":"product_cat-segel","10":"first","11":"outofstock","12":"taxable","13":"shipping-taxable","14":"purchasable","15":"product-type-simple"},"_links":{"self":[{"href":"https:\/\/wasayachts.com\/en\/wp-json\/wp\/v2\/product\/25875","targetHints":{"allow":["GET"]}}],"collection":[{"href":"https:\/\/wasayachts.com\/en\/wp-json\/wp\/v2\/product"}],"about":[{"href":"https:\/\/wasayachts.com\/en\/wp-json\/wp\/v2\/types\/product"}],"replies":[{"embeddable":true,"href":"https:\/\/wasayachts.com\/en\/wp-json\/wp\/v2\/comments?post=25875"}],"wp:featuredmedia":[{"embeddable":true,"href":"https:\/\/wasayachts.com\/en\/wp-json\/wp\/v2\/media\/25882"}],"wp:attachment":[{"href":"https:\/\/wasayachts.com\/en\/wp-json\/wp\/v2\/media?parent=25875"}],"wp:term":[{"taxonomy":"product_brand","embeddable":true,"href":"https:\/\/wasayachts.com\/en\/wp-json\/wp\/v2\/product_brand?post=25875"},{"taxonomy":"product_cat","embeddable":true,"href":"https:\/\/wasayachts.com\/en\/wp-json\/wp\/v2\/product_cat?post=25875"},{"taxonomy":"product_tag","embeddable":true,"href":"https:\/\/wasayachts.com\/en\/wp-json\/wp\/v2\/product_tag?post=25875"}],"curies":[{"name":"wp","href":"https:\/\/api.w.org\/{rel}","templated":true}]}}