{"id":25884,"date":"2025-02-04T09:39:37","date_gmt":"2025-02-04T08:39:37","guid":{"rendered":"https:\/\/wasayachts.com\/?post_type=product&#038;p=25884"},"modified":"2025-05-08T15:21:15","modified_gmt":"2025-05-08T13:21:15","slug":"genua-3-fock-kevlar","status":"publish","type":"product","link":"https:\/\/wasayachts.com\/en\/product\/genua-3-fock-kevlar\/","title":{"rendered":"Genua 3 Fock Kevlar ca 32 kvm f\u00f6rlik 14,42"},"content":{"rendered":"<p>M\u00e4t ditt eget f\u00f6rstagslik innan k\u00f6p f\u00f6r att vara s\u00e4ker p\u00e5 att seglet inte \u00e4r f\u00f6r l\u00e5ngt, Seglet kan enkelt kortas ca 20 cm alternativt vara ca 30 cm f\u00f6r kort utan att det ser onaturligt, dock kan fallstyrningen till ev rullfocken beh\u00f6va justeras.<\/p>\n<p>F\u00f6rlik i Profilband<\/p>\n<p>R\u00e5dg\u00f6r med Wasa varvet om du \u00e4r os\u00e4ker.<\/p>\n<p>Akterlik 13,6 m<br \/>\nF\u00f6rlik 14,42 m<br \/>\nUnderlik 4,62 m<\/p>\n<p>Yta CA 32 kvm<br \/>\nF\u00f6rstagsprofil<br \/>\nMaterial kevlar<\/p>\n<p>Seglet \u00e4r utan synliga h\u00e5l<br \/>\nHar suttit p\u00e5 6-8\u00a0 tons-b\u00e5t 7\/8 dels rigg<\/p>\n<p>Seglet \u00e4r i mycket bra skick och form<\/p>\n<p>&nbsp;<\/p>\n<p>&nbsp;<\/p>\n<p>&nbsp;<\/p>","protected":false},"excerpt":{"rendered":"<p>M\u00e4t ditt eget f\u00f6rstagslik innan k\u00f6p f\u00f6r att vara s\u00e4ker p\u00e5 att seglet inte \u00e4r f\u00f6r l\u00e5ngt, Seglet kan enkelt kortas ca 20 cm alternativt vara ca 30 cm f\u00f6r kort utan att det ser onaturligt, dock kan fallstyrningen till ev rullfocken beh\u00f6va justeras. F\u00f6rlik i Profilband R\u00e5dg\u00f6r med Wasa varvet om du \u00e4r os\u00e4ker. [&hellip;]<\/p>\n","protected":false},"featured_media":25892,"comment_status":"closed","ping_status":"closed","template":"","meta":[],"product_brand":[],"product_cat":[399,428,411],"product_tag":[],"class_list":{"0":"post-25884","1":"product","2":"type-product","3":"status-publish","4":"has-post-thumbnail","6":"product_cat-forsegel","7":"product_cat-begagnade-batdelar","8":"product_cat-segel","10":"first","11":"outofstock","12":"taxable","13":"shipping-taxable","14":"purchasable","15":"product-type-simple"},"_links":{"self":[{"href":"https:\/\/wasayachts.com\/en\/wp-json\/wp\/v2\/product\/25884","targetHints":{"allow":["GET"]}}],"collection":[{"href":"https:\/\/wasayachts.com\/en\/wp-json\/wp\/v2\/product"}],"about":[{"href":"https:\/\/wasayachts.com\/en\/wp-json\/wp\/v2\/types\/product"}],"replies":[{"embeddable":true,"href":"https:\/\/wasayachts.com\/en\/wp-json\/wp\/v2\/comments?post=25884"}],"wp:featuredmedia":[{"embeddable":true,"href":"https:\/\/wasayachts.com\/en\/wp-json\/wp\/v2\/media\/25892"}],"wp:attachment":[{"href":"https:\/\/wasayachts.com\/en\/wp-json\/wp\/v2\/media?parent=25884"}],"wp:term":[{"taxonomy":"product_brand","embeddable":true,"href":"https:\/\/wasayachts.com\/en\/wp-json\/wp\/v2\/product_brand?post=25884"},{"taxonomy":"product_cat","embeddable":true,"href":"https:\/\/wasayachts.com\/en\/wp-json\/wp\/v2\/product_cat?post=25884"},{"taxonomy":"product_tag","embeddable":true,"href":"https:\/\/wasayachts.com\/en\/wp-json\/wp\/v2\/product_tag?post=25884"}],"curies":[{"name":"wp","href":"https:\/\/api.w.org\/{rel}","templated":true}]}}