{"id":25894,"date":"2025-02-04T09:59:20","date_gmt":"2025-02-04T08:59:20","guid":{"rendered":"https:\/\/wasayachts.com\/?post_type=product&#038;p=25894"},"modified":"2026-03-02T10:57:51","modified_gmt":"2026-03-02T09:57:51","slug":"genua-1-wasa-55-360-38","status":"publish","type":"product","link":"https:\/\/wasayachts.com\/en\/product\/genua-1-wasa-55-360-38\/","title":{"rendered":"Genua 1 triradial ca 32 kvm f\u00f6rlik 14,42 m Wasa 55, 360, 38"},"content":{"rendered":"<p>Kommer fr\u00e5n Wasa 55<\/p>\n<p>Passar \u00e4ven Wasa 360, Wasa 38, M\u00e4t ditt eget f\u00f6rstagslik innan k\u00f6p f\u00f6r att vara s\u00e4ker p\u00e5 att seglet inte \u00e4r f\u00f6r l\u00e5ngt, Seglet kan enkelt kortas 20 cm alternativt vara ca 30 cm f\u00f6r kort utan att det ser onaturligt, dock kan fallstyrningen till rullfocken beh\u00f6va justeras.<\/p>\n<p>R\u00e5dg\u00f6r med Wasa varvet om du \u00e4r os\u00e4ker.<\/p>\n<p>Gen 1 med f\u00f6rlik f\u00f6r rullfocksystem<\/p>\n<p>Kan \u00e4ven skotas p\u00e5 vanligt s\u00e4tt.<\/p>\n<p>Akterlik 13,60 m<br \/>\nF\u00f6rlik 14,42 m<br \/>\nUnderlik 4,62 m<br \/>\nkommer fr\u00e5n Wasa 55<\/p>\n<p>Yta CA 32 kvm<br \/>\nF\u00f6rstagsprofil profilband ej travare<br \/>\nMaterial Laminatsegel<\/p>\n<p>Seglet \u00e4r utan synliga h\u00e5l<\/p>\n<p>Seglet \u00e4r i mycket bra skick och form<\/p>\n<p>&nbsp;<\/p>\n<p data-start=\"141\" data-end=\"165\">Varan h\u00e4mtas p\u00e5 plats.<\/p>\n<p data-start=\"167\" data-end=\"252\">Specialfrakt kan ordnas enligt \u00f6verenskommelse. Kostnadsf\u00f6rslag l\u00e4mnas vid f\u00f6rfr\u00e5gan.<\/p>\n<p>&nbsp;<\/p>","protected":false},"excerpt":{"rendered":"<p>Kommer fr\u00e5n Wasa 55 Passar \u00e4ven Wasa 360, Wasa 38, M\u00e4t ditt eget f\u00f6rstagslik innan k\u00f6p f\u00f6r att vara s\u00e4ker p\u00e5 att seglet inte \u00e4r f\u00f6r l\u00e5ngt, Seglet kan enkelt kortas 20 cm alternativt vara ca 30 cm f\u00f6r kort utan att det ser onaturligt, dock kan fallstyrningen till rullfocken beh\u00f6va justeras. R\u00e5dg\u00f6r med Wasa [&hellip;]<\/p>\n","protected":false},"featured_media":25900,"comment_status":"closed","ping_status":"closed","template":"","meta":[],"product_brand":[],"product_cat":[399,428,411],"product_tag":[],"class_list":{"0":"post-25894","1":"product","2":"type-product","3":"status-publish","4":"has-post-thumbnail","6":"product_cat-forsegel","7":"product_cat-begagnade-batdelar","8":"product_cat-segel","9":"product_shipping_class-hamtning","11":"first","12":"instock","13":"taxable","14":"shipping-taxable","15":"purchasable","16":"product-type-simple"},"_links":{"self":[{"href":"https:\/\/wasayachts.com\/en\/wp-json\/wp\/v2\/product\/25894","targetHints":{"allow":["GET"]}}],"collection":[{"href":"https:\/\/wasayachts.com\/en\/wp-json\/wp\/v2\/product"}],"about":[{"href":"https:\/\/wasayachts.com\/en\/wp-json\/wp\/v2\/types\/product"}],"replies":[{"embeddable":true,"href":"https:\/\/wasayachts.com\/en\/wp-json\/wp\/v2\/comments?post=25894"}],"wp:featuredmedia":[{"embeddable":true,"href":"https:\/\/wasayachts.com\/en\/wp-json\/wp\/v2\/media\/25900"}],"wp:attachment":[{"href":"https:\/\/wasayachts.com\/en\/wp-json\/wp\/v2\/media?parent=25894"}],"wp:term":[{"taxonomy":"product_brand","embeddable":true,"href":"https:\/\/wasayachts.com\/en\/wp-json\/wp\/v2\/product_brand?post=25894"},{"taxonomy":"product_cat","embeddable":true,"href":"https:\/\/wasayachts.com\/en\/wp-json\/wp\/v2\/product_cat?post=25894"},{"taxonomy":"product_tag","embeddable":true,"href":"https:\/\/wasayachts.com\/en\/wp-json\/wp\/v2\/product_tag?post=25894"}],"curies":[{"name":"wp","href":"https:\/\/api.w.org\/{rel}","templated":true}]}}