{"id":25965,"date":"2025-02-06T14:30:16","date_gmt":"2025-02-06T13:30:16","guid":{"rendered":"https:\/\/wasayachts.com\/?post_type=product&#038;p=25965"},"modified":"2026-03-27T10:27:22","modified_gmt":"2026-03-27T09:27:22","slug":"spinnacker-2","status":"publish","type":"product","link":"https:\/\/wasayachts.com\/en\/product\/spinnacker-2\/","title":{"rendered":"Spinnacker ca 56 kvm sidolik 10,6m"},"content":{"rendered":"<p>ca kvm<br \/>\nSidolik 10,59<\/p>\n<p>Underlik 5,8 m<\/p>\n<p>Mitt m\u00e5tt tv\u00e4rs SMW 6,66<\/p>\n<p>Bodingsegel Stockholm<\/p>\n<p>&nbsp;<\/p>\n<p data-start=\"141\" data-end=\"165\">Varan h\u00e4mtas p\u00e5 plats.<\/p>\n<p data-start=\"167\" data-end=\"252\">Specialfrakt kan ordnas enligt \u00f6verenskommelse. Kostnadsf\u00f6rslag l\u00e4mnas vid f\u00f6rfr\u00e5gan.<\/p>","protected":false},"excerpt":{"rendered":"<p>ca kvm Sidolik 10,59 Underlik 5,8 m Mitt m\u00e5tt tv\u00e4rs SMW 6,66 Bodingsegel Stockholm &nbsp; Varan h\u00e4mtas p\u00e5 plats. Specialfrakt kan ordnas enligt \u00f6verenskommelse. Kostnadsf\u00f6rslag l\u00e4mnas vid f\u00f6rfr\u00e5gan.<\/p>","protected":false},"featured_media":25972,"comment_status":"closed","ping_status":"closed","template":"","meta":[],"product_brand":[],"product_cat":[401,428,411],"product_tag":[],"class_list":{"0":"post-25965","1":"product","2":"type-product","3":"status-publish","4":"has-post-thumbnail","6":"product_cat-spinnaker","7":"product_cat-begagnade-batdelar","8":"product_cat-segel","9":"product_shipping_class-hamtning","11":"first","12":"instock","13":"taxable","14":"shipping-taxable","15":"purchasable","16":"product-type-simple"},"_links":{"self":[{"href":"https:\/\/wasayachts.com\/en\/wp-json\/wp\/v2\/product\/25965","targetHints":{"allow":["GET"]}}],"collection":[{"href":"https:\/\/wasayachts.com\/en\/wp-json\/wp\/v2\/product"}],"about":[{"href":"https:\/\/wasayachts.com\/en\/wp-json\/wp\/v2\/types\/product"}],"replies":[{"embeddable":true,"href":"https:\/\/wasayachts.com\/en\/wp-json\/wp\/v2\/comments?post=25965"}],"wp:featuredmedia":[{"embeddable":true,"href":"https:\/\/wasayachts.com\/en\/wp-json\/wp\/v2\/media\/25972"}],"wp:attachment":[{"href":"https:\/\/wasayachts.com\/en\/wp-json\/wp\/v2\/media?parent=25965"}],"wp:term":[{"taxonomy":"product_brand","embeddable":true,"href":"https:\/\/wasayachts.com\/en\/wp-json\/wp\/v2\/product_brand?post=25965"},{"taxonomy":"product_cat","embeddable":true,"href":"https:\/\/wasayachts.com\/en\/wp-json\/wp\/v2\/product_cat?post=25965"},{"taxonomy":"product_tag","embeddable":true,"href":"https:\/\/wasayachts.com\/en\/wp-json\/wp\/v2\/product_tag?post=25965"}],"curies":[{"name":"wp","href":"https:\/\/api.w.org\/{rel}","templated":true}]}}