{"id":26083,"date":"2025-03-03T21:21:25","date_gmt":"2025-03-03T20:21:25","guid":{"rendered":"https:\/\/wasayachts.com\/?post_type=product&#038;p=26083"},"modified":"2025-03-03T21:41:46","modified_gmt":"2025-03-03T20:41:46","slug":"halkipar-massing-dtb-och-bb-akter","status":"publish","type":"product","link":"https:\/\/wasayachts.com\/en\/product\/halkipar-massing-dtb-och-bb-akter\/","title":{"rendered":"Halkipar m\u00e4ssing Stb och Bb akter"},"content":{"rendered":"<p>Halkipar i massiv m\u00e4ssing 200 mm l\u00e5nga.<\/p>\n<p>Styrbord och babord akter.<\/p>\n<p>Fint poleringsprojekt med h\u00e4xan!<\/p>\n<p>Priset \u00e4r f\u00f6r paret.<\/p>","protected":false},"excerpt":{"rendered":"<p>Halkipar i massiv m\u00e4ssing 200 mm l\u00e5nga. Styrbord och babord akter. Fint poleringsprojekt med h\u00e4xan! Priset \u00e4r f\u00f6r paret.<\/p>","protected":false},"featured_media":26084,"comment_status":"closed","ping_status":"closed","template":"","meta":[],"product_brand":[],"product_cat":[440,428,416],"product_tag":[],"class_list":{"0":"post-26083","1":"product","2":"type-product","3":"status-publish","4":"has-post-thumbnail","6":"product_cat-fortojning","7":"product_cat-begagnade-batdelar","8":"product_cat-dacksutrustning","10":"first","11":"instock","12":"taxable","13":"shipping-taxable","14":"purchasable","15":"product-type-simple"},"_links":{"self":[{"href":"https:\/\/wasayachts.com\/en\/wp-json\/wp\/v2\/product\/26083","targetHints":{"allow":["GET"]}}],"collection":[{"href":"https:\/\/wasayachts.com\/en\/wp-json\/wp\/v2\/product"}],"about":[{"href":"https:\/\/wasayachts.com\/en\/wp-json\/wp\/v2\/types\/product"}],"replies":[{"embeddable":true,"href":"https:\/\/wasayachts.com\/en\/wp-json\/wp\/v2\/comments?post=26083"}],"wp:featuredmedia":[{"embeddable":true,"href":"https:\/\/wasayachts.com\/en\/wp-json\/wp\/v2\/media\/26084"}],"wp:attachment":[{"href":"https:\/\/wasayachts.com\/en\/wp-json\/wp\/v2\/media?parent=26083"}],"wp:term":[{"taxonomy":"product_brand","embeddable":true,"href":"https:\/\/wasayachts.com\/en\/wp-json\/wp\/v2\/product_brand?post=26083"},{"taxonomy":"product_cat","embeddable":true,"href":"https:\/\/wasayachts.com\/en\/wp-json\/wp\/v2\/product_cat?post=26083"},{"taxonomy":"product_tag","embeddable":true,"href":"https:\/\/wasayachts.com\/en\/wp-json\/wp\/v2\/product_tag?post=26083"}],"curies":[{"name":"wp","href":"https:\/\/api.w.org\/{rel}","templated":true}]}}