{"id":26138,"date":"2025-03-13T20:07:40","date_gmt":"2025-03-13T19:07:40","guid":{"rendered":"https:\/\/wasayachts.com\/?post_type=product&#038;p=26138"},"modified":"2025-11-03T15:33:58","modified_gmt":"2025-11-03T14:33:58","slug":"backslag-twin-disc-tmc-28-r-288","status":"publish","type":"product","link":"https:\/\/wasayachts.com\/en\/product\/backslag-twin-disc-tmc-28-r-288\/","title":{"rendered":"Backslag twin Disc TMC 60  utv\u00e4xling 2,88:1"},"content":{"rendered":"<p>Backv\u00e4xel ( Volvo Penta spr\u00e5k)<\/p>\n<p>Nytt i kartong<\/p>\n<p>Twin disc tmc 60\u00a0 2,88<\/p>\n<p>it 1013 156<\/p>\n<p>Backslaget kan k\u00f6ras b\u00e5de v\u00e4nster och h\u00f6gerg\u00e5ende<\/p>\n<p>Kan anv\u00e4ndas upp till 60 hkr<\/p>\n<p>&nbsp;<\/p>\n<p>Produkten ska h\u00e4mtas i S\u00f6dert\u00e4lje eller skickas med special frakt.<br \/>\nKunden st\u00e5r f\u00f6r kostnader. Kostnader ber\u00e4knas\u00a0efter f\u00f6rfr\u00e5gan.<\/p>\n<p>&nbsp;<\/p>\n<p>&nbsp;<\/p>","protected":false},"excerpt":{"rendered":"<p>Backv\u00e4xel ( Volvo Penta spr\u00e5k) Nytt i kartong Twin disc tmc 60\u00a0 2,88 it 1013 156 Backslaget kan k\u00f6ras b\u00e5de v\u00e4nster och h\u00f6gerg\u00e5ende Kan anv\u00e4ndas upp till 60 hkr &nbsp; Produkten ska h\u00e4mtas i S\u00f6dert\u00e4lje eller skickas med special frakt. Kunden st\u00e5r f\u00f6r kostnader. Kostnader ber\u00e4knas\u00a0efter f\u00f6rfr\u00e5gan. &nbsp; &nbsp;<\/p>","protected":false},"featured_media":26139,"comment_status":"closed","ping_status":"closed","template":"","meta":[],"product_brand":[],"product_cat":[402,428,412],"product_tag":[],"class_list":{"0":"post-26138","1":"product","2":"type-product","3":"status-publish","4":"has-post-thumbnail","6":"product_cat-drev-backslag","7":"product_cat-begagnade-batdelar","8":"product_cat-drev-och-drivlina","9":"product_shipping_class-hamtning","11":"first","12":"instock","13":"taxable","14":"shipping-taxable","15":"purchasable","16":"product-type-simple"},"_links":{"self":[{"href":"https:\/\/wasayachts.com\/en\/wp-json\/wp\/v2\/product\/26138","targetHints":{"allow":["GET"]}}],"collection":[{"href":"https:\/\/wasayachts.com\/en\/wp-json\/wp\/v2\/product"}],"about":[{"href":"https:\/\/wasayachts.com\/en\/wp-json\/wp\/v2\/types\/product"}],"replies":[{"embeddable":true,"href":"https:\/\/wasayachts.com\/en\/wp-json\/wp\/v2\/comments?post=26138"}],"wp:featuredmedia":[{"embeddable":true,"href":"https:\/\/wasayachts.com\/en\/wp-json\/wp\/v2\/media\/26139"}],"wp:attachment":[{"href":"https:\/\/wasayachts.com\/en\/wp-json\/wp\/v2\/media?parent=26138"}],"wp:term":[{"taxonomy":"product_brand","embeddable":true,"href":"https:\/\/wasayachts.com\/en\/wp-json\/wp\/v2\/product_brand?post=26138"},{"taxonomy":"product_cat","embeddable":true,"href":"https:\/\/wasayachts.com\/en\/wp-json\/wp\/v2\/product_cat?post=26138"},{"taxonomy":"product_tag","embeddable":true,"href":"https:\/\/wasayachts.com\/en\/wp-json\/wp\/v2\/product_tag?post=26138"}],"curies":[{"name":"wp","href":"https:\/\/api.w.org\/{rel}","templated":true}]}}