{"id":26147,"date":"2025-03-13T20:41:07","date_gmt":"2025-03-13T19:41:07","guid":{"rendered":"https:\/\/wasayachts.com\/?post_type=product&#038;p=26147"},"modified":"2025-11-03T15:35:40","modified_gmt":"2025-11-03T14:35:40","slug":"backslag-twin-disc-tmc-60-r-301","status":"publish","type":"product","link":"https:\/\/wasayachts.com\/en\/product\/backslag-twin-disc-tmc-60-r-301\/","title":{"rendered":"Backslag twin Disc TMC 60 R 3,0:1"},"content":{"rendered":"<p>Backv\u00e4xel ( Volvo Penta spr\u00e5k )<\/p>\n<p>begagnat<\/p>\n<p>Twin disc tmc 60 R 3,0:1<\/p>\n<p>it 145553<\/p>\n<p>Twin disc backslag kan k\u00f6ras b\u00e5de h\u00f6ger och v\u00e4nster.<\/p>\n<p>Max\u00a0 60 hkr<\/p>\n<p>&nbsp;<\/p>\n<p>&nbsp;<\/p>\n<p>Produkten ska h\u00e4mtas i S\u00f6dert\u00e4lje eller skickas med special frakt.<br \/>\nKunden st\u00e5r f\u00f6r kostnader. Kostnader ber\u00e4knas\u00a0efter f\u00f6rfr\u00e5gan.<\/p>\n<p>&nbsp;<\/p>\n<p>&nbsp;<\/p>","protected":false},"excerpt":{"rendered":"<p>Backv\u00e4xel ( Volvo Penta spr\u00e5k ) begagnat Twin disc tmc 60 R 3,0:1 it 145553 Twin disc backslag kan k\u00f6ras b\u00e5de h\u00f6ger och v\u00e4nster. Max\u00a0 60 hkr &nbsp; &nbsp; Produkten ska h\u00e4mtas i S\u00f6dert\u00e4lje eller skickas med special frakt. Kunden st\u00e5r f\u00f6r kostnader. Kostnader ber\u00e4knas\u00a0efter f\u00f6rfr\u00e5gan. &nbsp; &nbsp;<\/p>","protected":false},"featured_media":26155,"comment_status":"closed","ping_status":"closed","template":"","meta":[],"product_brand":[],"product_cat":[402,428,412],"product_tag":[],"class_list":{"0":"post-26147","1":"product","2":"type-product","3":"status-publish","4":"has-post-thumbnail","6":"product_cat-drev-backslag","7":"product_cat-begagnade-batdelar","8":"product_cat-drev-och-drivlina","9":"product_shipping_class-hamtning","11":"first","12":"instock","13":"taxable","14":"shipping-taxable","15":"purchasable","16":"product-type-simple"},"_links":{"self":[{"href":"https:\/\/wasayachts.com\/en\/wp-json\/wp\/v2\/product\/26147","targetHints":{"allow":["GET"]}}],"collection":[{"href":"https:\/\/wasayachts.com\/en\/wp-json\/wp\/v2\/product"}],"about":[{"href":"https:\/\/wasayachts.com\/en\/wp-json\/wp\/v2\/types\/product"}],"replies":[{"embeddable":true,"href":"https:\/\/wasayachts.com\/en\/wp-json\/wp\/v2\/comments?post=26147"}],"wp:featuredmedia":[{"embeddable":true,"href":"https:\/\/wasayachts.com\/en\/wp-json\/wp\/v2\/media\/26155"}],"wp:attachment":[{"href":"https:\/\/wasayachts.com\/en\/wp-json\/wp\/v2\/media?parent=26147"}],"wp:term":[{"taxonomy":"product_brand","embeddable":true,"href":"https:\/\/wasayachts.com\/en\/wp-json\/wp\/v2\/product_brand?post=26147"},{"taxonomy":"product_cat","embeddable":true,"href":"https:\/\/wasayachts.com\/en\/wp-json\/wp\/v2\/product_cat?post=26147"},{"taxonomy":"product_tag","embeddable":true,"href":"https:\/\/wasayachts.com\/en\/wp-json\/wp\/v2\/product_tag?post=26147"}],"curies":[{"name":"wp","href":"https:\/\/api.w.org\/{rel}","templated":true}]}}