{"id":26170,"date":"2025-03-14T21:53:48","date_gmt":"2025-03-14T20:53:48","guid":{"rendered":"https:\/\/wasayachts.com\/?post_type=product&#038;p=26170"},"modified":"2026-04-24T16:16:53","modified_gmt":"2026-04-24T14:16:53","slug":"linavskarare-ring-volvo-penta-nr-artikelnummer-832965","status":"publish","type":"product","link":"https:\/\/wasayachts.com\/en\/product\/linavskarare-ring-volvo-penta-nr-artikelnummer-832965\/","title":{"rendered":"Linavsk\u00e4rare\/Ring Volvo Penta n,r Artikelnummer 951984"},"content":{"rendered":"<div class=\"mt-3\">\n<div id=\"collapse1\" class=\"collapse show\">\n<p>Linavsk\u00e4rare \/ Avvisare<\/p>\n<p>Ring<\/p>\n<p>Passar<\/p>\n<table class=\"table table-striped\">\n<tbody>\n<tr class=\"order-row odd\">\n<td>AQD21A<\/td>\n<td><a id=\"AQD21A-Undre v\u00e4xelenhet S-DREV 110S\" class=\"tooltip-label\" href=\"https:\/\/marinepartseurope.com\/category\/Marine%20Diesel%20Engines\/product\/AQD21A\/explodedview\/54145640?catalog=7736850&amp;img=47532.png&amp;functiongroup=Transmissioner&amp;header=Undre%20v%C3%A4xelenhet%20S-DREV%20110S\" target=\"_blank\" rel=\"noopener\">Undre v\u00e4xelenhet S-DREV 110S<\/a><\/td>\n<\/tr>\n<tr class=\"order-row even\">\n<td>AQD21B<\/td>\n<td><a id=\"AQD21B-Undre v\u00e4xelenhet S-DREV 110S\" class=\"tooltip-label\" href=\"https:\/\/marinepartseurope.com\/category\/Marine%20Diesel%20Engines\/product\/AQD21B\/explodedview\/54147114?catalog=7742100&amp;img=47532.png&amp;functiongroup=Transmissioner&amp;header=Undre%20v%C3%A4xelenhet%20S-DREV%20110S\" target=\"_blank\" rel=\"noopener\">Undre v\u00e4xelenhet S-DREV 110S<\/a><\/td>\n<\/tr>\n<tr class=\"order-row odd\">\n<td>MD11C<\/td>\n<td><a id=\"MD11C-Undre v\u00e4xelenhet segelb\u00e5tsdrev 110S\" class=\"tooltip-label\" href=\"https:\/\/marinepartseurope.com\/category\/Marine%20Diesel%20Engines\/product\/MD11C\/explodedview\/54148978?catalog=7742230&amp;img=49917.png&amp;functiongroup=Transmissioner&amp;header=Undre%20v%C3%A4xelenhet%20segelb%C3%A5tsdrev%20110S\" target=\"_blank\" rel=\"noopener\">Undre v\u00e4xelenhet segelb\u00e5tsdrev 110S<\/a><\/td>\n<\/tr>\n<tr class=\"order-row even\">\n<td>MD11D<\/td>\n<td><a id=\"MD11D-Undre v\u00e4xelenhet segelb\u00e5tsdrev 110S\" class=\"tooltip-label\" href=\"https:\/\/marinepartseurope.com\/category\/Marine%20Diesel%20Engines\/product\/MD11D\/explodedview\/54148978?catalog=7742230&amp;img=49917.png&amp;functiongroup=Transmissioner&amp;header=Undre%20v%C3%A4xelenhet%20segelb%C3%A5tsdrev%20110S\" target=\"_blank\" rel=\"noopener\">Undre v\u00e4xelenhet segelb\u00e5tsdrev 110S<\/a><\/td>\n<\/tr>\n<tr class=\"order-row odd\">\n<td>MD17C<\/td>\n<td><a id=\"MD17C-Undre v\u00e4xelenhet segelb\u00e5tsdrev 110S\" class=\"tooltip-label\" href=\"https:\/\/marinepartseurope.com\/category\/Marine%20Diesel%20Engines\/product\/MD17C\/explodedview\/54148978?catalog=7742230&amp;img=49917.png&amp;functiongroup=Transmissioner&amp;header=Undre%20v%C3%A4xelenhet%20segelb%C3%A5tsdrev%20110S\" target=\"_blank\" rel=\"noopener\">Undre v\u00e4xelenhet segelb\u00e5tsdrev 110S<\/a><\/td>\n<\/tr>\n<tr class=\"order-row even\">\n<td>MD17D<\/td>\n<td><a id=\"MD17D-Undre v\u00e4xelenhet segelb\u00e5tsdrev 110S\" class=\"tooltip-label\" href=\"https:\/\/marinepartseurope.com\/category\/Marine%20Diesel%20Engines\/product\/MD17D\/explodedview\/54148978?catalog=7742230&amp;img=49917.png&amp;functiongroup=Transmissioner&amp;header=Undre%20v%C3%A4xelenhet%20segelb%C3%A5tsdrev%20110S\" target=\"_blank\" rel=\"noopener\">Undre v\u00e4xelenhet segelb\u00e5tsdrev 110S<\/a><\/td>\n<\/tr>\n<tr class=\"order-row odd\">\n<td>MD21A<\/td>\n<td><a id=\"MD21A-Undre v\u00e4xelenhet S-DREV 110S\" class=\"tooltip-label\" href=\"https:\/\/marinepartseurope.com\/category\/Marine%20Diesel%20Engines\/product\/MD21A\/explodedview\/54145640?catalog=7736850&amp;img=47532.png&amp;functiongroup=Transmissioner&amp;header=Undre%20v%C3%A4xelenhet%20S-DREV%20110S\" target=\"_blank\" rel=\"noopener\">Undre v\u00e4xelenhet S-DREV 110S<\/a><\/td>\n<\/tr>\n<tr class=\"order-row even\">\n<td>MD21B<\/td>\n<td><a id=\"MD21B-Undre v\u00e4xelenhet S-DREV 110S\" class=\"tooltip-label\" href=\"https:\/\/marinepartseurope.com\/category\/Marine%20Diesel%20Engines\/product\/MD21B\/explodedview\/54147114?catalog=7742100&amp;img=47532.png&amp;functiongroup=Transmissioner&amp;header=Undre%20v%C3%A4xelenhet%20S-DREV%20110S\" target=\"_blank\" rel=\"noopener\">Undre v\u00e4xelenhet S-DREV 110S<\/a><\/td>\n<\/tr>\n<tr class=\"order-row odd\">\n<td>MD5A<\/td>\n<td><a id=\"MD5A-Undre v\u00e4xelenhet segelb\u00e5tsdrev 110S\" class=\"tooltip-label\" href=\"https:\/\/marinepartseurope.com\/category\/Marine%20Diesel%20Engines\/product\/MD5A\/explodedview\/54148782?catalog=7742220&amp;img=49917.png&amp;functiongroup=Transmissioner&amp;header=Undre%20v%C3%A4xelenhet%20segelb%C3%A5tsdrev%20110S\" target=\"_blank\" rel=\"noopener\">Undre v\u00e4xelenhet segelb\u00e5tsdrev 110S<\/a><\/td>\n<\/tr>\n<tr class=\"order-row even\">\n<td>MD5B<\/td>\n<td><a id=\"MD5B-Undre v\u00e4xelenhet segelb\u00e5tsdrev 110S\" class=\"tooltip-label\" href=\"https:\/\/marinepartseurope.com\/category\/Marine%20Diesel%20Engines\/product\/MD5B\/explodedview\/54148782?catalog=7742220&amp;img=49917.png&amp;functiongroup=Transmissioner&amp;header=Undre%20v%C3%A4xelenhet%20segelb%C3%A5tsdrev%20110S\" target=\"_blank\" rel=\"noopener\">Undre v\u00e4xelenhet segelb\u00e5tsdrev 110S<\/a><\/td>\n<\/tr>\n<tr class=\"order-row odd\">\n<td>MD5C<\/td>\n<td><a id=\"MD5C-Undre v\u00e4xelenhet segelb\u00e5tsdrev 110S\" class=\"tooltip-label\" href=\"https:\/\/marinepartseurope.com\/category\/Marine%20Diesel%20Engines\/product\/MD5C\/explodedview\/54148782?catalog=7742220&amp;img=49917.png&amp;functiongroup=Transmissioner&amp;header=Undre%20v%C3%A4xelenhet%20segelb%C3%A5tsdrev%20110S\" target=\"_blank\" rel=\"noopener\">Undre v\u00e4xelenhet segelb\u00e5tsdrev 110S<\/a><\/td>\n<\/tr>\n<tr class=\"order-row even\">\n<td>MD67C<\/td>\n<td><a id=\"MD67C-Undre v\u00e4xelenhet segelb\u00e5tsdrev 110S\" class=\"tooltip-label\" href=\"https:\/\/marinepartseurope.com\/category\/Marine%20Diesel%20Engines\/product\/MD67C\/explodedview\/54146766?catalog=7742080&amp;img=49917.png&amp;functiongroup=Transmissioner&amp;header=Undre%20v%C3%A4xelenhet%20segelb%C3%A5tsdrev%20110S\" target=\"_blank\" rel=\"noopener\">Undre v\u00e4xelenhet segelb\u00e5tsdrev 110S<\/a><\/td>\n<\/tr>\n<tr class=\"order-row odd\">\n<td>MD6A<\/td>\n<td><a id=\"MD6A-Undre v\u00e4xelenhet segelb\u00e5tsdrev 110S\" class=\"tooltip-label\" href=\"https:\/\/marinepartseurope.com\/category\/Marine%20Diesel%20Engines\/product\/MD6A\/explodedview\/54146766?catalog=7742080&amp;img=49917.png&amp;functiongroup=Transmissioner&amp;header=Undre%20v%C3%A4xelenhet%20segelb%C3%A5tsdrev%20110S\" target=\"_blank\" rel=\"noopener\">Undre v\u00e4xelenhet segelb\u00e5tsdrev 110S<\/a><\/td>\n<\/tr>\n<tr class=\"order-row even\">\n<td>MD6B<\/td>\n<td><a id=\"MD6B-Undre v\u00e4xelenhet segelb\u00e5tsdrev 110S\" class=\"tooltip-label\" href=\"https:\/\/marinepartseurope.com\/category\/Marine%20Diesel%20Engines\/product\/MD6B\/explodedview\/54146766?catalog=7742080&amp;img=49917.png&amp;functiongroup=Transmissioner&amp;header=Undre%20v%C3%A4xelenhet%20segelb%C3%A5tsdrev%20110S\" target=\"_blank\" rel=\"noopener\">Undre v\u00e4xelenhet segelb\u00e5tsdrev 110S<\/a><\/td>\n<\/tr>\n<tr class=\"order-row odd\">\n<td>MD7A<\/td>\n<td><a id=\"MD7A-Undre v\u00e4xelenhet segelb\u00e5tsdrev 110S\" class=\"tooltip-label\" href=\"https:\/\/marinepartseurope.com\/category\/Marine%20Diesel%20Engines\/product\/MD7A\/explodedview\/54146766?catalog=7742080&amp;img=49917.png&amp;functiongroup=Transmissioner&amp;header=Undre%20v%C3%A4xelenhet%20segelb%C3%A5tsdrev%20110S\" target=\"_blank\" rel=\"noopener\">Undre v\u00e4xelenhet segelb\u00e5tsdrev 110S<\/a><\/td>\n<\/tr>\n<tr class=\"order-row even\">\n<td>MD7B<\/td>\n<td><a id=\"MD7B-Undre v\u00e4xelenhet segelb\u00e5tsdrev 110S\" class=\"tooltip-label\" href=\"https:\/\/marinepartseurope.com\/category\/Marine%20Diesel%20Engines\/product\/MD7B\/explodedview\/54146766?catalog=7742080&amp;img=49917.png&amp;functiongroup=Transmissioner&amp;header=Undre%20v%C3%A4xelenhet%20segelb%C3%A5tsdrev%20110S\" target=\"_blank\" rel=\"noopener\">Undre v\u00e4xelenhet segelb\u00e5tsdrev 110S<\/a><\/td>\n<\/tr>\n<\/tbody>\n<\/table>\n<\/div>\n<\/div>\n<div class=\"mt-3\">\n<p><a class=\"category-header collapse-trigger\" role=\"button\" href=\"https:\/\/marinepartseurope.com\/#collapse17\" data-toggle=\"collapse\" aria-expanded=\"false\" aria-controls=\"collapse17\">Marine Gasoline Engines<img decoding=\"async\" class=\"collapse-toggle-img ml-3\" src=\"https:\/\/marinepartseurope.com\/css\/icons\/chevron-up-regular.svg\" \/><\/a><\/p>\n<div id=\"collapse17\" class=\"collapse show\">\n<table class=\"table table-striped\">\n<tbody>\n<tr class=\"order-row odd\">\n<td>AQ115A<\/td>\n<td><a id=\"AQ115A-Undre v\u00e4xelenhet S-DREV 110S\" class=\"tooltip-label\" href=\"https:\/\/marinepartseurope.com\/category\/Marine%20Gasoline%20Engines\/product\/AQ115A\/explodedview\/54145640?catalog=7736850&amp;img=47532.png&amp;functiongroup=Transmissioner&amp;header=Undre%20v%C3%A4xelenhet%20S-DREV%20110S\" target=\"_blank\" rel=\"noopener\">Undre v\u00e4xelenhet S-DREV 110S<\/a><\/td>\n<\/tr>\n<tr class=\"order-row even\">\n<td>AQ115B<\/td>\n<td><a id=\"AQ115B-Undre v\u00e4xelenhet S-DREV 110S\" class=\"tooltip-label\" href=\"https:\/\/marinepartseurope.com\/category\/Marine%20Gasoline%20Engines\/product\/AQ115B\/explodedview\/54145640?catalog=7736850&amp;img=47532.png&amp;functiongroup=Transmissioner&amp;header=Undre%20v%C3%A4xelenhet%20S-DREV%20110S\" target=\"_blank\" rel=\"noopener\">Undre v\u00e4xelenhet S-DREV 110S<\/a><\/td>\n<\/tr>\n<tr class=\"order-row odd\">\n<td>AQ130A<\/td>\n<td><a id=\"AQ130A-Undre v\u00e4xelenhet S-DREV 110S\" class=\"tooltip-label\" href=\"https:\/\/marinepartseurope.com\/category\/Marine%20Gasoline%20Engines\/product\/AQ130A\/explodedview\/54145640?catalog=7736850&amp;img=47532.png&amp;functiongroup=Transmissioner&amp;header=Undre%20v%C3%A4xelenhet%20S-DREV%20110S\" target=\"_blank\" rel=\"noopener\">Undre v\u00e4xelenhet S-DREV 110S<\/a><\/td>\n<\/tr>\n<tr class=\"order-row even\">\n<td>AQ130B<\/td>\n<td><a id=\"AQ130B-Undre v\u00e4xelenhet S-DREV 110S\" class=\"tooltip-label\" href=\"https:\/\/marinepartseurope.com\/category\/Marine%20Gasoline%20Engines\/product\/AQ130B\/explodedview\/54145640?catalog=7736850&amp;img=47532.png&amp;functiongroup=Transmissioner&amp;header=Undre%20v%C3%A4xelenhet%20S-DREV%20110S\" target=\"_blank\" rel=\"noopener\">Undre v\u00e4xelenhet S-DREV 110S<\/a><\/td>\n<\/tr>\n<tr class=\"order-row odd\">\n<td>AQ130C<\/td>\n<td><a id=\"AQ130C-Undre v\u00e4xelenhet S-DREV 110S\" class=\"tooltip-label\" href=\"https:\/\/marinepartseurope.com\/category\/Marine%20Gasoline%20Engines\/product\/AQ130C\/explodedview\/54145640?catalog=7736850&amp;img=47532.png&amp;functiongroup=Transmissioner&amp;header=Undre%20v%C3%A4xelenhet%20S-DREV%20110S\" target=\"_blank\" rel=\"noopener\">Undre v\u00e4xelenhet S-DREV 110S<\/a><\/td>\n<\/tr>\n<tr class=\"order-row even\">\n<td>AQ130D<\/td>\n<td><a id=\"AQ130D-Undre v\u00e4xelenhet S-DREV 110S\" class=\"tooltip-label\" href=\"https:\/\/marinepartseurope.com\/category\/Marine%20Gasoline%20Engines\/product\/AQ130D\/explodedview\/54145640?catalog=7736850&amp;img=47532.png&amp;functiongroup=Transmissioner&amp;header=Undre%20v%C3%A4xelenhet%20S-DREV%20110S\" target=\"_blank\" rel=\"noopener\">Undre v\u00e4xelenhet S-DREV 110S<\/a><\/td>\n<\/tr>\n<tr class=\"order-row odd\">\n<td>AQ165A<\/td>\n<td><a id=\"AQ165A-Undre v\u00e4xelenhet S-DREV 110S\" class=\"tooltip-label\" href=\"https:\/\/marinepartseurope.com\/category\/Marine%20Gasoline%20Engines\/product\/AQ165A\/explodedview\/54145640?catalog=7736850&amp;img=47532.png&amp;functiongroup=Transmissioner&amp;header=Undre%20v%C3%A4xelenhet%20S-DREV%20110S\" target=\"_blank\" rel=\"noopener\">Undre v\u00e4xelenhet S-DREV 110S<\/a><\/td>\n<\/tr>\n<tr class=\"order-row even\">\n<td>AQ170A<\/td>\n<td><a id=\"AQ170A-Undre v\u00e4xelenhet S-DREV 110S\" class=\"tooltip-label\" href=\"https:\/\/marinepartseurope.com\/category\/Marine%20Gasoline%20Engines\/product\/AQ170A\/explodedview\/54145640?catalog=7736850&amp;img=47532.png&amp;functiongroup=Transmissioner&amp;header=Undre%20v%C3%A4xelenhet%20S-DREV%20110S\" target=\"_blank\" rel=\"noopener\">Undre v\u00e4xelenhet S-DREV 110S<\/a><\/td>\n<\/tr>\n<tr class=\"order-row odd\">\n<td>AQ170B<\/td>\n<td><a id=\"AQ170B-Undre v\u00e4xelenhet S-DREV 110S\" class=\"tooltip-label\" href=\"https:\/\/marinepartseurope.com\/category\/Marine%20Gasoline%20Engines\/product\/AQ170B\/explodedview\/54145640?catalog=7736850&amp;img=47532.png&amp;functiongroup=Transmissioner&amp;header=Undre%20v%C3%A4xelenhet%20S-DREV%20110S\" target=\"_blank\" rel=\"noopener\">Undre v\u00e4xelenhet S-DREV 110S<\/a><\/td>\n<\/tr>\n<tr class=\"order-row even\">\n<td>AQ170C<\/td>\n<td><a id=\"AQ170C-Undre v\u00e4xelenhet S-DREV 110S\" class=\"tooltip-label\" href=\"https:\/\/marinepartseurope.com\/category\/Marine%20Gasoline%20Engines\/product\/AQ170C\/explodedview\/54145640?catalog=7736850&amp;img=47532.png&amp;functiongroup=Transmissioner&amp;header=Undre%20v%C3%A4xelenhet%20S-DREV%20110S\" target=\"_blank\" rel=\"noopener\">Undre v\u00e4xelenhet S-DREV 110S<\/a><\/td>\n<\/tr>\n<tr class=\"order-row odd\">\n<td>B20<\/td>\n<td><a id=\"B20-Undre v\u00e4xelenhet S-DREV 110S\" class=\"tooltip-label\" href=\"https:\/\/marinepartseurope.com\/category\/Marine%20Gasoline%20Engines\/product\/B20\/explodedview\/54145640?catalog=7736850&amp;img=47532.png&amp;functiongroup=Transmissioner&amp;header=Undre%20v%C3%A4xelenhet%20S-DREV%20110S\" target=\"_blank\" rel=\"noopener\">Undre v\u00e4xelenhet S-DREV 110S<\/a><\/td>\n<\/tr>\n<tr class=\"order-row even\">\n<td>BB115A<\/td>\n<td><a id=\"BB115A-Undre v\u00e4xelenhet S-DREV 110S\" class=\"tooltip-label\" href=\"https:\/\/marinepartseurope.com\/category\/Marine%20Gasoline%20Engines\/product\/BB115A\/explodedview\/54145640?catalog=7736850&amp;img=47532.png&amp;functiongroup=Transmissioner&amp;header=Undre%20v%C3%A4xelenhet%20S-DREV%20110S\" target=\"_blank\" rel=\"noopener\">Undre v\u00e4xelenhet S-DREV 110S<\/a><\/td>\n<\/tr>\n<tr class=\"order-row odd\">\n<td>BB115B<\/td>\n<td><a id=\"BB115B-Undre v\u00e4xelenhet S-DREV 110S\" class=\"tooltip-label\" href=\"https:\/\/marinepartseurope.com\/category\/Marine%20Gasoline%20Engines\/product\/BB115B\/explodedview\/54145640?catalog=7736850&amp;img=47532.png&amp;functiongroup=Transmissioner&amp;header=Undre%20v%C3%A4xelenhet%20S-DREV%20110S\" target=\"_blank\" rel=\"noopener\">Undre v\u00e4xelenhet S-DREV 110S<\/a><\/td>\n<\/tr>\n<tr class=\"order-row even\">\n<td>BB115C<\/td>\n<td><a id=\"BB115C-Undre v\u00e4xelenhet S-DREV 110S\" class=\"tooltip-label\" href=\"https:\/\/marinepartseurope.com\/category\/Marine%20Gasoline%20Engines\/product\/BB115C\/explodedview\/54145640?catalog=7736850&amp;img=47532.png&amp;functiongroup=Transmissioner&amp;header=Undre%20v%C3%A4xelenhet%20S-DREV%20110S\" target=\"_blank\" rel=\"noopener\">Undre v\u00e4xelenhet S-DREV 110S<\/a><\/td>\n<\/tr>\n<tr class=\"order-row odd\">\n<td>BB165A<\/td>\n<td><a id=\"BB165A-Undre v\u00e4xelenhet S-DREV 110S\" class=\"tooltip-label\" href=\"https:\/\/marinepartseurope.com\/category\/Marine%20Gasoline%20Engines\/product\/BB165A\/explodedview\/54145640?catalog=7736850&amp;img=47532.png&amp;functiongroup=Transmissioner&amp;header=Undre%20v%C3%A4xelenhet%20S-DREV%20110S\" target=\"_blank\" rel=\"noopener\">Undre v\u00e4xelenhet S-DREV 110S<\/a><\/td>\n<\/tr>\n<tr class=\"order-row even\">\n<td>BB170A<\/td>\n<td><a id=\"BB170A-Undre v\u00e4xelenhet S-DREV 110S\" class=\"tooltip-label\" href=\"https:\/\/marinepartseurope.com\/category\/Marine%20Gasoline%20Engines\/product\/BB170A\/explodedview\/54145640?catalog=7736850&amp;img=47532.png&amp;functiongroup=Transmissioner&amp;header=Undre%20v%C3%A4xelenhet%20S-DREV%20110S\" target=\"_blank\" rel=\"noopener\">Undre v\u00e4xelenhet S-DREV 110S<\/a><\/td>\n<\/tr>\n<tr class=\"order-row odd\">\n<td>BB170B<\/td>\n<td><a id=\"BB170B-Undre v\u00e4xelenhet S-DREV 110S\" class=\"tooltip-label\" href=\"https:\/\/marinepartseurope.com\/category\/Marine%20Gasoline%20Engines\/product\/BB170B\/explodedview\/54145640?catalog=7736850&amp;img=47532.png&amp;functiongroup=Transmissioner&amp;header=Undre%20v%C3%A4xelenhet%20S-DREV%20110S\" target=\"_blank\" rel=\"noopener\">Undre v\u00e4xelenhet S-DREV 110S<\/a><\/td>\n<\/tr>\n<tr class=\"order-row even\">\n<td>BB170C<\/td>\n<td><a id=\"BB170C-Undre v\u00e4xelenhet S-DREV 110S\" class=\"tooltip-label\" href=\"https:\/\/marinepartseurope.com\/category\/Marine%20Gasoline%20Engines\/product\/BB170C\/explodedview\/54145640?catalog=7736850&amp;img=47532.png&amp;functiongroup=Transmissioner&amp;header=Undre%20v%C3%A4xelenhet%20S-DREV%20110S\" target=\"_blank\" rel=\"noopener\">Undre v\u00e4xelenhet S-DREV 110S<\/a><\/td>\n<\/tr>\n<tr class=\"order-row odd\">\n<td>MB20A<\/td>\n<td><a id=\"MB20A-Undre v\u00e4xelenhet S-DREV 110S\" class=\"tooltip-label\" href=\"https:\/\/marinepartseurope.com\/category\/Marine%20Gasoline%20Engines\/product\/MB20A\/explodedview\/54145640?catalog=7736850&amp;img=47532.png&amp;functiongroup=Transmissioner&amp;header=Undre%20v%C3%A4xelenhet%20S-DREV%20110S\" target=\"_blank\" rel=\"noopener\">Undre v\u00e4xelenhet S-DREV 110S<\/a><\/td>\n<\/tr>\n<tr class=\"order-row even\">\n<td>MB20B<\/td>\n<td><a id=\"MB20B-Undre v\u00e4xelenhet S-DREV 110S\" class=\"tooltip-label\" href=\"https:\/\/marinepartseurope.com\/category\/Marine%20Gasoline%20Engines\/product\/MB20B\/explodedview\/54145640?catalog=7736850&amp;img=47532.png&amp;functiongroup=Transmissioner&amp;header=Undre%20v%C3%A4xelenhet%20S-DREV%20110S\" target=\"_blank\" rel=\"noopener\">Undre v\u00e4xelenhet S-DREV 110S<\/a><\/td>\n<\/tr>\n<tr class=\"order-row odd\">\n<td>MB20C<\/td>\n<td><a id=\"MB20C-Undre v\u00e4xelenhet S-DREV 110S\" class=\"tooltip-label\" href=\"https:\/\/marinepartseurope.com\/category\/Marine%20Gasoline%20Engines\/product\/MB20C\/explodedview\/54145640?catalog=7736850&amp;img=47532.png&amp;functiongroup=Transmissioner&amp;header=Undre%20v%C3%A4xelenhet%20S-DREV%20110S\" target=\"_blank\" rel=\"noopener\">Undre v\u00e4xelenhet S-DREV 110S<\/a><\/td>\n<\/tr>\n<\/tbody>\n<\/table>\n<\/div>\n<\/div>","protected":false},"excerpt":{"rendered":"<p>Linavsk\u00e4rare \/ Avvisare Ring Passar AQD21A Undre v\u00e4xelenhet S-DREV 110S AQD21B Undre v\u00e4xelenhet S-DREV 110S MD11C Undre v\u00e4xelenhet segelb\u00e5tsdrev 110S MD11D Undre v\u00e4xelenhet segelb\u00e5tsdrev 110S MD17C Undre v\u00e4xelenhet segelb\u00e5tsdrev 110S MD17D Undre v\u00e4xelenhet segelb\u00e5tsdrev 110S MD21A Undre v\u00e4xelenhet S-DREV 110S MD21B Undre v\u00e4xelenhet S-DREV 110S MD5A Undre v\u00e4xelenhet segelb\u00e5tsdrev 110S MD5B Undre v\u00e4xelenhet segelb\u00e5tsdrev 110S [&hellip;]<\/p>\n","protected":false},"featured_media":26173,"comment_status":"closed","ping_status":"closed","template":"","meta":[],"product_brand":[],"product_cat":[410,428,412],"product_tag":[],"class_list":{"0":"post-26170","1":"product","2":"type-product","3":"status-publish","4":"has-post-thumbnail","6":"product_cat-fasta-propellrar","7":"product_cat-begagnade-batdelar","8":"product_cat-drev-och-drivlina","10":"first","11":"instock","12":"taxable","13":"shipping-taxable","14":"purchasable","15":"product-type-simple"},"_links":{"self":[{"href":"https:\/\/wasayachts.com\/en\/wp-json\/wp\/v2\/product\/26170","targetHints":{"allow":["GET"]}}],"collection":[{"href":"https:\/\/wasayachts.com\/en\/wp-json\/wp\/v2\/product"}],"about":[{"href":"https:\/\/wasayachts.com\/en\/wp-json\/wp\/v2\/types\/product"}],"replies":[{"embeddable":true,"href":"https:\/\/wasayachts.com\/en\/wp-json\/wp\/v2\/comments?post=26170"}],"wp:featuredmedia":[{"embeddable":true,"href":"https:\/\/wasayachts.com\/en\/wp-json\/wp\/v2\/media\/26173"}],"wp:attachment":[{"href":"https:\/\/wasayachts.com\/en\/wp-json\/wp\/v2\/media?parent=26170"}],"wp:term":[{"taxonomy":"product_brand","embeddable":true,"href":"https:\/\/wasayachts.com\/en\/wp-json\/wp\/v2\/product_brand?post=26170"},{"taxonomy":"product_cat","embeddable":true,"href":"https:\/\/wasayachts.com\/en\/wp-json\/wp\/v2\/product_cat?post=26170"},{"taxonomy":"product_tag","embeddable":true,"href":"https:\/\/wasayachts.com\/en\/wp-json\/wp\/v2\/product_tag?post=26170"}],"curies":[{"name":"wp","href":"https:\/\/api.w.org\/{rel}","templated":true}]}}